{"id":831,"date":"2018-07-11T10:31:25","date_gmt":"2018-07-11T10:31:25","guid":{"rendered":"http:\/\/dunedinkindy.lemonuat.com\/?page_id=831"},"modified":"2024-11-20T13:46:20","modified_gmt":"2024-11-20T00:46:20","slug":"what-we-offer","status":"publish","type":"page","link":"https:\/\/dunedinkindergartens.org.nz\/tr\/what-we-offer\/","title":{"rendered":"Ne Sunuyoruz"},"content":{"rendered":"<p><div class=\"fusion-fullwidth fullwidth-box fusion-builder-row-1 has-pattern-background has-mask-background nonhundred-percent-fullwidth non-hundred-percent-height-scrolling\" style=\"background-color: rgba(255,255,255,0);background-position: left top;background-repeat: no-repeat;padding-top:40px;padding-right:0px;padding-bottom:75px;padding-left:0px;margin-bottom: 0px;margin-top: 0px;border-width: 0px 0px 0px 0px;border-color:#eae9e9;border-style:solid;\" ><div class=\"fusion-builder-row fusion-row\"><div class=\"fusion-layout-column fusion_builder_column fusion-builder-column-0 fusion_builder_column_1_1 1_1 fusion-one-full fusion-column-first fusion-column-last\" style=\"margin-top:0px;margin-bottom:0px;\"><div class=\"fusion-column-wrapper fusion-flex-column-wrapper-legacy\" style=\"background-position:left top;background-repeat:no-repeat;-webkit-background-size:cover;-moz-background-size:cover;-o-background-size:cover;background-size:cover;padding: 0px 20px 0px 20px;\"><div class=\"fusion-text fusion-text-1 fusion-text-no-margin\" style=\"margin-bottom:20px;\"><h2>\u00c7ocu\u011funuz anaokulunda \u015funlar\u0131 deneyimleyecektir:<\/h2>\n<\/div><div class=\"fusion-builder-row fusion-builder-row-inner fusion-row\"><div class=\"fusion-layout-column fusion_builder_column_inner fusion-builder-nested-column-0 fusion_builder_column_inner_1_2 1_2 fusion-one-half fusion-column-first\" style=\"width:50%;width:calc(50% - ( ( 4% ) * 0.5 ) );margin-right: 4%;margin-top:0px;margin-bottom:0px;\"><div class=\"fusion-column-wrapper fusion-flex-column-wrapper-legacy\" style=\"background-position:left top;background-repeat:no-repeat;-webkit-background-size:cover;-moz-background-size:cover;-o-background-size:cover;background-size:cover;padding: 0px 0px 0px 0px;\"><div class=\"fusion-text fusion-text-2\"><h3>Ya\u015fam Boyu \u00d6\u011frenme<\/h3>\n<p>\u00d6\u011frenme anaokulunda do\u011fal olarak ger\u00e7ekle\u015fir. \u00c7ocuklar ba\u015fkalar\u0131yla anlaml\u0131 \u015fekillerde etkile\u015fim kurarak \u00f6\u011frenirler ve bu da onlar\u0131n d\u00fcnyalar\u0131n\u0131 anlamland\u0131rmalar\u0131na yard\u0131mc\u0131 olur. \u00c7ocuklar hayal g\u00fcc\u00fc, yarat\u0131c\u0131l\u0131k ve becerilerini uygulama \u00f6zg\u00fcrl\u00fc\u011f\u00fcne sahiptir. \u00c7ocuklar bir grubun par\u00e7as\u0131 olmay\u0131 ve sosyal olarak yetkin olmay\u0131 \u00f6\u011frenirler.<\/p>\n<h3>M\u00fckemmel \u0130\u00e7 Mekan Kaynaklar\u0131<\/h3>\n<p>Anaokullar\u0131m\u0131z \u00e7ocuklar ve \u00f6\u011fretmenler i\u00e7in ara\u00e7 ve gere\u00e7ler sa\u011flamak i\u00e7in iyi kaynaklara sahiptir. Tipik bir anaokulunda boya f\u0131r\u00e7alar\u0131ndan dijital kameralara, kitaplardan diz\u00fcst\u00fc bilgisayarlara, davullardan iPod&#039;lara ve b\u00fcy\u00fcte\u00e7lerden dijital mavi mikroskoplara kadar her \u015fey bulunur. \u00c7ocu\u011funuz anaokulunda iyi bir \u015fekilde sa\u011flan\u0131r.<\/p>\n<h3>Heyecan Verici A\u00e7\u0131k Hava Ortamlar\u0131<\/h3>\n<p>\u00c7ocuklar i\u00e7in a\u00e7\u0131k havay\u0131 \u00f6nemli bir \u00f6\u011frenme alan\u0131 olarak de\u011ferlendiriyoruz. Her anaokulu kum havuzlar\u0131, sal\u0131ncaklar, kayd\u0131raklar, su oyunlar\u0131, bah\u00e7e i\u015fleri, marangozluk ve daha fazlas\u0131 gibi \u00e7e\u015fitli deneyimler sunar. \u00c7ocuklar ke\u015fiflerinde zorlan\u0131r ve desteklenir. Anaokullar\u0131m\u0131zdan be\u015fi, en b\u00fcy\u00fck \u00e7ocuklar\u0131yla do\u011fayla ger\u00e7ekten ba\u011f kurmak i\u00e7in d\u00fczenli olarak okul d\u0131\u015f\u0131 yerlere geziler d\u00fczenler.<\/p>\n<h3>Aile Kat\u0131l\u0131m\u0131<\/h3>\n<p>\u00c7ocu\u011funuzu anaokuluna kaydettirdi\u011finizde, aileniz \u00e7ocuklar\u0131n\u0131z i\u00e7in en iyi okul \u00f6ncesi e\u011fitimi sa\u011flama ortak oda\u011f\u0131na sahip, destekleyici ve ba\u011flant\u0131l\u0131 bir ebeveyn toplulu\u011funun par\u00e7as\u0131 haline gelir. Bu, yeni arkada\u015fl\u0131klar kurmak ve zaman\u0131n\u0131z veya e\u011filiminiz ne olursa olsun anaokulu hayat\u0131na dahil olmak i\u00e7in bir yerdir. Anaokullar\u0131m\u0131zda ailelerin kat\u0131l\u0131m\u0131n\u0131 memnuniyetle kar\u015f\u0131l\u0131yoruz.<\/p>\n<\/div><div class=\"fusion-clearfix\"><\/div><\/div><\/div><div class=\"fusion-layout-column fusion_builder_column_inner fusion-builder-nested-column-1 fusion_builder_column_inner_1_2 1_2 fusion-one-half fusion-column-last\" style=\"width:50%;width:calc(50% - ( ( 4% ) * 0.5 ) );margin-top:0px;margin-bottom:0px;\"><div class=\"fusion-column-wrapper fusion-flex-column-wrapper-legacy\" style=\"background-position:left top;background-repeat:no-repeat;-webkit-background-size:cover;-moz-background-size:cover;-o-background-size:cover;background-size:cover;padding: 0px 0px 0px 0px;\"><div class=\"fusion-text fusion-text-3\"><h3>Topluluk Odakl\u0131 Programlar<\/h3>\n<p>Dunedin Anaokullar\u0131, Dunedin b\u00f6lgesinin banliy\u00f6lerinde kas\u0131tl\u0131 olarak konumland\u0131r\u0131lm\u0131\u015ft\u0131r. Bu, ailelerin kendi mahallelerindeki anaokuluna eri\u015fmelerini ve di\u011fer aileler ve yak\u0131ndaki okullarla arkada\u015fl\u0131klar ve ba\u011flar kurmalar\u0131n\u0131 sa\u011flar. \u00c7ocuklara, geziler, y\u00fcr\u00fcy\u00fc\u015fler ve topluluktaki \u00e7e\u015fitli insanlar\u0131n ziyaretleri arac\u0131l\u0131\u011f\u0131yla daha geni\u015f toplulukla ba\u011flant\u0131 kurma f\u0131rsatlar\u0131 verilir.<\/p>\n<h3>100% Nitelikli \u00d6\u011fretmenler<\/h3>\n<p>\u00c7ocuklar 100% sertifikal\u0131 \u00f6\u011fretmenlerden daha az\u0131n\u0131 hak etmiyor!<br \/>\nDunedin Anaokullar\u0131nda kalite i\u00e7in \u00f6l\u00e7\u00fct\u00fcm\u00fcz budur. \u00d6\u011fretmenlerimizin Yeni Zelanda \u00d6\u011fretmenler Konseyi arac\u0131l\u0131\u011f\u0131yla kay\u0131tl\u0131 olmas\u0131 ve &#039;Anaokulu \u00d6\u011fretmenleri i\u00e7in Mesleki Standartlar&#039;a uymas\u0131yla y\u00fcksek d\u00fczeyde mesleki hesap verebilirli\u011fimiz vard\u0131r.<br \/>\nDunedin Anaokullar\u0131, h\u00fck\u00fcmetin kaliteli erken \u00e7ocukluk e\u011fitiminin faydalar\u0131n\u0131 kabul etmesi i\u00e7in ba\u015flat\u0131lan GreatStart 100% kampanyas\u0131n\u0131 destekliyor.<\/p>\n<h3>Paran\u0131z\u0131n Kar\u015f\u0131l\u0131\u011f\u0131n\u0131 Alabilece\u011finiz Harika Bir De\u011fer<\/h3>\n<p>Anaokullar\u0131m\u0131za gitmek \u00e7ok uygundur. T\u00fcm anaokullar\u0131m\u0131z \u00e7ocu\u011funuz i\u00e7in 20 saate kadar \u00fccretsiz erken \u00e7ocukluk e\u011fitimi sunar ve \u00fccretlerimiz olduk\u00e7a rekabet\u00e7idir.<br \/>\n20 saatlik \u00fccretsiz haklar\u0131n\u0131n tamam\u0131n\u0131 bizden alan t\u00fcm 3, 4 ve 5 ya\u015f\u0131ndaki \u00e7ocuklardan ek saatler i\u00e7in \u00fccret al\u0131nmayacakt\u0131r. Anaokulunda 30 saate kadar e\u011fitim alabilir ve hi\u00e7bir \u015fey \u00f6demezsiniz.<\/p>\n<h3>\u00c7ocuk Koruma<\/h3>\n<p>Dunedin Anaokullar\u0131, anaokullar\u0131m\u0131za devam eden t\u00fcm \u00e7ocuklar\u0131n g\u00fcvenli\u011fini sa\u011flamaya kendini adam\u0131\u015ft\u0131r. <span style=\"text-decoration: underline;\"><a href=\"https:\/\/dunedinkindergartens.org.nz\/wp-content\/uploads\/2024\/05\/Child-Protection-policy-2023.pdf\">buraya t\u0131klay\u0131n<\/a><\/span> \u00c7ocuk Koruma Politikam\u0131z\u0131 g\u00f6r\u00fcnt\u00fclemek i\u00e7in.<\/p>\n<\/div><div class=\"fusion-clearfix\"><\/div><\/div><\/div><\/div><div class=\"fusion-sep-clear\"><\/div><div class=\"fusion-separator fusion-full-width-sep\" style=\"margin-left: auto;margin-right: auto;margin-top:10px;width:100%;\"><\/div><div class=\"fusion-sep-clear\"><\/div><div class=\"fusion-clearfix\"><\/div><\/div><\/div><\/div><\/div><div class=\"fusion-bg-parallax\" data-bg-align=\"right center\" data-direction=\"up\" data-mute=\"false\" data-opacity=\"100\" data-velocity=\"-0.2\" data-mobile-enabled=\"false\" data-break_parents=\"0\" data-bg-image=\"https:\/\/www.dunedinkindergartens.org.nz\/wp-content\/uploads\/2018\/07\/polyfest.jpg\" data-bg-repeat=\"false\" ><\/div><div class=\"fusion-fullwidth fullwidth-box fusion-builder-row-2 fusion-parallax-up nonhundred-percent-fullwidth non-hundred-percent-height-scrolling\" style=\"background-color: rgba(255,255,255,0);background-image: url(&quot;https:\/\/www.dunedinkindergartens.org.nz\/wp-content\/uploads\/2018\/07\/polyfest.jpg&quot;);background-position: right center;background-repeat: no-repeat;padding-top:200px;padding-right:0px;padding-bottom:200px;padding-left:0px;margin-bottom: 0px;margin-top: 0px;border-width: 0px 0px 0px 0px;border-color:#eae9e9;border-style:solid;-webkit-background-size:cover;-moz-background-size:cover;-o-background-size:cover;background-size:cover;\" ><div class=\"fusion-builder-row fusion-row\"><div class=\"fusion-layout-column fusion_builder_column fusion-builder-column-1 fusion_builder_column_1_1 1_1 fusion-one-full fusion-column-first fusion-column-last\" style=\"margin-top:0px;margin-bottom:0px;\"><div class=\"fusion-column-wrapper fusion-flex-column-wrapper-legacy\" style=\"background-position:left top;background-repeat:no-repeat;-webkit-background-size:cover;-moz-background-size:cover;-o-background-size:cover;background-size:cover;padding: 0px 0px 0px 0px;\"><div class=\"fusion-clearfix\"><\/div><\/div><\/div><\/div><\/div><\/p>","protected":false},"excerpt":{"rendered":"","protected":false},"author":1,"featured_media":0,"parent":0,"menu_order":0,"comment_status":"closed","ping_status":"closed","template":"100-width.php","meta":{"footnotes":""},"class_list":["post-831","page","type-page","status-publish","hentry"],"yoast_head":"<!-- This site is optimized with the Yoast SEO plugin v27.2 - https:\/\/yoast.com\/product\/yoast-seo-wordpress\/ -->\n<title>What We Offer - Dunedin Kindergartens<\/title>\n<meta name=\"robots\" content=\"index, follow, max-snippet:-1, max-image-preview:large, max-video-preview:-1\" \/>\n<link rel=\"canonical\" href=\"https:\/\/dunedinkindergartens.org.nz\/tr\/what-we-offer\/\" \/>\n<meta property=\"og:locale\" content=\"tr_TR\" \/>\n<meta property=\"og:type\" content=\"article\" \/>\n<meta property=\"og:title\" content=\"What We Offer - Dunedin Kindergartens\" \/>\n<meta property=\"og:url\" content=\"https:\/\/dunedinkindergartens.org.nz\/tr\/what-we-offer\/\" \/>\n<meta property=\"og:site_name\" content=\"Dunedin Kindergartens\" \/>\n<meta property=\"article:modified_time\" content=\"2024-11-20T00:46:20+00:00\" \/>\n<meta name=\"twitter:card\" content=\"summary_large_image\" \/>\n<meta name=\"twitter:label1\" content=\"Tahmini okuma s\u00fcresi\" \/>\n\t<meta name=\"twitter:data1\" content=\"5 dakika\" \/>\n<script type=\"application\/ld+json\" class=\"yoast-schema-graph\">{\"@context\":\"https:\/\/schema.org\",\"@graph\":[{\"@type\":\"WebPage\",\"@id\":\"https:\/\/dunedinkindergartens.org.nz\/what-we-offer\/\",\"url\":\"https:\/\/dunedinkindergartens.org.nz\/what-we-offer\/\",\"name\":\"What We Offer - Dunedin Kindergartens\",\"isPartOf\":{\"@id\":\"https:\/\/dunedinkindergartens.org.nz\/#website\"},\"datePublished\":\"2018-07-11T10:31:25+00:00\",\"dateModified\":\"2024-11-20T00:46:20+00:00\",\"breadcrumb\":{\"@id\":\"https:\/\/dunedinkindergartens.org.nz\/what-we-offer\/#breadcrumb\"},\"inLanguage\":\"tr\",\"potentialAction\":[{\"@type\":\"ReadAction\",\"target\":[\"https:\/\/dunedinkindergartens.org.nz\/what-we-offer\/\"]}]},{\"@type\":\"BreadcrumbList\",\"@id\":\"https:\/\/dunedinkindergartens.org.nz\/what-we-offer\/#breadcrumb\",\"itemListElement\":[{\"@type\":\"ListItem\",\"position\":1,\"name\":\"Home\",\"item\":\"https:\/\/dunedinkindergartens.org.nz\/\"},{\"@type\":\"ListItem\",\"position\":2,\"name\":\"What We Offer\"}]},{\"@type\":\"WebSite\",\"@id\":\"https:\/\/dunedinkindergartens.org.nz\/#website\",\"url\":\"https:\/\/dunedinkindergartens.org.nz\/\",\"name\":\"Dunedin Kindergartens\",\"description\":\"Top quality, affordable early childhood education for children 2 \u2013 5 years old.\",\"potentialAction\":[{\"@type\":\"SearchAction\",\"target\":{\"@type\":\"EntryPoint\",\"urlTemplate\":\"https:\/\/dunedinkindergartens.org.nz\/?s={search_term_string}\"},\"query-input\":{\"@type\":\"PropertyValueSpecification\",\"valueRequired\":true,\"valueName\":\"search_term_string\"}}],\"inLanguage\":\"tr\"}]}<\/script>\n<!-- \/ Yoast SEO plugin. -->","yoast_head_json":{"title":"What We Offer - Dunedin Kindergartens","robots":{"index":"index","follow":"follow","max-snippet":"max-snippet:-1","max-image-preview":"max-image-preview:large","max-video-preview":"max-video-preview:-1"},"canonical":"https:\/\/dunedinkindergartens.org.nz\/tr\/what-we-offer\/","og_locale":"tr_TR","og_type":"article","og_title":"What We Offer - Dunedin Kindergartens","og_url":"https:\/\/dunedinkindergartens.org.nz\/tr\/what-we-offer\/","og_site_name":"Dunedin Kindergartens","article_modified_time":"2024-11-20T00:46:20+00:00","twitter_card":"summary_large_image","twitter_misc":{"Tahmini okuma s\u00fcresi":"5 dakika"},"schema":{"@context":"https:\/\/schema.org","@graph":[{"@type":"WebPage","@id":"https:\/\/dunedinkindergartens.org.nz\/what-we-offer\/","url":"https:\/\/dunedinkindergartens.org.nz\/what-we-offer\/","name":"What We Offer - Dunedin Kindergartens","isPartOf":{"@id":"https:\/\/dunedinkindergartens.org.nz\/#website"},"datePublished":"2018-07-11T10:31:25+00:00","dateModified":"2024-11-20T00:46:20+00:00","breadcrumb":{"@id":"https:\/\/dunedinkindergartens.org.nz\/what-we-offer\/#breadcrumb"},"inLanguage":"tr","potentialAction":[{"@type":"ReadAction","target":["https:\/\/dunedinkindergartens.org.nz\/what-we-offer\/"]}]},{"@type":"BreadcrumbList","@id":"https:\/\/dunedinkindergartens.org.nz\/what-we-offer\/#breadcrumb","itemListElement":[{"@type":"ListItem","position":1,"name":"Home","item":"https:\/\/dunedinkindergartens.org.nz\/"},{"@type":"ListItem","position":2,"name":"What We Offer"}]},{"@type":"WebSite","@id":"https:\/\/dunedinkindergartens.org.nz\/#website","url":"https:\/\/dunedinkindergartens.org.nz\/","name":"Dunedin Anaokullar\u0131","description":"2-5 ya\u015f aras\u0131 \u00e7ocuklar i\u00e7in en kaliteli, uygun fiyatl\u0131 erken \u00e7ocukluk e\u011fitimi.","potentialAction":[{"@type":"SearchAction","target":{"@type":"EntryPoint","urlTemplate":"https:\/\/dunedinkindergartens.org.nz\/?s={search_term_string}"},"query-input":{"@type":"PropertyValueSpecification","valueRequired":true,"valueName":"search_term_string"}}],"inLanguage":"tr"}]}},"_links":{"self":[{"href":"https:\/\/dunedinkindergartens.org.nz\/tr\/wp-json\/wp\/v2\/pages\/831","targetHints":{"allow":["GET"]}}],"collection":[{"href":"https:\/\/dunedinkindergartens.org.nz\/tr\/wp-json\/wp\/v2\/pages"}],"about":[{"href":"https:\/\/dunedinkindergartens.org.nz\/tr\/wp-json\/wp\/v2\/types\/page"}],"author":[{"embeddable":true,"href":"https:\/\/dunedinkindergartens.org.nz\/tr\/wp-json\/wp\/v2\/users\/1"}],"replies":[{"embeddable":true,"href":"https:\/\/dunedinkindergartens.org.nz\/tr\/wp-json\/wp\/v2\/comments?post=831"}],"version-history":[{"count":31,"href":"https:\/\/dunedinkindergartens.org.nz\/tr\/wp-json\/wp\/v2\/pages\/831\/revisions"}],"predecessor-version":[{"id":2789,"href":"https:\/\/dunedinkindergartens.org.nz\/tr\/wp-json\/wp\/v2\/pages\/831\/revisions\/2789"}],"wp:attachment":[{"href":"https:\/\/dunedinkindergartens.org.nz\/tr\/wp-json\/wp\/v2\/media?parent=831"}],"curies":[{"name":"wp","href":"https:\/\/api.w.org\/{rel}","templated":true}]}}