{"id":1730,"date":"2019-10-18T09:43:06","date_gmt":"2019-10-17T20:43:06","guid":{"rendered":"https:\/\/www.dunedinkindergartens.org.nz\/?page_id=1730"},"modified":"2026-01-16T10:12:49","modified_gmt":"2026-01-15T21:12:49","slug":"current_vacancies_br_fte","status":"publish","type":"page","link":"https:\/\/dunedinkindergartens.org.nz\/tr\/careers-2\/current_vacancies_br_fte\/","title":{"rendered":"Current Vacancies &#8211; Teacher &#8211; Brockville 1fte"},"content":{"rendered":"<p><div class=\"fusion-fullwidth fullwidth-box fusion-builder-row-1 has-pattern-background has-mask-background fusion-parallax-none nonhundred-percent-fullwidth non-hundred-percent-height-scrolling\" style=\"background-color: rgba(255,255,255,0);background-image: url(&quot;https:\/\/dunedinkindergartens.org.nz\/wp-content\/uploads\/2018\/09\/BROC1-Resize.jpg&quot;);background-position: center center;background-repeat: no-repeat;padding-top:100px;padding-right:0px;padding-bottom:200px;padding-left:0px;margin-bottom: 0px;margin-top: 0px;border-width: 0px 0px 0px 0px;border-color:#eae9e9;border-style:solid;-webkit-background-size:cover;-moz-background-size:cover;-o-background-size:cover;background-size:cover;\" ><div class=\"fusion-builder-row fusion-row\"><div class=\"fusion-layout-column fusion_builder_column fusion-builder-column-0 fusion_builder_column_1_1 1_1 fusion-one-full fusion-column-first fusion-column-last\" style=\"margin-top:0px;margin-bottom:0px;\"><div class=\"fusion-column-wrapper fusion-flex-column-wrapper-legacy\" style=\"background-position:left top;background-repeat:no-repeat;-webkit-background-size:cover;-moz-background-size:cover;-o-background-size:cover;background-size:cover;padding: 0px 20px 0px 20px;\"><div class=\"fusion-clearfix\"><\/div><\/div><\/div><\/div><\/div><div class=\"fusion-fullwidth fullwidth-box fusion-builder-row-2 nonhundred-percent-fullwidth non-hundred-percent-height-scrolling\" style=\"background-color: rgba(255,255,255,0);background-position: center center;background-repeat: no-repeat;padding-top:0px;padding-right:0px;padding-bottom:0px;padding-left:0px;margin-bottom: 0px;margin-top: 0px;border-width: 0px 0px 0px 0px;border-color:#eae9e9;border-style:solid;\" ><div class=\"fusion-builder-row fusion-row\"><div class=\"fusion-layout-column fusion_builder_column fusion-builder-column-1 fusion_builder_column_1_1 1_1 fusion-one-full fusion-column-first fusion-column-last\" style=\"margin-top:0px;margin-bottom:0px;\"><div class=\"fusion-column-wrapper fusion-flex-column-wrapper-legacy\" style=\"background-position:left top;background-repeat:no-repeat;-webkit-background-size:cover;-moz-background-size:cover;-o-background-size:cover;background-size:cover;padding: 0px 20px 0px 20px;\"><div class=\"fusion-text fusion-text-1\"><h1 style=\"text-align: center;\">G\u00dcNCEL BO\u015e POZ\u0130SYONLAR<\/h1>\n<\/div><div class=\"fusion-clearfix\"><\/div><\/div><\/div><\/div><\/div><div class=\"fusion-fullwidth fullwidth-box fusion-builder-row-3 nonhundred-percent-fullwidth non-hundred-percent-height-scrolling\" style=\"background-color: #f4f4f7;background-position: center center;background-repeat: no-repeat;padding-top:0px;padding-right:0px;padding-bottom:0px;padding-left:0px;margin-bottom: 0px;margin-top: 0px;border-width: 0px 0px 0px 0px;border-color:#eae9e9;border-style:solid;\" ><div class=\"fusion-builder-row fusion-row\"><div class=\"fusion-layout-column fusion_builder_column fusion-builder-column-2 fusion_builder_column_1_1 1_1 fusion-one-full fusion-column-first fusion-column-last\" style=\"margin-top:0px;margin-bottom:0px;\"><div class=\"fusion-column-wrapper fusion-flex-column-wrapper-legacy\" style=\"background-position:left top;background-repeat:no-repeat;-webkit-background-size:cover;-moz-background-size:cover;-o-background-size:cover;background-size:cover;padding: 0px 0px 0px 0px;\"><div class=\"fusion-text fusion-text-2\"><h1 style=\"text-align: center;\">Brockville Kindergarten 1fte<\/h1>\n<\/div><div class=\"fusion-clearfix\"><\/div><\/div><\/div><\/div><\/div><div class=\"fusion-fullwidth fullwidth-box fusion-builder-row-4 nonhundred-percent-fullwidth non-hundred-percent-height-scrolling\" style=\"background-color: #f4f4f7;background-position: center center;background-repeat: no-repeat;padding-top:0px;padding-right:0px;padding-bottom:0px;padding-left:0px;margin-bottom: 0px;margin-top: 0px;border-width: 0px 0px 0px 0px;border-color:#eae9e9;border-style:solid;\" ><div class=\"fusion-builder-row fusion-row\"><div class=\"fusion-layout-column fusion_builder_column fusion-builder-column-3 fusion_builder_column_1_1 1_1 fusion-one-full fusion-column-first fusion-column-last\" style=\"margin-top:0px;margin-bottom:0px;\"><div class=\"fusion-column-wrapper fusion-flex-column-wrapper-legacy\" style=\"background-position:left top;background-repeat:no-repeat;-webkit-background-size:cover;-moz-background-size:cover;-o-background-size:cover;background-size:cover;padding: 50px 50px 50px 50px;\"><div class=\"fusion-aligncenter\"><style>.fusion-body .fusion-button.button-1{border-radius:0px 0px 0px 0px;}<\/style><a class=\"fusion-button button-flat button-xlarge button-default button-1 fusion-button-default-span fusion-button-default-type\" target=\"_self\" href=\"https:\/\/dunedinkindergartens.org.nz\/tr\/full-application\/\"><span class=\"fusion-button-text\">Tam Ba\u015fvuru i\u00e7in buraya t\u0131klay\u0131n<\/span><\/a><\/div><div class=\"fusion-clearfix\"><\/div><\/div><\/div><\/div><\/div><div class=\"fusion-fullwidth fullwidth-box fusion-builder-row-5 hundred-percent-fullwidth non-hundred-percent-height-scrolling fusion-equal-height-columns\" style=\"background-color: rgba(255,255,255,0);background-position: left top;background-repeat: no-repeat;padding-top:0px;padding-right:0px;padding-bottom:0px;padding-left:0px;margin-bottom: 0px;margin-top: 0px;border-width: 0px 0px 0px 0px;border-color:#eae9e9;border-style:solid;\" ><div class=\"fusion-builder-row fusion-row\"><div class=\"fusion-layout-column fusion_builder_column fusion-builder-column-4 fusion_builder_column_1_3 1_3 fusion-one-third fusion-column-first\" style=\"margin-top:0px;margin-bottom:0px;\"><div class=\"fusion-column-wrapper fusion-flex-column-wrapper-legacy fusion-empty-dims-bg-image\" style=\"background-image: url(&#039;https:\/\/www.dunedinkindergartens.org.nz\/wp-content\/uploads\/2015\/03\/DK-ADMIN-1-1024x768.jpg&#039;);background-position:left top;background-repeat:no-repeat;-webkit-background-size:cover;-moz-background-size:cover;-o-background-size:cover;background-size:cover;padding: 0px 0px 0px 0px;\" data-bg-url=\"https:\/\/www.dunedinkindergartens.org.nz\/wp-content\/uploads\/2015\/03\/DK-ADMIN-1-1024x768.jpg\"><div class=\"fusion-sep-clear\"><\/div><div class=\"fusion-separator fusion-full-width-sep\" style=\"margin-left: auto;margin-right: auto;margin-top:200px;width:100%;\"><\/div><div class=\"fusion-sep-clear\"><\/div><div class=\"fusion-clearfix\"><\/div><\/div><\/div><div class=\"fusion-layout-column fusion_builder_column fusion-builder-column-5 fusion_builder_column_2_3 2_3 fusion-two-third fusion-column-last\" style=\"margin-top:0px;margin-bottom:0px;\"><div class=\"fusion-column-wrapper fusion-flex-column-wrapper-legacy\" style=\"background-position:left top;background-repeat:no-repeat;-webkit-background-size:cover;-moz-background-size:cover;-o-background-size:cover;background-size:cover;background-color:rgba(255,255,255,0);padding: 100px 14% 100px 14%;\"><div class=\"fusion-builder-row fusion-builder-row-inner fusion-row\"><div class=\"fusion-layout-column fusion_builder_column_inner fusion-builder-nested-column-0 fusion_builder_column_inner_1_1 1_1 fusion-one-full fusion-column-first fusion-column-last\" style=\"margin-top:0px;margin-bottom:0px;\"><div class=\"fusion-column-wrapper fusion-flex-column-wrapper-legacy\" style=\"background-position:left top;background-repeat:no-repeat;-webkit-background-size:cover;-moz-background-size:cover;-o-background-size:cover;background-size:cover;padding: 0px 0px 0px 0px;\"><div class=\"fusion-text fusion-text-3\"><p><strong>Anaokulu:<\/strong> Brockville (Operating with a roll of 30 children)<\/p>\n<p><strong>Konum: <\/strong>1fte \u00d6\u011fretmen \u2013 Haftada 40 saat<\/p>\n<p><strong>Mevcut \u00d6\u011fretim Ekibi:\u00a0\u00a0\u00a0\u00a0\u00a0\u00a0\u00a0\u00a0\u00a0\u00a0\u00a0\u00a0\u00a0\u00a0\u00a0\u00a0\u00a0\u00a0\u00a0\u00a0\u00a0\u00a0\u00a0\u00a0\u00a0\u00a0\u00a0\u00a0\u00a0 <\/strong><\/p>\n<p>Ba\u015f\u00f6\u011fretmen 1fte<br \/>\n\u00d6\u011fretmen 1fte x 2 (1 bo\u015f pozisyon)<br \/>\n\u00d6\u011fretmen yard\u0131mc\u0131s\u0131<\/p>\n<p><strong>Topluluk A\u00e7\u0131klamas\u0131<\/strong><\/p>\n<p>Brockville kindergarten is nestled in the heart of the community, adjacent to Brockville School in a sunny north-facing spot with great city views. It\u2019s a 10-minute drive to the city. It is a place where mokopuna and wh\u0101nau are welcomed by an experienced teaching team including a teacher aide.<\/p>\n<p>Our focus on well-being is supported by our involvement with KidsCan, which provides all the meals at kindergarten for mokopuna as well giving each mokopuna a beautiful warm jacket, shoes and warm socks.\u00a0 Mokopuna flourish in an environment with a programme reflecting social competency, sustainablity\/kaitiakitanga and daily kapa haka.<\/p>\n<p>\u00c7ocuklar anaokuluna Pazartesiden Cumaya 08.30-14.30 saatleri aras\u0131nda gidiyorlar ve anaokulu \u015fu anda yar\u0131y\u0131l tatilleri nedeniyle kapal\u0131.<\/p>\n<p><strong>Bizim Kurallar\u0131m\u0131z, Bizim Standartlar\u0131m\u0131z<\/strong><\/p>\n<p>Kod, her \u00f6\u011fretmenden beklenen etik davran\u0131\u015f i\u00e7in y\u00fcksek standartlar\u0131 belirler; Standartlar, etkili \u00f6\u011fretim uygulamalar\u0131n\u0131n beklentilerini a\u00e7\u0131klar. Dunedin Anaokullar\u0131&#039;nda kaiako olarak atand\u0131\u011f\u0131n\u0131zda, kod i\u00e7indeki de\u011ferlere her zaman uyman\u0131z ve \u00d6\u011fretmenlik Mesle\u011fi Standartlar\u0131n\u0131 kar\u015f\u0131laman\u0131z beklenir.<\/p>\n<p><strong>\u00a0<\/strong><\/p>\n<p><strong>Specific Requirements of a teacher who:<\/strong><\/p>\n<ul>\n<li>Aileler, wh\u0101nau, komite ve \u00e7ocuklar\u0131n her \u015feyin merkezinde oldu\u011fu toplulukla sayg\u0131l\u0131 ve profesyonel ortakl\u0131klar kurar.<\/li>\n<li>Ekip \u00e7al\u0131\u015fmas\u0131na yatk\u0131n, bilgi ve becerilerini payla\u015fan, istekli ve motive.<\/li>\n<li>Mizah duygusu ve tak\u0131m ruhu.<\/li>\n<li>T\u00fcm \u00f6\u011frencilerin ihtiya\u00e7 ve yeteneklerini desteklemek i\u00e7in kapsay\u0131c\u0131 uygulamalar\u0131 te\u015fvik eden, empatik ve \u015fefkatli.<\/li>\n<li>\u00d6\u011frenmeye y\u00f6nelik de\u011ferlendirme konusunda yetkindir ve i\u00e7 de\u011ferlendirmeye katk\u0131da bulunur.<\/li>\n<li>A\u00e7\u0131k havada oyun oynaman\u0131n \u00f6nemini takdir eder.<\/li>\n<li>De\u011fi\u015fimi benimser ve olumlu bir anaokulu profili olu\u015fturmaya isteklidir.<\/li>\n<\/ul>\n<\/div><div class=\"fusion-clearfix\"><\/div><\/div><\/div><\/div><div class=\"fusion-clearfix\"><\/div><\/div><\/div><div class=\"fusion-layout-column fusion_builder_column fusion-builder-column-6 fusion_builder_column_1_3 1_3 fusion-one-third fusion-column-first\" style=\"margin-top:0px;margin-bottom:0px;\"><div class=\"fusion-column-wrapper fusion-flex-column-wrapper-legacy\" style=\"background-position:left top;background-repeat:no-repeat;-webkit-background-size:cover;-moz-background-size:cover;-o-background-size:cover;background-size:cover;background-color:rgba(255,255,255,0);padding: 100px 14% 100px 14%;\"><div class=\"fusion-builder-row fusion-builder-row-inner fusion-row\"><div class=\"fusion-layout-column fusion_builder_column_inner fusion-builder-nested-column-1 fusion_builder_column_inner_1_1 1_1 fusion-one-full fusion-column-first fusion-column-last\" style=\"margin-top:0px;margin-bottom:0px;\"><div class=\"fusion-column-wrapper fusion-flex-column-wrapper-legacy\" style=\"background-position:left top;background-repeat:no-repeat;-webkit-background-size:cover;-moz-background-size:cover;-o-background-size:cover;background-size:cover;padding: 0px 0px 0px 0px;\"><div class=\"fusion-text fusion-text-4\"><h1>Pozisyon A\u00e7\u0131klamas\u0131<\/h1>\n<p>\u00d6\u011fretmen olarak aram\u0131za kat\u0131lmak i\u00e7in bilmeniz gereken her \u015feyi burada bulabilirsiniz:<\/p>\n<p><a href=\"https:\/\/www.dunedinkindergartens.org.nz\/wp-content\/uploads\/2018\/09\/Teacher-position-description.pdf\" target=\"_blank\" rel=\"noopener\"><strong>\u00d6\u011fretmen Pozisyon A\u00e7\u0131klamas\u0131<\/strong><\/a><\/p>\n<\/div><div class=\"fusion-clearfix\"><\/div><\/div><\/div><\/div><div class=\"fusion-clearfix\"><\/div><\/div><\/div><div class=\"fusion-layout-column fusion_builder_column fusion-builder-column-7 fusion_builder_column_2_3 2_3 fusion-two-third fusion-column-last\" style=\"margin-top:0px;margin-bottom:0px;\"><div class=\"fusion-column-wrapper fusion-flex-column-wrapper-legacy fusion-empty-dims-bg-image\" style=\"background-image: url(&#039;https:\/\/www.dunedinkindergartens.org.nz\/wp-content\/uploads\/2018\/09\/IMG_3806-Resize-e1537498656638.jpg&#039;);background-position:right center;background-repeat:no-repeat;-webkit-background-size:cover;-moz-background-size:cover;-o-background-size:cover;background-size:cover;padding: 0px 0px 0px 0px;\" data-bg-url=\"https:\/\/www.dunedinkindergartens.org.nz\/wp-content\/uploads\/2018\/09\/IMG_3806-Resize-e1537498656638.jpg\"><div class=\"fusion-sep-clear\"><\/div><div class=\"fusion-separator fusion-full-width-sep\" style=\"margin-left: auto;margin-right: auto;margin-top:200px;width:100%;\"><\/div><div class=\"fusion-sep-clear\"><\/div><div class=\"fusion-clearfix\"><\/div><\/div><\/div><\/div><\/div><\/p>","protected":false},"excerpt":{"rendered":"","protected":false},"author":6,"featured_media":0,"parent":742,"menu_order":0,"comment_status":"closed","ping_status":"closed","template":"100-width.php","meta":{"footnotes":""},"class_list":["post-1730","page","type-page","status-publish","hentry"],"yoast_head":"<!-- This site is optimized with the Yoast SEO plugin v27.2 - https:\/\/yoast.com\/product\/yoast-seo-wordpress\/ -->\n<title>Current Vacancies - Teacher - Brockville 1fte - Dunedin Kindergartens<\/title>\n<meta name=\"robots\" content=\"index, follow, max-snippet:-1, max-image-preview:large, max-video-preview:-1\" \/>\n<link rel=\"canonical\" href=\"https:\/\/dunedinkindergartens.org.nz\/tr\/careers-2\/current_vacancies_br_fte\/\" \/>\n<meta property=\"og:locale\" content=\"tr_TR\" \/>\n<meta property=\"og:type\" content=\"article\" \/>\n<meta property=\"og:title\" content=\"Current Vacancies - Teacher - Brockville 1fte - Dunedin Kindergartens\" \/>\n<meta property=\"og:url\" content=\"https:\/\/dunedinkindergartens.org.nz\/tr\/careers-2\/current_vacancies_br_fte\/\" \/>\n<meta property=\"og:site_name\" content=\"Dunedin Kindergartens\" \/>\n<meta property=\"article:modified_time\" content=\"2026-01-15T21:12:49+00:00\" \/>\n<meta name=\"twitter:card\" content=\"summary_large_image\" \/>\n<meta name=\"twitter:label1\" content=\"Tahmini okuma s\u00fcresi\" \/>\n\t<meta name=\"twitter:data1\" content=\"6 dakika\" \/>\n<script type=\"application\/ld+json\" class=\"yoast-schema-graph\">{\"@context\":\"https:\/\/schema.org\",\"@graph\":[{\"@type\":\"WebPage\",\"@id\":\"https:\/\/dunedinkindergartens.org.nz\/careers-2\/current_vacancies_br_fte\/\",\"url\":\"https:\/\/dunedinkindergartens.org.nz\/careers-2\/current_vacancies_br_fte\/\",\"name\":\"Current Vacancies - Teacher - Brockville 1fte - Dunedin Kindergartens\",\"isPartOf\":{\"@id\":\"https:\/\/dunedinkindergartens.org.nz\/#website\"},\"datePublished\":\"2019-10-17T20:43:06+00:00\",\"dateModified\":\"2026-01-15T21:12:49+00:00\",\"breadcrumb\":{\"@id\":\"https:\/\/dunedinkindergartens.org.nz\/careers-2\/current_vacancies_br_fte\/#breadcrumb\"},\"inLanguage\":\"tr\",\"potentialAction\":[{\"@type\":\"ReadAction\",\"target\":[\"https:\/\/dunedinkindergartens.org.nz\/careers-2\/current_vacancies_br_fte\/\"]}]},{\"@type\":\"BreadcrumbList\",\"@id\":\"https:\/\/dunedinkindergartens.org.nz\/careers-2\/current_vacancies_br_fte\/#breadcrumb\",\"itemListElement\":[{\"@type\":\"ListItem\",\"position\":1,\"name\":\"Home\",\"item\":\"https:\/\/dunedinkindergartens.org.nz\/\"},{\"@type\":\"ListItem\",\"position\":2,\"name\":\"Careers\",\"item\":\"https:\/\/dunedinkindergartens.org.nz\/careers-2\/\"},{\"@type\":\"ListItem\",\"position\":3,\"name\":\"Current Vacancies &#8211; Teacher &#8211; Brockville 1fte\"}]},{\"@type\":\"WebSite\",\"@id\":\"https:\/\/dunedinkindergartens.org.nz\/#website\",\"url\":\"https:\/\/dunedinkindergartens.org.nz\/\",\"name\":\"Dunedin Kindergartens\",\"description\":\"Top quality, affordable early childhood education for children 2 \u2013 5 years old.\",\"potentialAction\":[{\"@type\":\"SearchAction\",\"target\":{\"@type\":\"EntryPoint\",\"urlTemplate\":\"https:\/\/dunedinkindergartens.org.nz\/?s={search_term_string}\"},\"query-input\":{\"@type\":\"PropertyValueSpecification\",\"valueRequired\":true,\"valueName\":\"search_term_string\"}}],\"inLanguage\":\"tr\"}]}<\/script>\n<!-- \/ Yoast SEO plugin. -->","yoast_head_json":{"title":"Current Vacancies - Teacher - Brockville 1fte - Dunedin Kindergartens","robots":{"index":"index","follow":"follow","max-snippet":"max-snippet:-1","max-image-preview":"max-image-preview:large","max-video-preview":"max-video-preview:-1"},"canonical":"https:\/\/dunedinkindergartens.org.nz\/tr\/careers-2\/current_vacancies_br_fte\/","og_locale":"tr_TR","og_type":"article","og_title":"Current Vacancies - Teacher - Brockville 1fte - Dunedin Kindergartens","og_url":"https:\/\/dunedinkindergartens.org.nz\/tr\/careers-2\/current_vacancies_br_fte\/","og_site_name":"Dunedin Kindergartens","article_modified_time":"2026-01-15T21:12:49+00:00","twitter_card":"summary_large_image","twitter_misc":{"Tahmini okuma s\u00fcresi":"6 dakika"},"schema":{"@context":"https:\/\/schema.org","@graph":[{"@type":"WebPage","@id":"https:\/\/dunedinkindergartens.org.nz\/careers-2\/current_vacancies_br_fte\/","url":"https:\/\/dunedinkindergartens.org.nz\/careers-2\/current_vacancies_br_fte\/","name":"Current Vacancies - Teacher - Brockville 1fte - Dunedin Kindergartens","isPartOf":{"@id":"https:\/\/dunedinkindergartens.org.nz\/#website"},"datePublished":"2019-10-17T20:43:06+00:00","dateModified":"2026-01-15T21:12:49+00:00","breadcrumb":{"@id":"https:\/\/dunedinkindergartens.org.nz\/careers-2\/current_vacancies_br_fte\/#breadcrumb"},"inLanguage":"tr","potentialAction":[{"@type":"ReadAction","target":["https:\/\/dunedinkindergartens.org.nz\/careers-2\/current_vacancies_br_fte\/"]}]},{"@type":"BreadcrumbList","@id":"https:\/\/dunedinkindergartens.org.nz\/careers-2\/current_vacancies_br_fte\/#breadcrumb","itemListElement":[{"@type":"ListItem","position":1,"name":"Home","item":"https:\/\/dunedinkindergartens.org.nz\/"},{"@type":"ListItem","position":2,"name":"Careers","item":"https:\/\/dunedinkindergartens.org.nz\/careers-2\/"},{"@type":"ListItem","position":3,"name":"Current Vacancies &#8211; Teacher &#8211; Brockville 1fte"}]},{"@type":"WebSite","@id":"https:\/\/dunedinkindergartens.org.nz\/#website","url":"https:\/\/dunedinkindergartens.org.nz\/","name":"Dunedin Anaokullar\u0131","description":"2-5 ya\u015f aras\u0131 \u00e7ocuklar i\u00e7in en kaliteli, uygun fiyatl\u0131 erken \u00e7ocukluk e\u011fitimi.","potentialAction":[{"@type":"SearchAction","target":{"@type":"EntryPoint","urlTemplate":"https:\/\/dunedinkindergartens.org.nz\/?s={search_term_string}"},"query-input":{"@type":"PropertyValueSpecification","valueRequired":true,"valueName":"search_term_string"}}],"inLanguage":"tr"}]}},"_links":{"self":[{"href":"https:\/\/dunedinkindergartens.org.nz\/tr\/wp-json\/wp\/v2\/pages\/1730","targetHints":{"allow":["GET"]}}],"collection":[{"href":"https:\/\/dunedinkindergartens.org.nz\/tr\/wp-json\/wp\/v2\/pages"}],"about":[{"href":"https:\/\/dunedinkindergartens.org.nz\/tr\/wp-json\/wp\/v2\/types\/page"}],"author":[{"embeddable":true,"href":"https:\/\/dunedinkindergartens.org.nz\/tr\/wp-json\/wp\/v2\/users\/6"}],"replies":[{"embeddable":true,"href":"https:\/\/dunedinkindergartens.org.nz\/tr\/wp-json\/wp\/v2\/comments?post=1730"}],"version-history":[{"count":44,"href":"https:\/\/dunedinkindergartens.org.nz\/tr\/wp-json\/wp\/v2\/pages\/1730\/revisions"}],"predecessor-version":[{"id":3081,"href":"https:\/\/dunedinkindergartens.org.nz\/tr\/wp-json\/wp\/v2\/pages\/1730\/revisions\/3081"}],"up":[{"embeddable":true,"href":"https:\/\/dunedinkindergartens.org.nz\/tr\/wp-json\/wp\/v2\/pages\/742"}],"wp:attachment":[{"href":"https:\/\/dunedinkindergartens.org.nz\/tr\/wp-json\/wp\/v2\/media?parent=1730"}],"curies":[{"name":"wp","href":"https:\/\/api.w.org\/{rel}","templated":true}]}}