{"id":1681,"date":"2019-02-13T21:31:24","date_gmt":"2019-02-13T08:31:24","guid":{"rendered":"https:\/\/www.dunedinkindergartens.org.nz\/?page_id=1681"},"modified":"2025-02-14T09:54:55","modified_gmt":"2025-02-13T20:54:55","slug":"current_vacancies_ht","status":"publish","type":"page","link":"https:\/\/dunedinkindergartens.org.nz\/tr\/careers-2\/current_vacancies_ht\/","title":{"rendered":"Mevcut Bo\u015f Pozisyonlar \u2013 M\u00fcd\u00fcr Pozisyonlar\u0131"},"content":{"rendered":"<p><div class=\"fusion-fullwidth fullwidth-box fusion-builder-row-1 has-pattern-background has-mask-background fusion-parallax-none nonhundred-percent-fullwidth non-hundred-percent-height-scrolling\" style=\"background-color: rgba(255,255,255,0);background-image: url(&quot;https:\/\/dunedinkindergartens.org.nz\/wp-content\/uploads\/2015\/03\/DK-ADMIN-1.jpg&quot;);background-position: left center;background-repeat: no-repeat;padding-top:100px;padding-right:0px;padding-bottom:500px;padding-left:0px;margin-bottom: 0px;margin-top: 0px;border-width: 0px 0px 0px 0px;border-color:#eae9e9;border-style:solid;-webkit-background-size:cover;-moz-background-size:cover;-o-background-size:cover;background-size:cover;\" ><div class=\"fusion-builder-row fusion-row\"><div class=\"fusion-layout-column fusion_builder_column fusion-builder-column-0 fusion_builder_column_1_1 1_1 fusion-one-full fusion-column-first fusion-column-last\" style=\"margin-top:0px;margin-bottom:0px;\"><div class=\"fusion-column-wrapper fusion-flex-column-wrapper-legacy\" style=\"background-position:left top;background-repeat:no-repeat;-webkit-background-size:cover;-moz-background-size:cover;-o-background-size:cover;background-size:cover;padding: 0px 20px 0px 20px;\"><div class=\"fusion-clearfix\"><\/div><\/div><\/div><\/div><\/div><div class=\"fusion-fullwidth fullwidth-box fusion-builder-row-2 nonhundred-percent-fullwidth non-hundred-percent-height-scrolling\" style=\"background-color: rgba(255,255,255,0);background-position: center center;background-repeat: no-repeat;padding-top:0px;padding-right:0px;padding-bottom:0px;padding-left:0px;margin-bottom: 0px;margin-top: 0px;border-width: 0px 0px 0px 0px;border-color:#eae9e9;border-style:solid;\" ><div class=\"fusion-builder-row fusion-row\"><div class=\"fusion-layout-column fusion_builder_column fusion-builder-column-1 fusion_builder_column_1_1 1_1 fusion-one-full fusion-column-first fusion-column-last\" style=\"margin-top:0px;margin-bottom:0px;\"><div class=\"fusion-column-wrapper fusion-flex-column-wrapper-legacy\" style=\"background-position:left top;background-repeat:no-repeat;-webkit-background-size:cover;-moz-background-size:cover;-o-background-size:cover;background-size:cover;padding: 0px 20px 0px 20px;\"><div class=\"fusion-text fusion-text-1\"><h1 style=\"text-align: center;\">\u00dc\u00c7 M\u00dcD\u00dcR BO\u015e KADROSU<\/h1>\n<\/div><div class=\"fusion-clearfix\"><\/div><\/div><\/div><\/div><\/div><div class=\"fusion-fullwidth fullwidth-box fusion-builder-row-3 nonhundred-percent-fullwidth non-hundred-percent-height-scrolling\" style=\"background-color: #f4f4f7;background-position: center center;background-repeat: no-repeat;padding-top:0px;padding-right:0px;padding-bottom:0px;padding-left:0px;margin-bottom: 0px;margin-top: 0px;border-width: 0px 0px 0px 0px;border-color:#eae9e9;border-style:solid;\" ><div class=\"fusion-builder-row fusion-row\"><div class=\"fusion-layout-column fusion_builder_column fusion-builder-column-2 fusion_builder_column_1_1 1_1 fusion-one-full fusion-column-first fusion-column-last\" style=\"margin-top:0px;margin-bottom:0px;\"><div class=\"fusion-column-wrapper fusion-flex-column-wrapper-legacy\" style=\"background-position:left top;background-repeat:no-repeat;-webkit-background-size:cover;-moz-background-size:cover;-o-background-size:cover;background-size:cover;padding: 0px 0px 0px 0px;\"><div class=\"fusion-text fusion-text-2\"><h1 style=\"text-align: center;\">Kelsey Yaralla Anaokulu<\/h1>\n<h1 style=\"text-align: center;\">Port Chalmers Anaokulu<\/h1>\n<h1 style=\"text-align: center;\">Rachel Reynolds Anaokulu<\/h1>\n<\/div><div class=\"fusion-clearfix\"><\/div><\/div><\/div><\/div><\/div><div class=\"fusion-fullwidth fullwidth-box fusion-builder-row-4 nonhundred-percent-fullwidth non-hundred-percent-height-scrolling\" style=\"background-color: #f4f4f7;background-position: center center;background-repeat: no-repeat;padding-top:0px;padding-right:0px;padding-bottom:0px;padding-left:0px;margin-bottom: 0px;margin-top: 0px;border-width: 0px 0px 0px 0px;border-color:#eae9e9;border-style:solid;\" ><div class=\"fusion-builder-row fusion-row\"><div class=\"fusion-layout-column fusion_builder_column fusion-builder-column-3 fusion_builder_column_1_1 1_1 fusion-one-full fusion-column-first fusion-column-last\" style=\"margin-top:0px;margin-bottom:0px;\"><div class=\"fusion-column-wrapper fusion-flex-column-wrapper-legacy\" style=\"background-position:left top;background-repeat:no-repeat;-webkit-background-size:cover;-moz-background-size:cover;-o-background-size:cover;background-size:cover;padding: 50px 50px 50px 50px;\"><div class=\"fusion-aligncenter\"><style>.fusion-body .fusion-button.button-1{border-radius:0px 0px 0px 0px;}<\/style><a class=\"fusion-button button-flat button-xlarge button-default button-1 fusion-button-default-span fusion-button-default-type\" target=\"_self\" href=\"https:\/\/dunedinkindergartens.org.nz\/tr\/full-application\/\"><span class=\"fusion-button-text\">Tam Ba\u015fvuru i\u00e7in buraya t\u0131klay\u0131n<\/span><\/a><\/div><div class=\"fusion-clearfix\"><\/div><\/div><\/div><\/div><\/div><div class=\"fusion-fullwidth fullwidth-box fusion-builder-row-5 hundred-percent-fullwidth non-hundred-percent-height-scrolling fusion-equal-height-columns\" style=\"background-color: rgba(255,255,255,0);background-position: left top;background-repeat: no-repeat;padding-top:0px;padding-right:0px;padding-bottom:0px;padding-left:0px;margin-bottom: 0px;margin-top: 0px;border-width: 0px 0px 0px 0px;border-color:#eae9e9;border-style:solid;\" ><div class=\"fusion-builder-row fusion-row\"><div class=\"fusion-layout-column fusion_builder_column fusion-builder-column-4 fusion_builder_column_1_3 1_3 fusion-one-third fusion-column-first\" style=\"margin-top:0px;margin-bottom:0px;\"><div class=\"fusion-column-wrapper fusion-flex-column-wrapper-legacy fusion-empty-dims-bg-image\" style=\"background-image: url(&#039;https:\/\/www.dunedinkindergartens.org.nz\/wp-content\/uploads\/2015\/03\/DK-ADMIN-1-1024x768.jpg&#039;);background-position:left top;background-repeat:no-repeat;-webkit-background-size:cover;-moz-background-size:cover;-o-background-size:cover;background-size:cover;padding: 0px 0px 0px 0px;\" data-bg-url=\"https:\/\/www.dunedinkindergartens.org.nz\/wp-content\/uploads\/2015\/03\/DK-ADMIN-1-1024x768.jpg\"><div class=\"fusion-sep-clear\"><\/div><div class=\"fusion-separator fusion-full-width-sep\" style=\"margin-left: auto;margin-right: auto;margin-top:200px;width:100%;\"><\/div><div class=\"fusion-sep-clear\"><\/div><div class=\"fusion-clearfix\"><\/div><\/div><\/div><div class=\"fusion-layout-column fusion_builder_column fusion-builder-column-5 fusion_builder_column_2_3 2_3 fusion-two-third fusion-column-last\" style=\"margin-top:0px;margin-bottom:0px;\"><div class=\"fusion-column-wrapper fusion-flex-column-wrapper-legacy\" style=\"background-position:left top;background-repeat:no-repeat;-webkit-background-size:cover;-moz-background-size:cover;-o-background-size:cover;background-size:cover;background-color:rgba(255,255,255,0);padding: 100px 14% 100px 14%;\"><div class=\"fusion-builder-row fusion-builder-row-inner fusion-row\"><div class=\"fusion-layout-column fusion_builder_column_inner fusion-builder-nested-column-0 fusion_builder_column_inner_1_1 1_1 fusion-one-full fusion-column-first fusion-column-last\" style=\"margin-top:0px;margin-bottom:0px;\"><div class=\"fusion-column-wrapper fusion-flex-column-wrapper-legacy\" style=\"background-position:left top;background-repeat:no-repeat;-webkit-background-size:cover;-moz-background-size:cover;-o-background-size:cover;background-size:cover;padding: 0px 0px 0px 0px;\"><div class=\"fusion-text fusion-text-3\"><p><strong>Anaokullar\u0131:<\/strong><\/p>\n<p><strong>Kelsey Yaralla<\/strong> (30 \u00e7ocuktan olu\u015fan bir rulo ile \u00e7al\u0131\u015fmaktad\u0131r)<\/p>\n<p><strong>Chalmers Liman\u0131<\/strong> (30 \u00e7ocuktan olu\u015fan bir rulo ile \u00e7al\u0131\u015fmaktad\u0131r)<\/p>\n<p><strong>Rachel Reynolds<\/strong> (30 \u00e7ocuktan olu\u015fan bir rulo ile \u00e7al\u0131\u015fmaktad\u0131r)<\/p>\n<p><strong>Pozisyonlar: <\/strong>1fte Ba\u015f\u00f6\u011fretmen \u2013 haftada 40 saat<\/p>\n<h4><strong>Mevcut \u00d6\u011fretim Ekipleri:\u00a0\u00a0\u00a0 <\/strong><\/h4>\n<table style=\"height: 235px;\" width=\"1067\">\n<tbody>\n<tr>\n<td width=\"209\">\n<h4><strong>Kelsey Yaralla<\/strong><\/h4>\n<\/td>\n<td width=\"209\">\n<h4><strong>Chalmers Liman\u0131<\/strong><\/h4>\n<\/td>\n<td width=\"209\">\n<h4><strong>Rachel Reynolds<\/strong><\/h4>\n<\/td>\n<\/tr>\n<tr>\n<td width=\"209\">Ba\u015f\u00f6\u011fretmen 1fte (bo\u015f kadro)<\/p>\n<p>\u00d6\u011fretmen 1ft x 2<\/p>\n<p>\u00d6\u011fretmen 0.65fte<\/p>\n<p>\u00d6\u011fretmen yard\u0131mc\u0131s\u0131<\/td>\n<td width=\"209\">Ba\u015f\u00f6\u011fretmen 1fte (bo\u015f kadro)<\/p>\n<p>\u00d6\u011fretmen 1ft x 2<\/p>\n<p>\u00d6\u011fretmen yard\u0131mc\u0131s\u0131<\/td>\n<td width=\"209\">Ba\u015f\u00f6\u011fretmen 1fte (bo\u015f kadro)<\/p>\n<p>\u00d6\u011fretmen 1ft x 2<\/p>\n<p>\u00d6\u011fretmen yard\u0131mc\u0131s\u0131<\/td>\n<\/tr>\n<\/tbody>\n<\/table>\n<p><strong>Topluluk A\u00e7\u0131klamalar\u0131<\/strong><br \/>\n<strong>Kelsey Yaralla Anaokulu<\/strong> Owheo k\u0131y\u0131s\u0131ndaki \u00fcniversitenin kalbinde yer almaktad\u0131r. Geni\u015f \u00f6\u011frenme ortam\u0131m\u0131z dinamik ve iyi kaynaklara sahiptir, \u00e7ocuklar\u0131n ba\u011f\u0131ms\u0131z ve kendine g\u00fcvenen \u00f6\u011frenciler olmas\u0131n\u0131 destekler. G\u00fczel d\u0131\u015f mekan alan\u0131 mevsimsel manzaraya uygundur ve ger\u00e7ekten de anaokulunun anlam\u0131 olan bir \u00e7ocuk bah\u00e7esini yans\u0131t\u0131r. Kelsey Yaralla Anaokulu, \u00e7ocuklar\u0131n 08.30&#039;dan 17.00&#039;a kadar oyun yoluyla \u00f6\u011frenmeleri i\u00e7in g\u00fcvenli ve besleyici bir hizmet sa\u011flayan tam g\u00fcn t\u00fcm y\u0131l anaokuludur.<\/p>\n<p><strong>Port Chalmers Anaokulu<\/strong> Dunedin \u015fehrine on kilometre uzakl\u0131ktaki Port Chalmers liman banliy\u00f6s\u00fcnde yer almaktad\u0131r. \u00c7ocuklar bir\u00e7ok d\u0131\u015f topluluktan ayinimize kat\u0131lmaktad\u0131r. D\u00fczenli olarak ba\u011flant\u0131 kurdu\u011fumuz Port Chalmers \u0130lkokuluna y\u00fcr\u00fcme mesafesindeyiz. Topluluk bu anaokulunun merkezinde yak\u0131ndan yer almaktad\u0131r. Bir liman kasabas\u0131n\u0131n yerel k\u00fclt\u00fcrel ba\u011flam\u0131n\u0131 ve Eco Warriors program\u0131m\u0131z i\u00e7in \u00e7al\u0131\u015fma ili\u015fkimiz olan kom\u015fu Orokonui Eko Koruma Alan\u0131&#039;n\u0131 yans\u0131tan a\u00e7\u0131k hava alan\u0131m\u0131zla gurur duyuyoruz. \u00c7e\u015fitlili\u011fi benimsiyoruz. S\u00fcrd\u00fcr\u00fclebilir uygulamalar\u0131 ve de\u011ferli \u00e7evremize \u00f6zen g\u00f6stermeyi \u00f6nemsiyoruz. \u00c7ocuklar anaokuluna Pazartesi&#039;den Cuma&#039;ya 08.30 - 14.30 saatleri aras\u0131nda gidiyor ve d\u00f6nem tatillerinde a\u00e7\u0131k kal\u0131yoruz.<\/p>\n<p><strong>Rachel Reynolds anaokulu<\/strong> G\u00fcney Dunedin&#039;in kalbinde yer al\u0131r ve ailelerimiz Dunedin&#039;in d\u00f6rt bir yan\u0131ndan gelir. K\u00fclt\u00fcrel a\u00e7\u0131dan \u00e7e\u015fitli bir topluluktur ve t\u00fcm \u00f6\u011frenciler i\u00e7in kapsay\u0131c\u0131 bir yerel m\u00fcfredat sa\u011flamak amac\u0131yla di\u011fer kurumlar ve hizmetlerle ortakl\u0131k i\u00e7inde \u00e7al\u0131\u015f\u0131r\u0131z. Rachel Reynolds anaokulu, topluluk ruhuyla \u00f6v\u00fcn\u00fcr. \u00c7ocuklar anaokuluna Pazartesi&#039;den Cuma&#039;ya 08.30 - 14.30 saatleri aras\u0131nda giderler ve anaokulu \u015fu anda yar\u0131y\u0131l tatilleri i\u00e7in kapal\u0131d\u0131r.<\/p>\n<p><strong>Bizim Kurallar\u0131m\u0131z, Bizim Standartlar\u0131m\u0131z<\/strong><\/p>\n<p>Kod, her \u00f6\u011fretmenden beklenen etik davran\u0131\u015f i\u00e7in y\u00fcksek standartlar\u0131 belirler; Standartlar, etkili \u00f6\u011fretim uygulamalar\u0131n\u0131n beklentilerini a\u00e7\u0131klar. Dunedin Anaokullar\u0131&#039;nda kaiako olarak atand\u0131\u011f\u0131n\u0131zda, kod i\u00e7indeki de\u011ferlere her zaman uyman\u0131z ve \u00d6\u011fretmenlik Mesle\u011fi Standartlar\u0131n\u0131 kar\u015f\u0131laman\u0131z beklenir.<\/p>\n<p><strong>A\u015fa\u011f\u0131daki \u00f6zelliklere sahip bir okul m\u00fcd\u00fcr\u00fc i\u00e7in \u00f6zel gereklilikler:<\/strong><\/p>\n<ul>\n<li>Anaokulunun hizmet verdi\u011fi ailelerin \u00e7e\u015fitlili\u011fiyle ili\u015fki kurabilen bir liderdir<\/li>\n<\/ul>\n<ul>\n<li>Anaokulundaki t\u00fcm \u00e7ocuklar\u0131n refah\u0131 ve \u00f6\u011frenimi i\u00e7in profesyonel hesap verebilirlik ve kolektif sorumluluk modelini olu\u015fturur ve bekler; ne\u015fe ve \u00f6\u011frenmenin el ele gitmesini sa\u011flar<\/li>\n<\/ul>\n<ul>\n<li>Bir lider olarak i\u015fbirlik\u00e7i bir ortam yarat\u0131r, personel girdisini te\u015fvik eder, ba\u015fkalar\u0131n\u0131n g\u00fc\u00e7l\u00fc y\u00f6nlerini kutlar ve ekip \u00e7al\u0131\u015fmas\u0131na de\u011fer verir<\/li>\n<li>Ba\u015fkalar\u0131na de\u011fi\u015fimi ve zorluklar\u0131 co\u015fkuyla kucaklamalar\u0131 i\u00e7in ilham vererek iyimser bir bak\u0131\u015f a\u00e7\u0131s\u0131 korur<\/li>\n<\/ul>\n<ul>\n<li>Te Tiriti o Waitangi&#039;ye olan ba\u011fl\u0131l\u0131\u011f\u0131 g\u00f6sterir ve liderlik eder<\/li>\n<\/ul>\n<ul>\n<li>\u00d6\u011fretme, \u00f6\u011frenme ve i\u00e7 de\u011ferlendirme i\u00e7in etkili bir pedagojik liderdir<\/li>\n<li>S\u00fcrekli iyile\u015ftirmeyi te\u015fvik eden sistemleri, s\u00fcre\u00e7leri ve uygulamalar\u0131 uygular ve de\u011ferlendirir.<\/li>\n<li>Komiteyle\/daha geni\u015f Dunedin Anaokullar\u0131 toplulu\u011fuyla profesyonel ortakl\u0131kta olumlu ve duyarl\u0131 bir \u015fekilde \u00e7al\u0131\u015fmaya istekli olmak.<\/li>\n<\/ul>\n<ul>\n<li>Topluluk i\u00e7erisinde olumlu bir anaokulu profilini proaktif bir \u015fekilde te\u015fvik eder.<\/li>\n<\/ul>\n<\/div><div class=\"fusion-clearfix\"><\/div><\/div><\/div><\/div><div class=\"fusion-clearfix\"><\/div><\/div><\/div><div class=\"fusion-layout-column fusion_builder_column fusion-builder-column-6 fusion_builder_column_1_3 1_3 fusion-one-third fusion-column-first\" style=\"margin-top:0px;margin-bottom:0px;\"><div class=\"fusion-column-wrapper fusion-flex-column-wrapper-legacy\" style=\"background-position:left top;background-repeat:no-repeat;-webkit-background-size:cover;-moz-background-size:cover;-o-background-size:cover;background-size:cover;background-color:rgba(255,255,255,0);padding: 100px 14% 100px 14%;\"><div class=\"fusion-builder-row fusion-builder-row-inner fusion-row\"><div class=\"fusion-layout-column fusion_builder_column_inner fusion-builder-nested-column-1 fusion_builder_column_inner_1_1 1_1 fusion-one-full fusion-column-first fusion-column-last\" style=\"margin-top:0px;margin-bottom:0px;\"><div class=\"fusion-column-wrapper fusion-flex-column-wrapper-legacy\" style=\"background-position:left top;background-repeat:no-repeat;-webkit-background-size:cover;-moz-background-size:cover;-o-background-size:cover;background-size:cover;padding: 0px 0px 0px 0px;\"><div class=\"fusion-text fusion-text-4\"><h1>Pozisyon A\u00e7\u0131klamas\u0131<\/h1>\n<p>\u00d6\u011fretmen olarak aram\u0131za kat\u0131lmak i\u00e7in bilmeniz gereken her \u015feyi burada bulabilirsiniz:<\/p>\n<p><strong><a href=\"https:\/\/dunedinkindergartens.org.nz\/wp-content\/uploads\/2024\/08\/Head-Teacher-POSITION-DESCRIPTION-Aug-2024.pdf\">Ba\u015f\u00f6\u011fretmen Pozisyon A\u00e7\u0131klamas\u0131<\/a><\/strong><\/p>\n<\/div><div class=\"fusion-clearfix\"><\/div><\/div><\/div><\/div><div class=\"fusion-clearfix\"><\/div><\/div><\/div><div class=\"fusion-layout-column fusion_builder_column fusion-builder-column-7 fusion_builder_column_2_3 2_3 fusion-two-third fusion-column-last\" style=\"margin-top:0px;margin-bottom:0px;\"><div class=\"fusion-column-wrapper fusion-flex-column-wrapper-legacy fusion-empty-dims-bg-image\" style=\"background-image: url(&#039;https:\/\/www.dunedinkindergartens.org.nz\/wp-content\/uploads\/2018\/09\/IMG_3806-Resize-e1537498656638.jpg&#039;);background-position:right center;background-repeat:no-repeat;-webkit-background-size:cover;-moz-background-size:cover;-o-background-size:cover;background-size:cover;padding: 0px 0px 0px 0px;\" data-bg-url=\"https:\/\/www.dunedinkindergartens.org.nz\/wp-content\/uploads\/2018\/09\/IMG_3806-Resize-e1537498656638.jpg\"><div class=\"fusion-sep-clear\"><\/div><div class=\"fusion-separator fusion-full-width-sep\" style=\"margin-left: auto;margin-right: auto;margin-top:200px;width:100%;\"><\/div><div class=\"fusion-sep-clear\"><\/div><div class=\"fusion-clearfix\"><\/div><\/div><\/div><\/div><\/div><\/p>","protected":false},"excerpt":{"rendered":"","protected":false},"author":6,"featured_media":0,"parent":742,"menu_order":0,"comment_status":"closed","ping_status":"closed","template":"100-width.php","meta":{"footnotes":""},"class_list":["post-1681","page","type-page","status-publish","hentry"],"yoast_head":"<!-- This site is optimized with the Yoast SEO plugin v27.2 - https:\/\/yoast.com\/product\/yoast-seo-wordpress\/ -->\n<title>Current Vacancies - Head Teacher Positions - Dunedin Kindergartens<\/title>\n<meta name=\"robots\" content=\"index, follow, max-snippet:-1, max-image-preview:large, max-video-preview:-1\" \/>\n<link rel=\"canonical\" href=\"https:\/\/dunedinkindergartens.org.nz\/tr\/careers-2\/current_vacancies_ht\/\" \/>\n<meta property=\"og:locale\" content=\"tr_TR\" \/>\n<meta property=\"og:type\" content=\"article\" \/>\n<meta property=\"og:title\" content=\"Current Vacancies - Head Teacher Positions - Dunedin Kindergartens\" \/>\n<meta property=\"og:url\" content=\"https:\/\/dunedinkindergartens.org.nz\/tr\/careers-2\/current_vacancies_ht\/\" \/>\n<meta property=\"og:site_name\" content=\"Dunedin Kindergartens\" \/>\n<meta property=\"article:modified_time\" content=\"2025-02-13T20:54:55+00:00\" \/>\n<meta name=\"twitter:card\" content=\"summary_large_image\" \/>\n<meta name=\"twitter:label1\" content=\"Tahmini okuma s\u00fcresi\" \/>\n\t<meta name=\"twitter:data1\" content=\"7 dakika\" \/>\n<script type=\"application\/ld+json\" class=\"yoast-schema-graph\">{\"@context\":\"https:\/\/schema.org\",\"@graph\":[{\"@type\":\"WebPage\",\"@id\":\"https:\/\/dunedinkindergartens.org.nz\/careers-2\/current_vacancies_ht\/\",\"url\":\"https:\/\/dunedinkindergartens.org.nz\/careers-2\/current_vacancies_ht\/\",\"name\":\"Current Vacancies - Head Teacher Positions - Dunedin Kindergartens\",\"isPartOf\":{\"@id\":\"https:\/\/dunedinkindergartens.org.nz\/#website\"},\"datePublished\":\"2019-02-13T08:31:24+00:00\",\"dateModified\":\"2025-02-13T20:54:55+00:00\",\"breadcrumb\":{\"@id\":\"https:\/\/dunedinkindergartens.org.nz\/careers-2\/current_vacancies_ht\/#breadcrumb\"},\"inLanguage\":\"tr\",\"potentialAction\":[{\"@type\":\"ReadAction\",\"target\":[\"https:\/\/dunedinkindergartens.org.nz\/careers-2\/current_vacancies_ht\/\"]}]},{\"@type\":\"BreadcrumbList\",\"@id\":\"https:\/\/dunedinkindergartens.org.nz\/careers-2\/current_vacancies_ht\/#breadcrumb\",\"itemListElement\":[{\"@type\":\"ListItem\",\"position\":1,\"name\":\"Home\",\"item\":\"https:\/\/dunedinkindergartens.org.nz\/\"},{\"@type\":\"ListItem\",\"position\":2,\"name\":\"Careers\",\"item\":\"https:\/\/dunedinkindergartens.org.nz\/careers-2\/\"},{\"@type\":\"ListItem\",\"position\":3,\"name\":\"Current Vacancies &#8211; Head Teacher Positions\"}]},{\"@type\":\"WebSite\",\"@id\":\"https:\/\/dunedinkindergartens.org.nz\/#website\",\"url\":\"https:\/\/dunedinkindergartens.org.nz\/\",\"name\":\"Dunedin Kindergartens\",\"description\":\"Top quality, affordable early childhood education for children 2 \u2013 5 years old.\",\"potentialAction\":[{\"@type\":\"SearchAction\",\"target\":{\"@type\":\"EntryPoint\",\"urlTemplate\":\"https:\/\/dunedinkindergartens.org.nz\/?s={search_term_string}\"},\"query-input\":{\"@type\":\"PropertyValueSpecification\",\"valueRequired\":true,\"valueName\":\"search_term_string\"}}],\"inLanguage\":\"tr\"}]}<\/script>\n<!-- \/ Yoast SEO plugin. -->","yoast_head_json":{"title":"Current Vacancies - Head Teacher Positions - Dunedin Kindergartens","robots":{"index":"index","follow":"follow","max-snippet":"max-snippet:-1","max-image-preview":"max-image-preview:large","max-video-preview":"max-video-preview:-1"},"canonical":"https:\/\/dunedinkindergartens.org.nz\/tr\/careers-2\/current_vacancies_ht\/","og_locale":"tr_TR","og_type":"article","og_title":"Current Vacancies - Head Teacher Positions - Dunedin Kindergartens","og_url":"https:\/\/dunedinkindergartens.org.nz\/tr\/careers-2\/current_vacancies_ht\/","og_site_name":"Dunedin Kindergartens","article_modified_time":"2025-02-13T20:54:55+00:00","twitter_card":"summary_large_image","twitter_misc":{"Tahmini okuma s\u00fcresi":"7 dakika"},"schema":{"@context":"https:\/\/schema.org","@graph":[{"@type":"WebPage","@id":"https:\/\/dunedinkindergartens.org.nz\/careers-2\/current_vacancies_ht\/","url":"https:\/\/dunedinkindergartens.org.nz\/careers-2\/current_vacancies_ht\/","name":"Current Vacancies - Head Teacher Positions - Dunedin Kindergartens","isPartOf":{"@id":"https:\/\/dunedinkindergartens.org.nz\/#website"},"datePublished":"2019-02-13T08:31:24+00:00","dateModified":"2025-02-13T20:54:55+00:00","breadcrumb":{"@id":"https:\/\/dunedinkindergartens.org.nz\/careers-2\/current_vacancies_ht\/#breadcrumb"},"inLanguage":"tr","potentialAction":[{"@type":"ReadAction","target":["https:\/\/dunedinkindergartens.org.nz\/careers-2\/current_vacancies_ht\/"]}]},{"@type":"BreadcrumbList","@id":"https:\/\/dunedinkindergartens.org.nz\/careers-2\/current_vacancies_ht\/#breadcrumb","itemListElement":[{"@type":"ListItem","position":1,"name":"Home","item":"https:\/\/dunedinkindergartens.org.nz\/"},{"@type":"ListItem","position":2,"name":"Careers","item":"https:\/\/dunedinkindergartens.org.nz\/careers-2\/"},{"@type":"ListItem","position":3,"name":"Current Vacancies &#8211; Head Teacher Positions"}]},{"@type":"WebSite","@id":"https:\/\/dunedinkindergartens.org.nz\/#website","url":"https:\/\/dunedinkindergartens.org.nz\/","name":"Dunedin Anaokullar\u0131","description":"2-5 ya\u015f aras\u0131 \u00e7ocuklar i\u00e7in en kaliteli, uygun fiyatl\u0131 erken \u00e7ocukluk e\u011fitimi.","potentialAction":[{"@type":"SearchAction","target":{"@type":"EntryPoint","urlTemplate":"https:\/\/dunedinkindergartens.org.nz\/?s={search_term_string}"},"query-input":{"@type":"PropertyValueSpecification","valueRequired":true,"valueName":"search_term_string"}}],"inLanguage":"tr"}]}},"_links":{"self":[{"href":"https:\/\/dunedinkindergartens.org.nz\/tr\/wp-json\/wp\/v2\/pages\/1681","targetHints":{"allow":["GET"]}}],"collection":[{"href":"https:\/\/dunedinkindergartens.org.nz\/tr\/wp-json\/wp\/v2\/pages"}],"about":[{"href":"https:\/\/dunedinkindergartens.org.nz\/tr\/wp-json\/wp\/v2\/types\/page"}],"author":[{"embeddable":true,"href":"https:\/\/dunedinkindergartens.org.nz\/tr\/wp-json\/wp\/v2\/users\/6"}],"replies":[{"embeddable":true,"href":"https:\/\/dunedinkindergartens.org.nz\/tr\/wp-json\/wp\/v2\/comments?post=1681"}],"version-history":[{"count":45,"href":"https:\/\/dunedinkindergartens.org.nz\/tr\/wp-json\/wp\/v2\/pages\/1681\/revisions"}],"predecessor-version":[{"id":2664,"href":"https:\/\/dunedinkindergartens.org.nz\/tr\/wp-json\/wp\/v2\/pages\/1681\/revisions\/2664"}],"up":[{"embeddable":true,"href":"https:\/\/dunedinkindergartens.org.nz\/tr\/wp-json\/wp\/v2\/pages\/742"}],"wp:attachment":[{"href":"https:\/\/dunedinkindergartens.org.nz\/tr\/wp-json\/wp\/v2\/media?parent=1681"}],"curies":[{"name":"wp","href":"https:\/\/api.w.org\/{rel}","templated":true}]}}