{"id":831,"date":"2018-07-11T10:31:25","date_gmt":"2018-07-11T10:31:25","guid":{"rendered":"http:\/\/dunedinkindy.lemonuat.com\/?page_id=831"},"modified":"2024-11-20T13:46:20","modified_gmt":"2024-11-20T00:46:20","slug":"what-we-offer","status":"publish","type":"page","link":"https:\/\/dunedinkindergartens.org.nz\/pl\/what-we-offer\/","title":{"rendered":"Co oferujemy"},"content":{"rendered":"<p><div class=\"fusion-fullwidth fullwidth-box fusion-builder-row-1 has-pattern-background has-mask-background nonhundred-percent-fullwidth non-hundred-percent-height-scrolling\" style=\"background-color: rgba(255,255,255,0);background-position: left top;background-repeat: no-repeat;padding-top:40px;padding-right:0px;padding-bottom:75px;padding-left:0px;margin-bottom: 0px;margin-top: 0px;border-width: 0px 0px 0px 0px;border-color:#eae9e9;border-style:solid;\" ><div class=\"fusion-builder-row fusion-row\"><div class=\"fusion-layout-column fusion_builder_column fusion-builder-column-0 fusion_builder_column_1_1 1_1 fusion-one-full fusion-column-first fusion-column-last\" style=\"margin-top:0px;margin-bottom:0px;\"><div class=\"fusion-column-wrapper fusion-flex-column-wrapper-legacy\" style=\"background-position:left top;background-repeat:no-repeat;-webkit-background-size:cover;-moz-background-size:cover;-o-background-size:cover;background-size:cover;padding: 0px 20px 0px 20px;\"><div class=\"fusion-text fusion-text-1 fusion-text-no-margin\" style=\"margin-bottom:20px;\"><h2>W przedszkolu Twoje dziecko do\u015bwiadczy:<\/h2>\n<\/div><div class=\"fusion-builder-row fusion-builder-row-inner fusion-row\"><div class=\"fusion-layout-column fusion_builder_column_inner fusion-builder-nested-column-0 fusion_builder_column_inner_1_2 1_2 fusion-one-half fusion-column-first\" style=\"width:50%;width:calc(50% - ( ( 4% ) * 0.5 ) );margin-right: 4%;margin-top:0px;margin-bottom:0px;\"><div class=\"fusion-column-wrapper fusion-flex-column-wrapper-legacy\" style=\"background-position:left top;background-repeat:no-repeat;-webkit-background-size:cover;-moz-background-size:cover;-o-background-size:cover;background-size:cover;padding: 0px 0px 0px 0px;\"><div class=\"fusion-text fusion-text-2\"><h3>Nauka przez ca\u0142e \u017cycie<\/h3>\n<p>Nauka w przedszkolu odbywa si\u0119 w spos\u00f3b naturalny. Dzieci ucz\u0105 si\u0119 poprzez interakcje z innymi w znacz\u0105cy spos\u00f3b, pomagaj\u0105c im zrozumie\u0107 ich \u015bwiat. Dzieci maj\u0105 swobod\u0119 wykazania si\u0119 wyobra\u017ani\u0105, kreatywno\u015bci\u0105 i \u0107wiczeniem umiej\u0119tno\u015bci. Dzieci ucz\u0105 si\u0119 przynale\u017cno\u015bci do grupy i kompetencji spo\u0142ecznych.<\/p>\n<h3>Doskona\u0142e zasoby wewn\u0119trzne<\/h3>\n<p>Nasze przedszkola s\u0105 dobrze wyposa\u017cone w narz\u0119dzia i rekwizyty dla dzieci i nauczycieli. Typowe przedszkole ma wszystko, od p\u0119dzli po aparaty cyfrowe, od ksi\u0105\u017cek po laptopy, od b\u0119bn\u00f3w po iPody i od szkie\u0142 powi\u0119kszaj\u0105cych po niebieskie mikroskopy cyfrowe. Twoje dziecko jest dobrze zaopatrzone w przedszkolu.<\/p>\n<h3>Ekscytuj\u0105ce \u015brodowiska zewn\u0119trzne<\/h3>\n<p>Cenimy przebywanie na \u015bwie\u017cym powietrzu jako wa\u017cn\u0105 przestrze\u0144 do nauki dla dzieci. Ka\u017cde przedszkole zapewnia szereg do\u015bwiadcze\u0144, takich jak piaskownice, hu\u015btawki, zje\u017cd\u017calnie, zabawy w wodzie, ogrodnictwo, stolarstwo i wiele innych. Dzieci s\u0105 zach\u0119cane i wspierane w swoich odkryciach. Pi\u0119\u0107 z naszych przedszkoli odbywa regularne wycieczki ze swoimi najstarszymi dzie\u0107mi do miejsc poza terenem plac\u00f3wki, aby naprawd\u0119 po\u0142\u0105czy\u0107 si\u0119 z natur\u0105.<\/p>\n<h3>Zaanga\u017cowanie rodziny<\/h3>\n<p>Zapisuj\u0105c dziecko do przedszkola, Twoja rodzina staje si\u0119 cz\u0119\u015bci\u0105 wspieraj\u0105cej i po\u0142\u0105czonej spo\u0142eczno\u015bci rodzic\u00f3w, kt\u00f3rej wsp\u00f3lnym celem jest zapewnienie dzieciom jak najlepszej edukacji przedszkolnej. Jest to miejsce, w kt\u00f3rym mo\u017cna nawi\u0105zywa\u0107 nowe przyja\u017anie i anga\u017cowa\u0107 si\u0119 w \u017cycie przedszkola w takim zakresie, w jakim ma si\u0119 na to czas lub ochot\u0119. Zapraszamy rodziny do uczestnictwa w naszych przedszkolach.<\/p>\n<\/div><div class=\"fusion-clearfix\"><\/div><\/div><\/div><div class=\"fusion-layout-column fusion_builder_column_inner fusion-builder-nested-column-1 fusion_builder_column_inner_1_2 1_2 fusion-one-half fusion-column-last\" style=\"width:50%;width:calc(50% - ( ( 4% ) * 0.5 ) );margin-top:0px;margin-bottom:0px;\"><div class=\"fusion-column-wrapper fusion-flex-column-wrapper-legacy\" style=\"background-position:left top;background-repeat:no-repeat;-webkit-background-size:cover;-moz-background-size:cover;-o-background-size:cover;background-size:cover;padding: 0px 0px 0px 0px;\"><div class=\"fusion-text fusion-text-3\"><h3>Programy skoncentrowane na spo\u0142eczno\u015bci<\/h3>\n<p>Przedszkola w Dunedin s\u0105 celowo rozmieszczone na przedmie\u015bciach wi\u0119kszego obszaru Dunedin. Umo\u017cliwia to rodzinom dost\u0119p do przedszkola w ich w\u0142asnym s\u0105siedztwie oraz budowanie przyja\u017ani i wi\u0119zi z innymi rodzinami i pobliskimi szko\u0142ami. Dzieci maj\u0105 mo\u017cliwo\u015b\u0107 nawi\u0105zania kontaktu z szersz\u0105 spo\u0142eczno\u015bci\u0105 poprzez wycieczki, spacery i wizyty r\u00f3\u017cnych os\u00f3b ze spo\u0142eczno\u015bci.<\/p>\n<h3>100% Wykwalifikowani nauczyciele<\/h3>\n<p>Dzieci zas\u0142uguj\u0105 na 1001 wykwalifikowanych nauczycieli!<br \/>\nW Dunedin Kindergartens jest to nasz punkt odniesienia dla jako\u015bci. Mamy wysoki poziom odpowiedzialno\u015bci zawodowej, a nauczyciele s\u0105 zarejestrowani w Nowozelandzkiej Radzie Nauczycieli i spe\u0142niaj\u0105 \"Standardy zawodowe dla nauczycieli przedszkolnych\".<br \/>\nPrzedszkola Dunedin wspieraj\u0105 kampani\u0119 GreatStart 100%, kt\u00f3ra zosta\u0142a ustanowiona przez rz\u0105d w celu uznania korzy\u015bci p\u0142yn\u0105cych z wysokiej jako\u015bci wczesnej edukacji.<\/p>\n<h3>\u015awietny stosunek jako\u015bci do ceny<\/h3>\n<p>Ucz\u0119szczanie do naszych przedszkoli jest bardzo przyst\u0119pne cenowo. Wszystkie nasze przedszkola oferuj\u0105 do 20 godzin bezp\u0142atnej wczesnej edukacji dla Twojego dziecka, a nasze op\u0142aty s\u0105 bardzo konkurencyjne.<br \/>\nWszystkie dzieci w wieku 3, 4 i 5 lat, kt\u00f3re wykorzystaj\u0105 u nas wszystkie 20 godzin bezp\u0142atnych zaj\u0119\u0107, nie b\u0119d\u0105 musia\u0142y p\u0142aci\u0107 za dodatkowe godziny. Mo\u017cna uzyska\u0107 do 30 godzin w przedszkolu i nic nie p\u0142aci\u0107.<\/p>\n<h3>Ochrona dzieci<\/h3>\n<p>Dunedin Kindergartens dok\u0142ada wszelkich stara\u0144, aby zapewni\u0107 bezpiecze\u0144stwo wszystkim dzieciom ucz\u0119szczaj\u0105cym do naszych przedszkoli. <span style=\"text-decoration: underline;\"><a href=\"https:\/\/dunedinkindergartens.org.nz\/wp-content\/uploads\/2024\/05\/Child-Protection-policy-2023.pdf\">Kliknij tutaj<\/a><\/span> aby zapozna\u0107 si\u0119 z nasz\u0105 Polityk\u0105 ochrony dzieci.<\/p>\n<\/div><div class=\"fusion-clearfix\"><\/div><\/div><\/div><\/div><div class=\"fusion-sep-clear\"><\/div><div class=\"fusion-separator fusion-full-width-sep\" style=\"margin-left: auto;margin-right: auto;margin-top:10px;width:100%;\"><\/div><div class=\"fusion-sep-clear\"><\/div><div class=\"fusion-clearfix\"><\/div><\/div><\/div><\/div><\/div><div class=\"fusion-bg-parallax\" data-bg-align=\"right center\" data-direction=\"up\" data-mute=\"false\" data-opacity=\"100\" data-velocity=\"-0.2\" data-mobile-enabled=\"false\" data-break_parents=\"0\" data-bg-image=\"https:\/\/www.dunedinkindergartens.org.nz\/wp-content\/uploads\/2018\/07\/polyfest.jpg\" data-bg-repeat=\"false\" ><\/div><div class=\"fusion-fullwidth fullwidth-box fusion-builder-row-2 fusion-parallax-up nonhundred-percent-fullwidth non-hundred-percent-height-scrolling\" style=\"background-color: rgba(255,255,255,0);background-image: url(&quot;https:\/\/www.dunedinkindergartens.org.nz\/wp-content\/uploads\/2018\/07\/polyfest.jpg&quot;);background-position: right center;background-repeat: no-repeat;padding-top:200px;padding-right:0px;padding-bottom:200px;padding-left:0px;margin-bottom: 0px;margin-top: 0px;border-width: 0px 0px 0px 0px;border-color:#eae9e9;border-style:solid;-webkit-background-size:cover;-moz-background-size:cover;-o-background-size:cover;background-size:cover;\" ><div class=\"fusion-builder-row fusion-row\"><div class=\"fusion-layout-column fusion_builder_column fusion-builder-column-1 fusion_builder_column_1_1 1_1 fusion-one-full fusion-column-first fusion-column-last\" style=\"margin-top:0px;margin-bottom:0px;\"><div class=\"fusion-column-wrapper fusion-flex-column-wrapper-legacy\" style=\"background-position:left top;background-repeat:no-repeat;-webkit-background-size:cover;-moz-background-size:cover;-o-background-size:cover;background-size:cover;padding: 0px 0px 0px 0px;\"><div class=\"fusion-clearfix\"><\/div><\/div><\/div><\/div><\/div><\/p>","protected":false},"excerpt":{"rendered":"","protected":false},"author":1,"featured_media":0,"parent":0,"menu_order":0,"comment_status":"closed","ping_status":"closed","template":"100-width.php","meta":{"footnotes":""},"class_list":["post-831","page","type-page","status-publish","hentry"],"yoast_head":"<!-- This site is optimized with the Yoast SEO plugin v27.2 - https:\/\/yoast.com\/product\/yoast-seo-wordpress\/ -->\n<title>What We Offer - Dunedin Kindergartens<\/title>\n<meta name=\"robots\" content=\"index, follow, max-snippet:-1, max-image-preview:large, max-video-preview:-1\" \/>\n<link rel=\"canonical\" href=\"https:\/\/dunedinkindergartens.org.nz\/pl\/what-we-offer\/\" \/>\n<meta property=\"og:locale\" content=\"pl_PL\" \/>\n<meta property=\"og:type\" content=\"article\" \/>\n<meta property=\"og:title\" content=\"What We Offer - Dunedin Kindergartens\" \/>\n<meta property=\"og:url\" content=\"https:\/\/dunedinkindergartens.org.nz\/pl\/what-we-offer\/\" \/>\n<meta property=\"og:site_name\" content=\"Dunedin Kindergartens\" \/>\n<meta property=\"article:modified_time\" content=\"2024-11-20T00:46:20+00:00\" \/>\n<meta name=\"twitter:card\" content=\"summary_large_image\" \/>\n<meta name=\"twitter:label1\" content=\"Szacowany czas czytania\" \/>\n\t<meta name=\"twitter:data1\" content=\"5 minut\" \/>\n<script type=\"application\/ld+json\" class=\"yoast-schema-graph\">{\"@context\":\"https:\/\/schema.org\",\"@graph\":[{\"@type\":\"WebPage\",\"@id\":\"https:\/\/dunedinkindergartens.org.nz\/what-we-offer\/\",\"url\":\"https:\/\/dunedinkindergartens.org.nz\/what-we-offer\/\",\"name\":\"What We Offer - Dunedin Kindergartens\",\"isPartOf\":{\"@id\":\"https:\/\/dunedinkindergartens.org.nz\/#website\"},\"datePublished\":\"2018-07-11T10:31:25+00:00\",\"dateModified\":\"2024-11-20T00:46:20+00:00\",\"breadcrumb\":{\"@id\":\"https:\/\/dunedinkindergartens.org.nz\/what-we-offer\/#breadcrumb\"},\"inLanguage\":\"pl-PL\",\"potentialAction\":[{\"@type\":\"ReadAction\",\"target\":[\"https:\/\/dunedinkindergartens.org.nz\/what-we-offer\/\"]}]},{\"@type\":\"BreadcrumbList\",\"@id\":\"https:\/\/dunedinkindergartens.org.nz\/what-we-offer\/#breadcrumb\",\"itemListElement\":[{\"@type\":\"ListItem\",\"position\":1,\"name\":\"Home\",\"item\":\"https:\/\/dunedinkindergartens.org.nz\/\"},{\"@type\":\"ListItem\",\"position\":2,\"name\":\"What We Offer\"}]},{\"@type\":\"WebSite\",\"@id\":\"https:\/\/dunedinkindergartens.org.nz\/#website\",\"url\":\"https:\/\/dunedinkindergartens.org.nz\/\",\"name\":\"Dunedin Kindergartens\",\"description\":\"Top quality, affordable early childhood education for children 2 \u2013 5 years old.\",\"potentialAction\":[{\"@type\":\"SearchAction\",\"target\":{\"@type\":\"EntryPoint\",\"urlTemplate\":\"https:\/\/dunedinkindergartens.org.nz\/?s={search_term_string}\"},\"query-input\":{\"@type\":\"PropertyValueSpecification\",\"valueRequired\":true,\"valueName\":\"search_term_string\"}}],\"inLanguage\":\"pl-PL\"}]}<\/script>\n<!-- \/ Yoast SEO plugin. -->","yoast_head_json":{"title":"What We Offer - Dunedin Kindergartens","robots":{"index":"index","follow":"follow","max-snippet":"max-snippet:-1","max-image-preview":"max-image-preview:large","max-video-preview":"max-video-preview:-1"},"canonical":"https:\/\/dunedinkindergartens.org.nz\/pl\/what-we-offer\/","og_locale":"pl_PL","og_type":"article","og_title":"What We Offer - Dunedin Kindergartens","og_url":"https:\/\/dunedinkindergartens.org.nz\/pl\/what-we-offer\/","og_site_name":"Dunedin Kindergartens","article_modified_time":"2024-11-20T00:46:20+00:00","twitter_card":"summary_large_image","twitter_misc":{"Szacowany czas czytania":"5 minut"},"schema":{"@context":"https:\/\/schema.org","@graph":[{"@type":"WebPage","@id":"https:\/\/dunedinkindergartens.org.nz\/what-we-offer\/","url":"https:\/\/dunedinkindergartens.org.nz\/what-we-offer\/","name":"What We Offer - Dunedin Kindergartens","isPartOf":{"@id":"https:\/\/dunedinkindergartens.org.nz\/#website"},"datePublished":"2018-07-11T10:31:25+00:00","dateModified":"2024-11-20T00:46:20+00:00","breadcrumb":{"@id":"https:\/\/dunedinkindergartens.org.nz\/what-we-offer\/#breadcrumb"},"inLanguage":"pl-PL","potentialAction":[{"@type":"ReadAction","target":["https:\/\/dunedinkindergartens.org.nz\/what-we-offer\/"]}]},{"@type":"BreadcrumbList","@id":"https:\/\/dunedinkindergartens.org.nz\/what-we-offer\/#breadcrumb","itemListElement":[{"@type":"ListItem","position":1,"name":"Home","item":"https:\/\/dunedinkindergartens.org.nz\/"},{"@type":"ListItem","position":2,"name":"What We Offer"}]},{"@type":"WebSite","@id":"https:\/\/dunedinkindergartens.org.nz\/#website","url":"https:\/\/dunedinkindergartens.org.nz\/","name":"Przedszkola w Dunedin","description":"Najwy\u017cszej jako\u015bci, niedroga edukacja wczesnoszkolna dla dzieci w wieku 2-5 lat.","potentialAction":[{"@type":"SearchAction","target":{"@type":"EntryPoint","urlTemplate":"https:\/\/dunedinkindergartens.org.nz\/?s={search_term_string}"},"query-input":{"@type":"PropertyValueSpecification","valueRequired":true,"valueName":"search_term_string"}}],"inLanguage":"pl-PL"}]}},"_links":{"self":[{"href":"https:\/\/dunedinkindergartens.org.nz\/pl\/wp-json\/wp\/v2\/pages\/831","targetHints":{"allow":["GET"]}}],"collection":[{"href":"https:\/\/dunedinkindergartens.org.nz\/pl\/wp-json\/wp\/v2\/pages"}],"about":[{"href":"https:\/\/dunedinkindergartens.org.nz\/pl\/wp-json\/wp\/v2\/types\/page"}],"author":[{"embeddable":true,"href":"https:\/\/dunedinkindergartens.org.nz\/pl\/wp-json\/wp\/v2\/users\/1"}],"replies":[{"embeddable":true,"href":"https:\/\/dunedinkindergartens.org.nz\/pl\/wp-json\/wp\/v2\/comments?post=831"}],"version-history":[{"count":31,"href":"https:\/\/dunedinkindergartens.org.nz\/pl\/wp-json\/wp\/v2\/pages\/831\/revisions"}],"predecessor-version":[{"id":2789,"href":"https:\/\/dunedinkindergartens.org.nz\/pl\/wp-json\/wp\/v2\/pages\/831\/revisions\/2789"}],"wp:attachment":[{"href":"https:\/\/dunedinkindergartens.org.nz\/pl\/wp-json\/wp\/v2\/media?parent=831"}],"curies":[{"name":"wp","href":"https:\/\/api.w.org\/{rel}","templated":true}]}}