{"id":742,"date":"2018-06-26T03:15:11","date_gmt":"2018-06-26T03:15:11","guid":{"rendered":"http:\/\/dunedinkindy.lemonuat.com\/?page_id=742"},"modified":"2026-03-31T12:25:10","modified_gmt":"2026-03-30T23:25:10","slug":"careers-2","status":"publish","type":"page","link":"https:\/\/dunedinkindergartens.org.nz\/pl\/careers-2\/","title":{"rendered":"Kariera"},"content":{"rendered":"<p><div class=\"fusion-fullwidth fullwidth-box fusion-builder-row-1 has-pattern-background has-mask-background nonhundred-percent-fullwidth non-hundred-percent-height-scrolling\" style=\"background-color: #ffffff;background-position: left top;background-repeat: no-repeat;padding-top:10px;padding-right:0px;padding-bottom:75px;padding-left:0px;margin-bottom: 0px;margin-top: 0px;border-width: 0px 0px 0px 0px;border-color:#eae9e9;border-style:solid;\" ><div class=\"fusion-builder-row fusion-row\"><div class=\"fusion-layout-column fusion_builder_column fusion-builder-column-0 fusion_builder_column_1_1 1_1 fusion-one-full fusion-column-first fusion-column-last\" style=\"margin-top:0px;margin-bottom:0px;\"><div class=\"fusion-column-wrapper fusion-flex-column-wrapper-legacy\" style=\"background-position:left top;background-repeat:no-repeat;-webkit-background-size:cover;-moz-background-size:cover;-o-background-size:cover;background-size:cover;padding: 0px 20px 0px 20px;\"><div class=\"fusion-text fusion-text-1\"><h3><strong>Przedszkola w Dunedin oferuj\u0105 wszystkim nauczycielom mo\u017cliwo\u015b\u0107:<\/strong><\/h3>\n<ul>\n<li>Wsp\u00f3\u0142pracuj z entuzjastycznymi i wykwalifikowanymi nauczycielami<\/li>\n<li>Bierz udzia\u0142 w ci\u0105g\u0142ym kszta\u0142ceniu i rozwoju zawodowym<\/li>\n<li>Poznaj szerok\u0105 gam\u0119 spo\u0142eczno\u015bci przedszkolnych i \u015brodowisk pracy<\/li>\n<li>Uzyskaj dost\u0119p do programu wprowadzaj\u0105cego i mentoringowego<\/li>\n<\/ul>\n<\/div><div class=\"fusion-text fusion-text-2\"><p>Wszyscy nasi nauczyciele obj\u0119ci s\u0105 wynagrodzeniami i warunkami pracy okre\u015blonymi w Krajowym Uk\u0142adzie Zbiorowym Pracy dla Nauczycieli Przedszkola.<\/p>\n<p>Zawsze szukamy entuzjastycznych nauczycieli do pracy na stanowiskach zast\u0119pczych, a od czasu do czasu oferujemy sta\u0142e stanowiska.<\/p>\n<\/div><div class=\"fusion-text fusion-text-3\"><h3><strong>Aby ubiega\u0107 si\u0119 o stanowisko nauczyciela, b\u0119dziesz potrzebowa\u0107:<\/strong><\/h3>\n<ul>\n<li>Dyplom lub tytu\u0142 licencjata w zakresie edukacji wczesnoszkolnej \u2013 lub r\u00f3wnowa\u017cne kwalifikacje ocenione przez NZQA.<\/li>\n<li>Aktualny Certyfikat Praktyki wydany przez Nowozelandzk\u0105 Rad\u0119 Edukacyjn\u0105.<\/li>\n<\/ul>\n<\/div><div class=\"fusion-text fusion-text-4\"><h3><strong> Ulg\u0119 przynosi DK<\/strong><\/h3>\n<p>Zawsze ch\u0119tnie witamy w naszej grupie rezerwowych nauczycieli pe\u0142nych entuzjazmu.<\/p>\n<p>Aby z\u0142o\u017cy\u0107 wniosek o do\u0142\u0105czenie, pobierz aplikacj\u0119 Simplifi <img decoding=\"async\" class=\"alignnone wp-image-2961\" src=\"https:\/\/dunedinkindergartens.org.nz\/wp-content\/uploads\/2025\/03\/Simplifi.png\" alt=\"\" width=\"53\" height=\"50\" \/> (wcze\u015bniej znanej jako StaffSync), kt\u00f3rego u\u017cywamy do zarz\u0105dzania nauczycielami zast\u0119pczymi.<\/p>\n<p>Otw\u00f3rz to <em><span style=\"text-decoration: underline;\"><a href=\"https:\/\/dunedinkindergartens.org.nz\/wp-content\/uploads\/2025\/12\/Relievers-Getting-Started-Guide-Simplifi.pdf\" target=\"_blank\" rel=\"noopener\">karta informacyjna<\/a><\/span><\/em> aby przeczyta\u0107 o tym, jak pobra\u0107 aplikacj\u0119 i si\u0119 zarejestrowa\u0107. Arkusz informacyjny zawiera instrukcje dotycz\u0105ce StaffSync, ale dotyczy r\u00f3wnie\u017c Simplifi.<\/p>\n<p>Odpowiemy na Twoje zg\u0142oszenie i um\u00f3wimy spotkanie z Lee, jednym z naszych starszych nauczycieli.<\/p>\n<\/div><div class=\"fusion-clearfix\"><\/div><\/div><\/div><\/div><\/div><div class=\"fusion-fullwidth fullwidth-box fusion-builder-row-2 nonhundred-percent-fullwidth non-hundred-percent-height-scrolling\" style=\"background-color: #f4f4f7;background-position: left top;background-repeat: no-repeat;padding-top:0px;padding-right:0px;padding-bottom:75px;padding-left:0px;margin-bottom: 0px;margin-top: 0px;border-width: 0px 0px 0px 0px;border-color:#eae9e9;border-style:solid;\" ><div class=\"fusion-builder-row fusion-row\"><div class=\"fusion-layout-column fusion_builder_column fusion-builder-column-1 fusion_builder_column_1_1 1_1 fusion-one-full fusion-column-first fusion-column-last\" style=\"margin-top:0px;margin-bottom:0px;\"><div class=\"fusion-column-wrapper fusion-flex-column-wrapper-legacy\" style=\"background-position:left top;background-repeat:no-repeat;-webkit-background-size:cover;-moz-background-size:cover;-o-background-size:cover;background-size:cover;padding: 0px 20px 0px 20px;\"><div class=\"fusion-sep-clear\"><\/div><div class=\"fusion-separator fusion-full-width-sep\" style=\"margin-left: auto;margin-right: auto;margin-top:45px;width:100%;\"><\/div><div class=\"fusion-sep-clear\"><\/div><div class=\"fusion-text fusion-text-5 hide-content\"><h1 style=\"text-align: center;\">Aktualne wakaty<\/h1>\n<p style=\"text-align: center;\">Aby zobaczy\u0107 og\u0142oszenia o wolnych stanowiskach, kliknij przyciski poni\u017cej.<\/p>\n<p style=\"text-align: center;\">Closing date for applications is 5pm Friday 27th March 2026.<\/p>\n<\/div><div class=\"fusion-text fusion-text-6\"><h1 style=\"text-align: center;\">Aktualne wakaty<\/h1>\n<p style=\"text-align: center;\">Obecnie nie ma \u017cadnych wolnych stanowisk.<\/p>\n<\/div><div class=\"fusion-sep-clear\"><\/div><div class=\"fusion-separator fusion-full-width-sep\" style=\"margin-left: auto;margin-right: auto;margin-top:3px;width:100%;\"><\/div><div class=\"fusion-sep-clear\"><\/div><div class=\"fusion-builder-row fusion-builder-row-inner fusion-row\"><div class=\"fusion-layout-column fusion_builder_column_inner fusion-builder-nested-column-0 fusion_builder_column_inner_1_1 1_1 fusion-one-full fusion-column-first fusion-column-last hide-content\" style=\"margin-top:0px;margin-bottom:0px;\"><div class=\"fusion-column-wrapper fusion-flex-column-wrapper-legacy\" style=\"background-position:left top;background-repeat:no-repeat;-webkit-background-size:cover;-moz-background-size:cover;-o-background-size:cover;background-size:cover;padding: 10px 0px 10px 0px;\"><div class=\"fusion-aligncenter\"><style>.fusion-body .fusion-button.button-1{border-radius:0px 0px 0px 0px;}.fusion-body .fusion-button.button-1 .fusion-button-text{text-transform:uppercase;}<\/style><a class=\"fusion-button button-flat button-medium button-default button-1 fusion-button-default-span fusion-button-default-type\" target=\"_self\" href=\"https:\/\/dunedinkindergartens.org.nz\/pl\/careers-2\/current_vacancies_senior_teacher\/\"><span class=\"fusion-button-text\">K3 Senior Teacher Position<\/span><\/a><\/div><div class=\"fusion-clearfix\"><\/div><\/div><\/div><div class=\"fusion-layout-column fusion_builder_column_inner fusion-builder-nested-column-1 fusion_builder_column_inner_1_3 1_3 fusion-one-third fusion-column-first hide-content\" style=\"width:33.333333333333%;width:calc(33.333333333333% - ( ( 4% + 4% ) * 0.33333333333333 ) );margin-right: 4%;margin-top:0px;margin-bottom:0px;\"><div class=\"fusion-column-wrapper fusion-flex-column-wrapper-legacy\" style=\"background-position:left top;background-repeat:no-repeat;-webkit-background-size:cover;-moz-background-size:cover;-o-background-size:cover;background-size:cover;padding: 10px 0px 10px 0px;\"><div class=\"fusion-align-block\"><style>.fusion-body .fusion-button.button-2{border-radius:0px 0px 0px 0px;}.fusion-body .fusion-button.button-2 .fusion-button-text{text-transform:uppercase;}<\/style><a class=\"fusion-button button-flat button-medium button-default button-2 fusion-button-span-yes fusion-button-default-type\" target=\"_self\" href=\"https:\/\/dunedinkindergartens.org.nz\/pl\/careers-2\/current_vacancies_br_fte\/\"><span class=\"fusion-button-text\">Brockville 1fte Teacher <\/span><\/a><\/div><div class=\"fusion-clearfix\"><\/div><\/div><\/div><div class=\"fusion-layout-column fusion_builder_column_inner fusion-builder-nested-column-2 fusion_builder_column_inner_1_3 1_3 fusion-one-third hide-content\" style=\"width:33.333333333333%;width:calc(33.333333333333% - ( ( 4% + 4% ) * 0.33333333333333 ) );margin-right: 4%;margin-top:0px;margin-bottom:0px;\"><div class=\"fusion-column-wrapper fusion-flex-column-wrapper-legacy\" style=\"background-position:left top;background-repeat:no-repeat;-webkit-background-size:cover;-moz-background-size:cover;-o-background-size:cover;background-size:cover;padding: 10px 0px 10px 0px;\"><div class=\"fusion-aligncenter\"><style>.fusion-body .fusion-button.button-3{border-radius:0px 0px 0px 0px;}.fusion-body .fusion-button.button-3 .fusion-button-text{text-transform:uppercase;}<\/style><a class=\"fusion-button button-flat button-medium button-default button-3 fusion-button-default-span fusion-button-default-type\" target=\"_self\" href=\"https:\/\/dunedinkindergartens.org.nz\/pl\/careers-2\/current-vacancies-teacher-st_kilda-0-35fte\/\"><span class=\"fusion-button-text\">St. Kilda 0.35fte Teacher<\/span><\/a><\/div><div class=\"fusion-clearfix\"><\/div><\/div><\/div><div class=\"fusion-layout-column fusion_builder_column_inner fusion-builder-nested-column-3 fusion_builder_column_inner_1_3 1_3 fusion-one-third fusion-column-last hide-content\" style=\"width:33.333333333333%;width:calc(33.333333333333% - ( ( 4% + 4% ) * 0.33333333333333 ) );margin-top:0px;margin-bottom:0px;\"><div class=\"fusion-column-wrapper fusion-flex-column-wrapper-legacy\" style=\"background-position:left top;background-repeat:no-repeat;-webkit-background-size:cover;-moz-background-size:cover;-o-background-size:cover;background-size:cover;padding: 10px 0px 10px 0px;\"><div class=\"fusion-aligncenter\"><style>.fusion-body .fusion-button.button-4{border-radius:0px 0px 0px 0px;}.fusion-body .fusion-button.button-4 .fusion-button-text{text-transform:uppercase;}<\/style><a class=\"fusion-button button-flat button-medium button-default button-4 fusion-button-default-span fusion-button-default-type\" target=\"_self\" href=\"https:\/\/dunedinkindergartens.org.nz\/pl\/careers-2\/current_vacancies_bf_1fte\/\"><span class=\"fusion-button-text\">Bayfield 1fte Teacher<\/span><\/a><\/div><div class=\"fusion-clearfix\"><\/div><\/div><\/div><div class=\"fusion-layout-column fusion_builder_column_inner fusion-builder-nested-column-4 fusion_builder_column_inner_1_2 1_2 fusion-one-half fusion-column-first hide-content\" style=\"width:50%;width:calc(50% - ( ( 4% ) * 0.5 ) );margin-right: 4%;margin-top:0px;margin-bottom:0px;\"><div class=\"fusion-column-wrapper fusion-flex-column-wrapper-legacy\" style=\"background-position:left top;background-repeat:no-repeat;-webkit-background-size:cover;-moz-background-size:cover;-o-background-size:cover;background-size:cover;padding: 10px 0px 10px 0px;\"><div class=\"fusion-aligncenter\"><style>.fusion-body .fusion-button.button-5{border-radius:0px 0px 0px 0px;}.fusion-body .fusion-button.button-5 .fusion-button-text{text-transform:uppercase;}<\/style><a class=\"fusion-button button-flat button-medium button-default button-5 fusion-button-default-span fusion-button-default-type\" target=\"_self\" href=\"https:\/\/dunedinkindergartens.org.nz\/pl\/careers-2\/current_vacancies_cors_ht\/\"><span class=\"fusion-button-text\">Corstorphine 1fte Dyrektor Nauczyciel<\/span><\/a><\/div><div class=\"fusion-clearfix\"><\/div><\/div><\/div><div class=\"fusion-layout-column fusion_builder_column_inner fusion-builder-nested-column-5 fusion_builder_column_inner_1_3 1_3 fusion-one-third fusion-column-last hide content\" style=\"width:33.333333333333%;width:calc(33.333333333333% - ( ( 4% ) * 0.33333333333333 ) );margin-top:0px;margin-bottom:0px;\"><div class=\"fusion-column-wrapper fusion-flex-column-wrapper-legacy\" style=\"background-position:left top;background-repeat:no-repeat;-webkit-background-size:cover;-moz-background-size:cover;-o-background-size:cover;background-size:cover;padding: 10px 0px 10px 0px;\"><div class=\"fusion-aligncenter\"><style>.fusion-body .fusion-button.button-6{border-radius:0px 0px 0px 0px;}.fusion-body .fusion-button.button-6 .fusion-button-text{text-transform:uppercase;}<\/style><a class=\"fusion-button button-flat button-medium button-default button-6 fusion-button-default-span fusion-button-default-type hide-content\" target=\"_self\" href=\"https:\/\/dunedinkindergartens.org.nz\/pl\/careers-2\/current_vacancies_portc_fte\/\"><span class=\"fusion-button-text\">Port Chalmers 1fte Nauczyciel<\/span><\/a><\/div><div class=\"fusion-clearfix\"><\/div><\/div><\/div><div class=\"fusion-layout-column fusion_builder_column_inner fusion-builder-nested-column-6 fusion_builder_column_inner_1_3 1_3 fusion-one-third fusion-column-first hide-content\" style=\"width:30.6666%; margin-right: 4%;margin-top:0px;margin-bottom:0px;\"><div class=\"fusion-column-wrapper fusion-flex-column-wrapper-legacy\" style=\"background-position:left top;background-repeat:no-repeat;-webkit-background-size:cover;-moz-background-size:cover;-o-background-size:cover;background-size:cover;padding: 10px 0px 10px 0px;\"><div class=\"fusion-aligncenter\"><style>.fusion-body .fusion-button.button-7{border-radius:0px 0px 0px 0px;}.fusion-body .fusion-button.button-7 .fusion-button-text{text-transform:uppercase;}<\/style><a class=\"fusion-button button-flat button-medium button-default button-7 fusion-button-default-span fusion-button-default-type\" target=\"_self\" href=\"https:\/\/dunedinkindergartens.org.nz\/pl\/careers-2\/current_vacancies_kels1fte\/\"><span class=\"fusion-button-text\">Kelsey Yaralla Nauczycielka 1fte <\/span><\/a><\/div><div class=\"fusion-clearfix\"><\/div><\/div><\/div><div class=\"fusion-layout-column fusion_builder_column_inner fusion-builder-nested-column-7 fusion_builder_column_inner_1_1 1_1 fusion-one-full fusion-column-last hide-content\" style=\"margin-top:0px;margin-bottom:0px;\"><div class=\"fusion-column-wrapper fusion-flex-column-wrapper-legacy\" style=\"background-position:left top;background-repeat:no-repeat;-webkit-background-size:cover;-moz-background-size:cover;-o-background-size:cover;background-size:cover;padding: 0px 0px 0px 0px;\"><div class=\"fusion-sep-clear\"><\/div><div class=\"fusion-separator fusion-full-width-sep\" style=\"margin-left: auto;margin-right: auto;margin-top:25px;margin-bottom:25px;width:100%;\"><div class=\"fusion-separator-border sep-double\" style=\"border-color:#e0dede;border-top-width:1px;border-bottom-width:1px;\"><\/div><\/div><div class=\"fusion-sep-clear\"><\/div><div class=\"fusion-clearfix\"><\/div><\/div><\/div><div class=\"fusion-layout-column fusion_builder_column_inner fusion-builder-nested-column-8 fusion_builder_column_inner_1_3 1_3 fusion-one-third fusion-column-first hide-content\" style=\"width:30.6666%; margin-right: 4%;margin-top:0px;margin-bottom:0px;\"><div class=\"fusion-column-wrapper fusion-flex-column-wrapper-legacy\" style=\"background-position:left top;background-repeat:no-repeat;-webkit-background-size:cover;-moz-background-size:cover;-o-background-size:cover;background-size:cover;padding: 10px 0px 10px 0px;\"><div class=\"fusion-aligncenter\"><style>.fusion-body .fusion-button.button-8{border-radius:0px 0px 0px 0px;}.fusion-body .fusion-button.button-8 .fusion-button-text{text-transform:uppercase;}<\/style><a class=\"fusion-button button-flat button-medium button-default button-8 fusion-button-default-span fusion-button-default-type\" target=\"_self\" href=\"https:\/\/dunedinkindergartens.org.nz\/pl\/careers-2\/current_vacancies_stki1fte\/\"><span class=\"fusion-button-text\">Nauczyciel 1fte w St Kilda<\/span><\/a><\/div><div class=\"fusion-clearfix\"><\/div><\/div><\/div><div class=\"fusion-layout-column fusion_builder_column_inner fusion-builder-nested-column-9 fusion_builder_column_inner_1_1 1_1 fusion-one-full fusion-column-last hide-content\" style=\"margin-top:0px;margin-bottom:0px;\"><div class=\"fusion-column-wrapper fusion-flex-column-wrapper-legacy\" style=\"background-position:left top;background-repeat:no-repeat;-webkit-background-size:cover;-moz-background-size:cover;-o-background-size:cover;background-size:cover;padding: 0px 0px 0px 0px;\"><div class=\"fusion-sep-clear\"><\/div><div class=\"fusion-separator fusion-full-width-sep\" style=\"margin-left: auto;margin-right: auto;margin-top:25px;margin-bottom:25px;width:100%;\"><div class=\"fusion-separator-border sep-double\" style=\"border-color:#e0dede;border-top-width:1px;border-bottom-width:1px;\"><\/div><\/div><div class=\"fusion-sep-clear\"><\/div><div class=\"fusion-clearfix\"><\/div><\/div><\/div><\/div><div class=\"fusion-sep-clear\"><\/div><div class=\"fusion-separator fusion-full-width-sep\" style=\"margin-left: auto;margin-right: auto;margin-top:15px;width:100%;\"><\/div><div class=\"fusion-sep-clear\"><\/div><div class=\"fusion-clearfix\"><\/div><\/div><\/div><\/div><\/div><\/p>","protected":false},"excerpt":{"rendered":"","protected":false},"author":1,"featured_media":0,"parent":0,"menu_order":0,"comment_status":"closed","ping_status":"closed","template":"100-width.php","meta":{"footnotes":""},"class_list":["post-742","page","type-page","status-publish","hentry"],"yoast_head":"<!-- This site is optimized with the Yoast SEO plugin v27.2 - https:\/\/yoast.com\/product\/yoast-seo-wordpress\/ -->\n<title>Careers - Dunedin Kindergartens<\/title>\n<meta name=\"robots\" content=\"index, follow, max-snippet:-1, max-image-preview:large, max-video-preview:-1\" \/>\n<link rel=\"canonical\" href=\"https:\/\/dunedinkindergartens.org.nz\/pl\/careers-2\/\" \/>\n<meta property=\"og:locale\" content=\"pl_PL\" \/>\n<meta property=\"og:type\" content=\"article\" \/>\n<meta property=\"og:title\" content=\"Careers - Dunedin Kindergartens\" \/>\n<meta property=\"og:url\" content=\"https:\/\/dunedinkindergartens.org.nz\/pl\/careers-2\/\" \/>\n<meta property=\"og:site_name\" content=\"Dunedin Kindergartens\" \/>\n<meta property=\"article:modified_time\" content=\"2026-03-30T23:25:10+00:00\" \/>\n<meta property=\"og:image\" content=\"https:\/\/dunedinkindergartens.org.nz\/wp-content\/uploads\/2025\/03\/Simplifi.png\" \/>\n\t<meta property=\"og:image:width\" content=\"194\" \/>\n\t<meta property=\"og:image:height\" content=\"181\" \/>\n\t<meta property=\"og:image:type\" content=\"image\/png\" \/>\n<meta name=\"twitter:card\" content=\"summary_large_image\" \/>\n<meta name=\"twitter:label1\" content=\"Szacowany czas czytania\" \/>\n\t<meta name=\"twitter:data1\" content=\"12 minut\" \/>\n<script type=\"application\/ld+json\" class=\"yoast-schema-graph\">{\"@context\":\"https:\/\/schema.org\",\"@graph\":[{\"@type\":\"WebPage\",\"@id\":\"https:\/\/dunedinkindergartens.org.nz\/careers-2\/\",\"url\":\"https:\/\/dunedinkindergartens.org.nz\/careers-2\/\",\"name\":\"Careers - Dunedin Kindergartens\",\"isPartOf\":{\"@id\":\"https:\/\/dunedinkindergartens.org.nz\/#website\"},\"primaryImageOfPage\":{\"@id\":\"https:\/\/dunedinkindergartens.org.nz\/careers-2\/#primaryimage\"},\"image\":{\"@id\":\"https:\/\/dunedinkindergartens.org.nz\/careers-2\/#primaryimage\"},\"thumbnailUrl\":\"https:\/\/dunedinkindergartens.org.nz\/wp-content\/uploads\/2025\/03\/Simplifi.png\",\"datePublished\":\"2018-06-26T03:15:11+00:00\",\"dateModified\":\"2026-03-30T23:25:10+00:00\",\"breadcrumb\":{\"@id\":\"https:\/\/dunedinkindergartens.org.nz\/careers-2\/#breadcrumb\"},\"inLanguage\":\"pl-PL\",\"potentialAction\":[{\"@type\":\"ReadAction\",\"target\":[\"https:\/\/dunedinkindergartens.org.nz\/careers-2\/\"]}]},{\"@type\":\"ImageObject\",\"inLanguage\":\"pl-PL\",\"@id\":\"https:\/\/dunedinkindergartens.org.nz\/careers-2\/#primaryimage\",\"url\":\"https:\/\/dunedinkindergartens.org.nz\/wp-content\/uploads\/2025\/03\/Simplifi.png\",\"contentUrl\":\"https:\/\/dunedinkindergartens.org.nz\/wp-content\/uploads\/2025\/03\/Simplifi.png\"},{\"@type\":\"BreadcrumbList\",\"@id\":\"https:\/\/dunedinkindergartens.org.nz\/careers-2\/#breadcrumb\",\"itemListElement\":[{\"@type\":\"ListItem\",\"position\":1,\"name\":\"Home\",\"item\":\"https:\/\/dunedinkindergartens.org.nz\/\"},{\"@type\":\"ListItem\",\"position\":2,\"name\":\"Careers\"}]},{\"@type\":\"WebSite\",\"@id\":\"https:\/\/dunedinkindergartens.org.nz\/#website\",\"url\":\"https:\/\/dunedinkindergartens.org.nz\/\",\"name\":\"Dunedin Kindergartens\",\"description\":\"Top quality, affordable early childhood education for children 2 \u2013 5 years old.\",\"potentialAction\":[{\"@type\":\"SearchAction\",\"target\":{\"@type\":\"EntryPoint\",\"urlTemplate\":\"https:\/\/dunedinkindergartens.org.nz\/?s={search_term_string}\"},\"query-input\":{\"@type\":\"PropertyValueSpecification\",\"valueRequired\":true,\"valueName\":\"search_term_string\"}}],\"inLanguage\":\"pl-PL\"}]}<\/script>\n<!-- \/ Yoast SEO plugin. -->","yoast_head_json":{"title":"Careers - Dunedin Kindergartens","robots":{"index":"index","follow":"follow","max-snippet":"max-snippet:-1","max-image-preview":"max-image-preview:large","max-video-preview":"max-video-preview:-1"},"canonical":"https:\/\/dunedinkindergartens.org.nz\/pl\/careers-2\/","og_locale":"pl_PL","og_type":"article","og_title":"Careers - Dunedin Kindergartens","og_url":"https:\/\/dunedinkindergartens.org.nz\/pl\/careers-2\/","og_site_name":"Dunedin Kindergartens","article_modified_time":"2026-03-30T23:25:10+00:00","og_image":[{"width":194,"height":181,"url":"https:\/\/dunedinkindergartens.org.nz\/wp-content\/uploads\/2025\/03\/Simplifi.png","type":"image\/png"}],"twitter_card":"summary_large_image","twitter_misc":{"Szacowany czas czytania":"12 minut"},"schema":{"@context":"https:\/\/schema.org","@graph":[{"@type":"WebPage","@id":"https:\/\/dunedinkindergartens.org.nz\/careers-2\/","url":"https:\/\/dunedinkindergartens.org.nz\/careers-2\/","name":"Careers - Dunedin Kindergartens","isPartOf":{"@id":"https:\/\/dunedinkindergartens.org.nz\/#website"},"primaryImageOfPage":{"@id":"https:\/\/dunedinkindergartens.org.nz\/careers-2\/#primaryimage"},"image":{"@id":"https:\/\/dunedinkindergartens.org.nz\/careers-2\/#primaryimage"},"thumbnailUrl":"https:\/\/dunedinkindergartens.org.nz\/wp-content\/uploads\/2025\/03\/Simplifi.png","datePublished":"2018-06-26T03:15:11+00:00","dateModified":"2026-03-30T23:25:10+00:00","breadcrumb":{"@id":"https:\/\/dunedinkindergartens.org.nz\/careers-2\/#breadcrumb"},"inLanguage":"pl-PL","potentialAction":[{"@type":"ReadAction","target":["https:\/\/dunedinkindergartens.org.nz\/careers-2\/"]}]},{"@type":"ImageObject","inLanguage":"pl-PL","@id":"https:\/\/dunedinkindergartens.org.nz\/careers-2\/#primaryimage","url":"https:\/\/dunedinkindergartens.org.nz\/wp-content\/uploads\/2025\/03\/Simplifi.png","contentUrl":"https:\/\/dunedinkindergartens.org.nz\/wp-content\/uploads\/2025\/03\/Simplifi.png"},{"@type":"BreadcrumbList","@id":"https:\/\/dunedinkindergartens.org.nz\/careers-2\/#breadcrumb","itemListElement":[{"@type":"ListItem","position":1,"name":"Home","item":"https:\/\/dunedinkindergartens.org.nz\/"},{"@type":"ListItem","position":2,"name":"Careers"}]},{"@type":"WebSite","@id":"https:\/\/dunedinkindergartens.org.nz\/#website","url":"https:\/\/dunedinkindergartens.org.nz\/","name":"Przedszkola w Dunedin","description":"Najwy\u017cszej jako\u015bci, niedroga edukacja wczesnoszkolna dla dzieci w wieku 2-5 lat.","potentialAction":[{"@type":"SearchAction","target":{"@type":"EntryPoint","urlTemplate":"https:\/\/dunedinkindergartens.org.nz\/?s={search_term_string}"},"query-input":{"@type":"PropertyValueSpecification","valueRequired":true,"valueName":"search_term_string"}}],"inLanguage":"pl-PL"}]}},"_links":{"self":[{"href":"https:\/\/dunedinkindergartens.org.nz\/pl\/wp-json\/wp\/v2\/pages\/742","targetHints":{"allow":["GET"]}}],"collection":[{"href":"https:\/\/dunedinkindergartens.org.nz\/pl\/wp-json\/wp\/v2\/pages"}],"about":[{"href":"https:\/\/dunedinkindergartens.org.nz\/pl\/wp-json\/wp\/v2\/types\/page"}],"author":[{"embeddable":true,"href":"https:\/\/dunedinkindergartens.org.nz\/pl\/wp-json\/wp\/v2\/users\/1"}],"replies":[{"embeddable":true,"href":"https:\/\/dunedinkindergartens.org.nz\/pl\/wp-json\/wp\/v2\/comments?post=742"}],"version-history":[{"count":241,"href":"https:\/\/dunedinkindergartens.org.nz\/pl\/wp-json\/wp\/v2\/pages\/742\/revisions"}],"predecessor-version":[{"id":3187,"href":"https:\/\/dunedinkindergartens.org.nz\/pl\/wp-json\/wp\/v2\/pages\/742\/revisions\/3187"}],"wp:attachment":[{"href":"https:\/\/dunedinkindergartens.org.nz\/pl\/wp-json\/wp\/v2\/media?parent=742"}],"curies":[{"name":"wp","href":"https:\/\/api.w.org\/{rel}","templated":true}]}}