{"id":1681,"date":"2019-02-13T21:31:24","date_gmt":"2019-02-13T08:31:24","guid":{"rendered":"https:\/\/www.dunedinkindergartens.org.nz\/?page_id=1681"},"modified":"2025-02-14T09:54:55","modified_gmt":"2025-02-13T20:54:55","slug":"current_vacancies_ht","status":"publish","type":"page","link":"https:\/\/dunedinkindergartens.org.nz\/pl\/careers-2\/current_vacancies_ht\/","title":{"rendered":"Aktualne wakaty \u2013 stanowiska dyrektora szko\u0142y"},"content":{"rendered":"<p><div class=\"fusion-fullwidth fullwidth-box fusion-builder-row-1 has-pattern-background has-mask-background fusion-parallax-none nonhundred-percent-fullwidth non-hundred-percent-height-scrolling\" style=\"background-color: rgba(255,255,255,0);background-image: url(&quot;https:\/\/dunedinkindergartens.org.nz\/wp-content\/uploads\/2015\/03\/DK-ADMIN-1.jpg&quot;);background-position: left center;background-repeat: no-repeat;padding-top:100px;padding-right:0px;padding-bottom:500px;padding-left:0px;margin-bottom: 0px;margin-top: 0px;border-width: 0px 0px 0px 0px;border-color:#eae9e9;border-style:solid;-webkit-background-size:cover;-moz-background-size:cover;-o-background-size:cover;background-size:cover;\" ><div class=\"fusion-builder-row fusion-row\"><div class=\"fusion-layout-column fusion_builder_column fusion-builder-column-0 fusion_builder_column_1_1 1_1 fusion-one-full fusion-column-first fusion-column-last\" style=\"margin-top:0px;margin-bottom:0px;\"><div class=\"fusion-column-wrapper fusion-flex-column-wrapper-legacy\" style=\"background-position:left top;background-repeat:no-repeat;-webkit-background-size:cover;-moz-background-size:cover;-o-background-size:cover;background-size:cover;padding: 0px 20px 0px 20px;\"><div class=\"fusion-clearfix\"><\/div><\/div><\/div><\/div><\/div><div class=\"fusion-fullwidth fullwidth-box fusion-builder-row-2 nonhundred-percent-fullwidth non-hundred-percent-height-scrolling\" style=\"background-color: rgba(255,255,255,0);background-position: center center;background-repeat: no-repeat;padding-top:0px;padding-right:0px;padding-bottom:0px;padding-left:0px;margin-bottom: 0px;margin-top: 0px;border-width: 0px 0px 0px 0px;border-color:#eae9e9;border-style:solid;\" ><div class=\"fusion-builder-row fusion-row\"><div class=\"fusion-layout-column fusion_builder_column fusion-builder-column-1 fusion_builder_column_1_1 1_1 fusion-one-full fusion-column-first fusion-column-last\" style=\"margin-top:0px;margin-bottom:0px;\"><div class=\"fusion-column-wrapper fusion-flex-column-wrapper-legacy\" style=\"background-position:left top;background-repeat:no-repeat;-webkit-background-size:cover;-moz-background-size:cover;-o-background-size:cover;background-size:cover;padding: 0px 20px 0px 20px;\"><div class=\"fusion-text fusion-text-1\"><h1 style=\"text-align: center;\">TRZY WOLNE STANOWISKA DYREKTORA SZKO\u0141Y<\/h1>\n<\/div><div class=\"fusion-clearfix\"><\/div><\/div><\/div><\/div><\/div><div class=\"fusion-fullwidth fullwidth-box fusion-builder-row-3 nonhundred-percent-fullwidth non-hundred-percent-height-scrolling\" style=\"background-color: #f4f4f7;background-position: center center;background-repeat: no-repeat;padding-top:0px;padding-right:0px;padding-bottom:0px;padding-left:0px;margin-bottom: 0px;margin-top: 0px;border-width: 0px 0px 0px 0px;border-color:#eae9e9;border-style:solid;\" ><div class=\"fusion-builder-row fusion-row\"><div class=\"fusion-layout-column fusion_builder_column fusion-builder-column-2 fusion_builder_column_1_1 1_1 fusion-one-full fusion-column-first fusion-column-last\" style=\"margin-top:0px;margin-bottom:0px;\"><div class=\"fusion-column-wrapper fusion-flex-column-wrapper-legacy\" style=\"background-position:left top;background-repeat:no-repeat;-webkit-background-size:cover;-moz-background-size:cover;-o-background-size:cover;background-size:cover;padding: 0px 0px 0px 0px;\"><div class=\"fusion-text fusion-text-2\"><h1 style=\"text-align: center;\">Kelsey Yaralla Przedszkole<\/h1>\n<h1 style=\"text-align: center;\">Przedszkole Port Chalmers<\/h1>\n<h1 style=\"text-align: center;\">Rachel Reynolds Przedszkole<\/h1>\n<\/div><div class=\"fusion-clearfix\"><\/div><\/div><\/div><\/div><\/div><div class=\"fusion-fullwidth fullwidth-box fusion-builder-row-4 nonhundred-percent-fullwidth non-hundred-percent-height-scrolling\" style=\"background-color: #f4f4f7;background-position: center center;background-repeat: no-repeat;padding-top:0px;padding-right:0px;padding-bottom:0px;padding-left:0px;margin-bottom: 0px;margin-top: 0px;border-width: 0px 0px 0px 0px;border-color:#eae9e9;border-style:solid;\" ><div class=\"fusion-builder-row fusion-row\"><div class=\"fusion-layout-column fusion_builder_column fusion-builder-column-3 fusion_builder_column_1_1 1_1 fusion-one-full fusion-column-first fusion-column-last\" style=\"margin-top:0px;margin-bottom:0px;\"><div class=\"fusion-column-wrapper fusion-flex-column-wrapper-legacy\" style=\"background-position:left top;background-repeat:no-repeat;-webkit-background-size:cover;-moz-background-size:cover;-o-background-size:cover;background-size:cover;padding: 50px 50px 50px 50px;\"><div class=\"fusion-aligncenter\"><style>.fusion-body .fusion-button.button-1{border-radius:0px 0px 0px 0px;}<\/style><a class=\"fusion-button button-flat button-xlarge button-default button-1 fusion-button-default-span fusion-button-default-type\" target=\"_self\" href=\"https:\/\/dunedinkindergartens.org.nz\/pl\/full-application\/\"><span class=\"fusion-button-text\">Kliknij tutaj, aby zapozna\u0107 si\u0119 z pe\u0142n\u0105 aplikacj\u0105<\/span><\/a><\/div><div class=\"fusion-clearfix\"><\/div><\/div><\/div><\/div><\/div><div class=\"fusion-fullwidth fullwidth-box fusion-builder-row-5 hundred-percent-fullwidth non-hundred-percent-height-scrolling fusion-equal-height-columns\" style=\"background-color: rgba(255,255,255,0);background-position: left top;background-repeat: no-repeat;padding-top:0px;padding-right:0px;padding-bottom:0px;padding-left:0px;margin-bottom: 0px;margin-top: 0px;border-width: 0px 0px 0px 0px;border-color:#eae9e9;border-style:solid;\" ><div class=\"fusion-builder-row fusion-row\"><div class=\"fusion-layout-column fusion_builder_column fusion-builder-column-4 fusion_builder_column_1_3 1_3 fusion-one-third fusion-column-first\" style=\"margin-top:0px;margin-bottom:0px;\"><div class=\"fusion-column-wrapper fusion-flex-column-wrapper-legacy fusion-empty-dims-bg-image\" style=\"background-image: url(&#039;https:\/\/www.dunedinkindergartens.org.nz\/wp-content\/uploads\/2015\/03\/DK-ADMIN-1-1024x768.jpg&#039;);background-position:left top;background-repeat:no-repeat;-webkit-background-size:cover;-moz-background-size:cover;-o-background-size:cover;background-size:cover;padding: 0px 0px 0px 0px;\" data-bg-url=\"https:\/\/www.dunedinkindergartens.org.nz\/wp-content\/uploads\/2015\/03\/DK-ADMIN-1-1024x768.jpg\"><div class=\"fusion-sep-clear\"><\/div><div class=\"fusion-separator fusion-full-width-sep\" style=\"margin-left: auto;margin-right: auto;margin-top:200px;width:100%;\"><\/div><div class=\"fusion-sep-clear\"><\/div><div class=\"fusion-clearfix\"><\/div><\/div><\/div><div class=\"fusion-layout-column fusion_builder_column fusion-builder-column-5 fusion_builder_column_2_3 2_3 fusion-two-third fusion-column-last\" style=\"margin-top:0px;margin-bottom:0px;\"><div class=\"fusion-column-wrapper fusion-flex-column-wrapper-legacy\" style=\"background-position:left top;background-repeat:no-repeat;-webkit-background-size:cover;-moz-background-size:cover;-o-background-size:cover;background-size:cover;background-color:rgba(255,255,255,0);padding: 100px 14% 100px 14%;\"><div class=\"fusion-builder-row fusion-builder-row-inner fusion-row\"><div class=\"fusion-layout-column fusion_builder_column_inner fusion-builder-nested-column-0 fusion_builder_column_inner_1_1 1_1 fusion-one-full fusion-column-first fusion-column-last\" style=\"margin-top:0px;margin-bottom:0px;\"><div class=\"fusion-column-wrapper fusion-flex-column-wrapper-legacy\" style=\"background-position:left top;background-repeat:no-repeat;-webkit-background-size:cover;-moz-background-size:cover;-o-background-size:cover;background-size:cover;padding: 0px 0px 0px 0px;\"><div class=\"fusion-text fusion-text-3\"><p><strong>Przedszkola:<\/strong><\/p>\n<p><strong>Kelsey Yaralla<\/strong> (Dzia\u0142a z grup\u0105 30 dzieci)<\/p>\n<p><strong>Port Chalmers<\/strong> (Dzia\u0142a z grup\u0105 30 dzieci)<\/p>\n<p><strong>Rachel Reynolds<\/strong> (Dzia\u0142a z grup\u0105 30 dzieci)<\/p>\n<p><strong>Stanowiska: <\/strong>1fte Dyrektor Nauczyciel \u2013 40 godzin tygodniowo<\/p>\n<h4><strong>Obecne zespo\u0142y nauczycielskie:\u00a0\u00a0\u00a0 <\/strong><\/h4>\n<table style=\"height: 235px;\" width=\"1067\">\n<tbody>\n<tr>\n<td width=\"209\">\n<h4><strong>Kelsey Yaralla<\/strong><\/h4>\n<\/td>\n<td width=\"209\">\n<h4><strong>Port Chalmers<\/strong><\/h4>\n<\/td>\n<td width=\"209\">\n<h4><strong>Rachel Reynolds<\/strong><\/h4>\n<\/td>\n<\/tr>\n<tr>\n<td width=\"209\">Dyrektor szko\u0142y 1 fte (wakat)<\/p>\n<p>Nauczyciel 1fte x 2<\/p>\n<p>Nauczyciel 0,65fte<\/p>\n<p>Pomocnik nauczyciela<\/td>\n<td width=\"209\">Dyrektor szko\u0142y 1 fte (wakat)<\/p>\n<p>Nauczyciel 1fte x 2<\/p>\n<p>Pomocnik nauczyciela<\/td>\n<td width=\"209\">Dyrektor szko\u0142y 1 fte (wakat)<\/p>\n<p>Nauczyciel 1fte x 2<\/p>\n<p>Pomocnik nauczyciela<\/td>\n<\/tr>\n<\/tbody>\n<\/table>\n<p><strong>Opisy spo\u0142eczno\u015bci<\/strong><br \/>\n<strong>Kelsey Yaralla Przedszkole<\/strong> znajduje si\u0119 w sercu uniwersytetu na brzegach Owheo. Nasze przestronne \u015brodowisko edukacyjne jest dynamiczne i dobrze wyposa\u017cone, wspieraj\u0105c dzieci w byciu niezale\u017cnymi i pewnymi siebie uczniami. Pi\u0119kna przestrze\u0144 zewn\u0119trzna nadaje si\u0119 do sezonowego krajobrazu i naprawd\u0119 odzwierciedla ogr\u00f3d dla dzieci, co jest tym, co oznacza przedszkole. Kelsey Yaralla Kindergarten to ca\u0142odzienne przedszkole przez ca\u0142y rok, zapewniaj\u0105ce bezpieczn\u0105 i opieku\u0144cz\u0105 us\u0142ug\u0119 dla dzieci, aby uczy\u0142y si\u0119 poprzez zabaw\u0119 od 8:30 do 17:00.<\/p>\n<p><strong>Przedszkole Port Chalmers<\/strong> znajduje si\u0119 na przedmie\u015bciach Port Chalmers, dziesi\u0119\u0107 kilometr\u00f3w od miasta Dunedin. Dzieci ucz\u0119szczaj\u0105 do nas z wielu oddalonych spo\u0142eczno\u015bci. Znajdujemy si\u0119 w odleg\u0142o\u015bci spaceru od Port Chalmers Primary School, z kt\u00f3r\u0105 nawi\u0105zujemy regularne kontakty. Spo\u0142eczno\u015b\u0107 jest \u015bci\u015ble zwi\u0105zana z centrum tego przedszkola. Jeste\u015bmy bardzo dumni z naszego terenu zewn\u0119trznego, kt\u00f3ry odzwierciedla lokalny kontekst kulturowy miasta portowego, a tak\u017ce z s\u0105siedniego Orokonui Eco Sanctuary, z kt\u00f3rym wsp\u00f3\u0142pracujemy w ramach naszego programu Eco Warriors. Cenimy r\u00f3\u017cnorodno\u015b\u0107. Cenimy sobie zr\u00f3wnowa\u017con\u0105 praktyk\u0119 i dba\u0142o\u015b\u0107 o nasze cenne \u015brodowisko. Dzieci ucz\u0119szczaj\u0105 do przedszkola od 8:30 do 14:30 od poniedzia\u0142ku do pi\u0105tku, a my pozostajemy otwarci podczas przerw semestralnych.<\/p>\n<p><strong>Przedszkole Rachel Reynolds<\/strong> znajduje si\u0119 w sercu South Dunedin, a nasze rodziny pochodz\u0105 z ca\u0142ego Dunedin. Jest to spo\u0142eczno\u015b\u0107 o zr\u00f3\u017cnicowanej kulturze i wsp\u00f3\u0142pracujemy z innymi agencjami i us\u0142ugami, aby zapewni\u0107 inkluzywny lokalny program nauczania dla wszystkich uczni\u00f3w. Przedszkole Rachel Reynolds szczyci si\u0119 swoim duchem spo\u0142eczno\u015bci. Dzieci ucz\u0119szczaj\u0105 do przedszkola od 8:30 do 14:30 od poniedzia\u0142ku do pi\u0105tku, a obecnie przedszkole jest zamykane na czas przerw semestralnych.<\/p>\n<p><strong>Nasz Kodeks, Nasze Standardy<\/strong><\/p>\n<p>Kodeks okre\u015bla wysokie standardy etycznego zachowania, kt\u00f3rych oczekuje si\u0119 od ka\u017cdego nauczyciela; Standardy opisuj\u0105 oczekiwania dotycz\u0105ce skutecznej praktyki nauczania. Po mianowaniu na stanowisko kaiako w przedszkolach Dunedin oczekuje si\u0119, \u017ce zawsze b\u0119dziesz przestrzega\u0107 warto\u015bci zawartych w kodeksie i spe\u0142nia\u0107 Standardy zawodu nauczyciela.<\/p>\n<p><strong>Wymagania szczeg\u00f3\u0142owe dla dyrektora szko\u0142y, kt\u00f3ry:<\/strong><\/p>\n<ul>\n<li>Jest liderem, kt\u00f3ry potrafi nawi\u0105za\u0107 kontakt z r\u00f3\u017cnorodno\u015bci\u0105 rodzin, kt\u00f3rym s\u0142u\u017cy przedszkole.<\/li>\n<\/ul>\n<ul>\n<li>Stanowi wz\u00f3r i oczekuje profesjonalnej odpowiedzialno\u015bci oraz zbiorowej odpowiedzialno\u015bci za dobrostan i nauk\u0119 wszystkich dzieci w przedszkolu, dbaj\u0105c o to, aby rado\u015b\u0107 i nauka sz\u0142y ze sob\u0105 w parze.<\/li>\n<\/ul>\n<ul>\n<li>Jako lider promuje \u015brodowisko wsp\u00f3\u0142pracy, zach\u0119ca pracownik\u00f3w do wk\u0142adu, docenia mocne strony innych i ceni prac\u0119 zespo\u0142ow\u0105<\/li>\n<li>Zachowuje optymistyczne nastawienie, inspiruj\u0105c innych do przyjmowania zmian i wyzwa\u0144 z entuzjazmem<\/li>\n<\/ul>\n<ul>\n<li>Demonstruje i przewodzi, anga\u017cuj\u0105c si\u0119 w Te Tiriti o Waitangi<\/li>\n<\/ul>\n<ul>\n<li>Jest skutecznym liderem pedagogicznym w zakresie nauczania i uczenia si\u0119 oraz oceny wewn\u0119trznej<\/li>\n<li>Wdra\u017ca i ocenia systemy, procesy i praktyki sprzyjaj\u0105ce ci\u0105g\u0142emu doskonaleniu.<\/li>\n<li>Gotowo\u015b\u0107 do pozytywnej i wra\u017cliwej wsp\u00f3\u0142pracy w ramach profesjonalnego partnerstwa z komitetem\/szersz\u0105 spo\u0142eczno\u015bci\u0105 przedszkoli w Dunedin.<\/li>\n<\/ul>\n<ul>\n<li>Aktywnie promuje pozytywny wizerunek przedszkola w spo\u0142eczno\u015bci.<\/li>\n<\/ul>\n<\/div><div class=\"fusion-clearfix\"><\/div><\/div><\/div><\/div><div class=\"fusion-clearfix\"><\/div><\/div><\/div><div class=\"fusion-layout-column fusion_builder_column fusion-builder-column-6 fusion_builder_column_1_3 1_3 fusion-one-third fusion-column-first\" style=\"margin-top:0px;margin-bottom:0px;\"><div class=\"fusion-column-wrapper fusion-flex-column-wrapper-legacy\" style=\"background-position:left top;background-repeat:no-repeat;-webkit-background-size:cover;-moz-background-size:cover;-o-background-size:cover;background-size:cover;background-color:rgba(255,255,255,0);padding: 100px 14% 100px 14%;\"><div class=\"fusion-builder-row fusion-builder-row-inner fusion-row\"><div class=\"fusion-layout-column fusion_builder_column_inner fusion-builder-nested-column-1 fusion_builder_column_inner_1_1 1_1 fusion-one-full fusion-column-first fusion-column-last\" style=\"margin-top:0px;margin-bottom:0px;\"><div class=\"fusion-column-wrapper fusion-flex-column-wrapper-legacy\" style=\"background-position:left top;background-repeat:no-repeat;-webkit-background-size:cover;-moz-background-size:cover;-o-background-size:cover;background-size:cover;padding: 0px 0px 0px 0px;\"><div class=\"fusion-text fusion-text-4\"><h1>Opis stanowiska<\/h1>\n<p>Aby do\u0142\u0105czy\u0107 do nas jako nauczyciel, znajdziesz tutaj wszystkie niezb\u0119dne informacje:<\/p>\n<p><strong><a href=\"https:\/\/dunedinkindergartens.org.nz\/wp-content\/uploads\/2024\/08\/Head-Teacher-POSITION-DESCRIPTION-Aug-2024.pdf\">Opis stanowiska dyrektora szko\u0142y<\/a><\/strong><\/p>\n<\/div><div class=\"fusion-clearfix\"><\/div><\/div><\/div><\/div><div class=\"fusion-clearfix\"><\/div><\/div><\/div><div class=\"fusion-layout-column fusion_builder_column fusion-builder-column-7 fusion_builder_column_2_3 2_3 fusion-two-third fusion-column-last\" style=\"margin-top:0px;margin-bottom:0px;\"><div class=\"fusion-column-wrapper fusion-flex-column-wrapper-legacy fusion-empty-dims-bg-image\" style=\"background-image: url(&#039;https:\/\/www.dunedinkindergartens.org.nz\/wp-content\/uploads\/2018\/09\/IMG_3806-Resize-e1537498656638.jpg&#039;);background-position:right center;background-repeat:no-repeat;-webkit-background-size:cover;-moz-background-size:cover;-o-background-size:cover;background-size:cover;padding: 0px 0px 0px 0px;\" data-bg-url=\"https:\/\/www.dunedinkindergartens.org.nz\/wp-content\/uploads\/2018\/09\/IMG_3806-Resize-e1537498656638.jpg\"><div class=\"fusion-sep-clear\"><\/div><div class=\"fusion-separator fusion-full-width-sep\" style=\"margin-left: auto;margin-right: auto;margin-top:200px;width:100%;\"><\/div><div class=\"fusion-sep-clear\"><\/div><div class=\"fusion-clearfix\"><\/div><\/div><\/div><\/div><\/div><\/p>","protected":false},"excerpt":{"rendered":"","protected":false},"author":6,"featured_media":0,"parent":742,"menu_order":0,"comment_status":"closed","ping_status":"closed","template":"100-width.php","meta":{"footnotes":""},"class_list":["post-1681","page","type-page","status-publish","hentry"],"yoast_head":"<!-- This site is optimized with the Yoast SEO plugin v27.2 - https:\/\/yoast.com\/product\/yoast-seo-wordpress\/ -->\n<title>Current Vacancies - Head Teacher Positions - Dunedin Kindergartens<\/title>\n<meta name=\"robots\" content=\"index, follow, max-snippet:-1, max-image-preview:large, max-video-preview:-1\" \/>\n<link rel=\"canonical\" href=\"https:\/\/dunedinkindergartens.org.nz\/pl\/careers-2\/current_vacancies_ht\/\" \/>\n<meta property=\"og:locale\" content=\"pl_PL\" \/>\n<meta property=\"og:type\" content=\"article\" \/>\n<meta property=\"og:title\" content=\"Current Vacancies - Head Teacher Positions - Dunedin Kindergartens\" \/>\n<meta property=\"og:url\" content=\"https:\/\/dunedinkindergartens.org.nz\/pl\/careers-2\/current_vacancies_ht\/\" \/>\n<meta property=\"og:site_name\" content=\"Dunedin Kindergartens\" \/>\n<meta property=\"article:modified_time\" content=\"2025-02-13T20:54:55+00:00\" \/>\n<meta name=\"twitter:card\" content=\"summary_large_image\" \/>\n<meta name=\"twitter:label1\" content=\"Szacowany czas czytania\" \/>\n\t<meta name=\"twitter:data1\" content=\"7 minut\" \/>\n<script type=\"application\/ld+json\" class=\"yoast-schema-graph\">{\"@context\":\"https:\/\/schema.org\",\"@graph\":[{\"@type\":\"WebPage\",\"@id\":\"https:\/\/dunedinkindergartens.org.nz\/careers-2\/current_vacancies_ht\/\",\"url\":\"https:\/\/dunedinkindergartens.org.nz\/careers-2\/current_vacancies_ht\/\",\"name\":\"Current Vacancies - Head Teacher Positions - Dunedin Kindergartens\",\"isPartOf\":{\"@id\":\"https:\/\/dunedinkindergartens.org.nz\/#website\"},\"datePublished\":\"2019-02-13T08:31:24+00:00\",\"dateModified\":\"2025-02-13T20:54:55+00:00\",\"breadcrumb\":{\"@id\":\"https:\/\/dunedinkindergartens.org.nz\/careers-2\/current_vacancies_ht\/#breadcrumb\"},\"inLanguage\":\"pl-PL\",\"potentialAction\":[{\"@type\":\"ReadAction\",\"target\":[\"https:\/\/dunedinkindergartens.org.nz\/careers-2\/current_vacancies_ht\/\"]}]},{\"@type\":\"BreadcrumbList\",\"@id\":\"https:\/\/dunedinkindergartens.org.nz\/careers-2\/current_vacancies_ht\/#breadcrumb\",\"itemListElement\":[{\"@type\":\"ListItem\",\"position\":1,\"name\":\"Home\",\"item\":\"https:\/\/dunedinkindergartens.org.nz\/\"},{\"@type\":\"ListItem\",\"position\":2,\"name\":\"Careers\",\"item\":\"https:\/\/dunedinkindergartens.org.nz\/careers-2\/\"},{\"@type\":\"ListItem\",\"position\":3,\"name\":\"Current Vacancies &#8211; Head Teacher Positions\"}]},{\"@type\":\"WebSite\",\"@id\":\"https:\/\/dunedinkindergartens.org.nz\/#website\",\"url\":\"https:\/\/dunedinkindergartens.org.nz\/\",\"name\":\"Dunedin Kindergartens\",\"description\":\"Top quality, affordable early childhood education for children 2 \u2013 5 years old.\",\"potentialAction\":[{\"@type\":\"SearchAction\",\"target\":{\"@type\":\"EntryPoint\",\"urlTemplate\":\"https:\/\/dunedinkindergartens.org.nz\/?s={search_term_string}\"},\"query-input\":{\"@type\":\"PropertyValueSpecification\",\"valueRequired\":true,\"valueName\":\"search_term_string\"}}],\"inLanguage\":\"pl-PL\"}]}<\/script>\n<!-- \/ Yoast SEO plugin. -->","yoast_head_json":{"title":"Current Vacancies - Head Teacher Positions - Dunedin Kindergartens","robots":{"index":"index","follow":"follow","max-snippet":"max-snippet:-1","max-image-preview":"max-image-preview:large","max-video-preview":"max-video-preview:-1"},"canonical":"https:\/\/dunedinkindergartens.org.nz\/pl\/careers-2\/current_vacancies_ht\/","og_locale":"pl_PL","og_type":"article","og_title":"Current Vacancies - Head Teacher Positions - Dunedin Kindergartens","og_url":"https:\/\/dunedinkindergartens.org.nz\/pl\/careers-2\/current_vacancies_ht\/","og_site_name":"Dunedin Kindergartens","article_modified_time":"2025-02-13T20:54:55+00:00","twitter_card":"summary_large_image","twitter_misc":{"Szacowany czas czytania":"7 minut"},"schema":{"@context":"https:\/\/schema.org","@graph":[{"@type":"WebPage","@id":"https:\/\/dunedinkindergartens.org.nz\/careers-2\/current_vacancies_ht\/","url":"https:\/\/dunedinkindergartens.org.nz\/careers-2\/current_vacancies_ht\/","name":"Current Vacancies - Head Teacher Positions - Dunedin Kindergartens","isPartOf":{"@id":"https:\/\/dunedinkindergartens.org.nz\/#website"},"datePublished":"2019-02-13T08:31:24+00:00","dateModified":"2025-02-13T20:54:55+00:00","breadcrumb":{"@id":"https:\/\/dunedinkindergartens.org.nz\/careers-2\/current_vacancies_ht\/#breadcrumb"},"inLanguage":"pl-PL","potentialAction":[{"@type":"ReadAction","target":["https:\/\/dunedinkindergartens.org.nz\/careers-2\/current_vacancies_ht\/"]}]},{"@type":"BreadcrumbList","@id":"https:\/\/dunedinkindergartens.org.nz\/careers-2\/current_vacancies_ht\/#breadcrumb","itemListElement":[{"@type":"ListItem","position":1,"name":"Home","item":"https:\/\/dunedinkindergartens.org.nz\/"},{"@type":"ListItem","position":2,"name":"Careers","item":"https:\/\/dunedinkindergartens.org.nz\/careers-2\/"},{"@type":"ListItem","position":3,"name":"Current Vacancies &#8211; Head Teacher Positions"}]},{"@type":"WebSite","@id":"https:\/\/dunedinkindergartens.org.nz\/#website","url":"https:\/\/dunedinkindergartens.org.nz\/","name":"Przedszkola w Dunedin","description":"Najwy\u017cszej jako\u015bci, niedroga edukacja wczesnoszkolna dla dzieci w wieku 2-5 lat.","potentialAction":[{"@type":"SearchAction","target":{"@type":"EntryPoint","urlTemplate":"https:\/\/dunedinkindergartens.org.nz\/?s={search_term_string}"},"query-input":{"@type":"PropertyValueSpecification","valueRequired":true,"valueName":"search_term_string"}}],"inLanguage":"pl-PL"}]}},"_links":{"self":[{"href":"https:\/\/dunedinkindergartens.org.nz\/pl\/wp-json\/wp\/v2\/pages\/1681","targetHints":{"allow":["GET"]}}],"collection":[{"href":"https:\/\/dunedinkindergartens.org.nz\/pl\/wp-json\/wp\/v2\/pages"}],"about":[{"href":"https:\/\/dunedinkindergartens.org.nz\/pl\/wp-json\/wp\/v2\/types\/page"}],"author":[{"embeddable":true,"href":"https:\/\/dunedinkindergartens.org.nz\/pl\/wp-json\/wp\/v2\/users\/6"}],"replies":[{"embeddable":true,"href":"https:\/\/dunedinkindergartens.org.nz\/pl\/wp-json\/wp\/v2\/comments?post=1681"}],"version-history":[{"count":45,"href":"https:\/\/dunedinkindergartens.org.nz\/pl\/wp-json\/wp\/v2\/pages\/1681\/revisions"}],"predecessor-version":[{"id":2664,"href":"https:\/\/dunedinkindergartens.org.nz\/pl\/wp-json\/wp\/v2\/pages\/1681\/revisions\/2664"}],"up":[{"embeddable":true,"href":"https:\/\/dunedinkindergartens.org.nz\/pl\/wp-json\/wp\/v2\/pages\/742"}],"wp:attachment":[{"href":"https:\/\/dunedinkindergartens.org.nz\/pl\/wp-json\/wp\/v2\/media?parent=1681"}],"curies":[{"name":"wp","href":"https:\/\/api.w.org\/{rel}","templated":true}]}}