{"id":1806,"date":"2020-03-17T14:36:03","date_gmt":"2020-03-17T01:36:03","guid":{"rendered":"https:\/\/www.dunedinkindergartens.org.nz\/?page_id=1806"},"modified":"2026-01-16T11:12:27","modified_gmt":"2026-01-15T22:12:27","slug":"current-vacancies-teacher-st_kilda-0-35fte","status":"publish","type":"page","link":"https:\/\/dunedinkindergartens.org.nz\/it\/careers-2\/current-vacancies-teacher-st_kilda-0-35fte\/","title":{"rendered":"Current Vacancies &#8211; Teacher &#8211; St Kilda 0.35fte"},"content":{"rendered":"<p><div class=\"fusion-fullwidth fullwidth-box fusion-builder-row-1 has-pattern-background has-mask-background fusion-parallax-none nonhundred-percent-fullwidth non-hundred-percent-height-scrolling\" style=\"background-color: rgba(255,255,255,0);background-image: url(&quot;https:\/\/dunedinkindergartens.org.nz\/wp-content\/uploads\/2026\/01\/Picture1-3-e1768514904303.jpg&quot;);background-position: center center;background-repeat: no-repeat;padding-top:100px;padding-right:0px;padding-bottom:500px;padding-left:0px;margin-bottom: 0px;margin-top: 0px;border-width: 0px 0px 0px 0px;border-color:#eae9e9;border-style:solid;-webkit-background-size:cover;-moz-background-size:cover;-o-background-size:cover;background-size:cover;\" ><div class=\"fusion-builder-row fusion-row\"><div class=\"fusion-layout-column fusion_builder_column fusion-builder-column-0 fusion_builder_column_1_1 1_1 fusion-one-full fusion-column-first fusion-column-last\" style=\"margin-top:0px;margin-bottom:0px;\"><div class=\"fusion-column-wrapper fusion-flex-column-wrapper-legacy\" style=\"background-position:left top;background-repeat:no-repeat;-webkit-background-size:cover;-moz-background-size:cover;-o-background-size:cover;background-size:cover;padding: 0px 20px 0px 20px;\"><div class=\"fusion-clearfix\"><\/div><\/div><\/div><\/div><\/div><div class=\"fusion-fullwidth fullwidth-box fusion-builder-row-2 nonhundred-percent-fullwidth non-hundred-percent-height-scrolling\" style=\"background-color: rgba(255,255,255,0);background-position: left top;background-repeat: no-repeat;padding-top:0px;padding-right:0px;padding-bottom:75px;padding-left:0px;margin-bottom: 0px;margin-top: 0px;border-width: 0px 0px 0px 0px;border-color:#eae9e9;border-style:solid;\" ><div class=\"fusion-builder-row fusion-row\"><div class=\"fusion-layout-column fusion_builder_column fusion-builder-column-1 fusion_builder_column_1_1 1_1 fusion-one-full fusion-column-first fusion-column-last\" style=\"margin-top:0px;margin-bottom:0px;\"><div class=\"fusion-column-wrapper fusion-flex-column-wrapper-legacy\" style=\"background-position:left top;background-repeat:no-repeat;-webkit-background-size:cover;-moz-background-size:cover;-o-background-size:cover;background-size:cover;padding: 0px 20px 0px 20px;\"><div class=\"fusion-text fusion-text-1\"><h1 style=\"text-align: center;\">POSIZIONI VACANTI ATTUALI<\/h1>\n<\/div><div class=\"fusion-clearfix\"><\/div><\/div><\/div><\/div><\/div><div class=\"fusion-fullwidth fullwidth-box fusion-builder-row-3 nonhundred-percent-fullwidth non-hundred-percent-height-scrolling\" style=\"background-color: #f4f4f7;background-position: center center;background-repeat: no-repeat;padding-top:0px;padding-right:0px;padding-bottom:0px;padding-left:0px;margin-bottom: 0px;margin-top: 0px;border-width: 0px 0px 0px 0px;border-color:#eae9e9;border-style:solid;\" ><div class=\"fusion-builder-row fusion-row\"><div class=\"fusion-layout-column fusion_builder_column fusion-builder-column-2 fusion_builder_column_1_1 1_1 fusion-one-full fusion-column-first fusion-column-last\" style=\"margin-top:0px;margin-bottom:0px;\"><div class=\"fusion-column-wrapper fusion-flex-column-wrapper-legacy\" style=\"background-position:left top;background-repeat:no-repeat;-webkit-background-size:cover;-moz-background-size:cover;-o-background-size:cover;background-size:cover;padding: 0px 0px 0px 0px;\"><div class=\"fusion-text fusion-text-2\"><h1 style=\"text-align: center;\">St Kilda 0.35fte<\/h1>\n<h4 style=\"text-align: center;\"><\/h4>\n<\/div><div class=\"fusion-clearfix\"><\/div><\/div><\/div><\/div><\/div><div class=\"fusion-fullwidth fullwidth-box fusion-builder-row-4 nonhundred-percent-fullwidth non-hundred-percent-height-scrolling\" style=\"background-color: #f4f4f7;background-position: center center;background-repeat: no-repeat;padding-top:0px;padding-right:0px;padding-bottom:0px;padding-left:0px;margin-bottom: 0px;margin-top: 0px;border-width: 0px 0px 0px 0px;border-color:#eae9e9;border-style:solid;\" ><div class=\"fusion-builder-row fusion-row\"><div class=\"fusion-layout-column fusion_builder_column fusion-builder-column-3 fusion_builder_column_1_1 1_1 fusion-one-full fusion-column-first fusion-column-last\" style=\"margin-top:0px;margin-bottom:0px;\"><div class=\"fusion-column-wrapper fusion-flex-column-wrapper-legacy\" style=\"background-position:left top;background-repeat:no-repeat;-webkit-background-size:cover;-moz-background-size:cover;-o-background-size:cover;background-size:cover;padding: 50px 50px 50px 50px;\"><div class=\"fusion-aligncenter\"><style>.fusion-body .fusion-button.button-1{border-radius:0px 0px 0px 0px;}<\/style><a class=\"fusion-button button-flat button-xlarge button-default button-1 fusion-button-default-span fusion-button-default-type\" target=\"_self\" href=\"https:\/\/dunedinkindergartens.org.nz\/it\/full-application\/\"><span class=\"fusion-button-text\">Clicca qui per la domanda completa<\/span><\/a><\/div><div class=\"fusion-clearfix\"><\/div><\/div><\/div><\/div><\/div><div class=\"fusion-fullwidth fullwidth-box fusion-builder-row-5 hundred-percent-fullwidth non-hundred-percent-height-scrolling fusion-equal-height-columns\" style=\"background-color: rgba(255,255,255,0);background-position: left top;background-repeat: no-repeat;padding-top:0px;padding-right:0px;padding-bottom:0px;padding-left:0px;margin-bottom: 0px;margin-top: 0px;border-width: 0px 0px 0px 0px;border-color:#eae9e9;border-style:solid;\" ><div class=\"fusion-builder-row fusion-row\"><div class=\"fusion-layout-column fusion_builder_column fusion-builder-column-4 fusion_builder_column_1_3 1_3 fusion-one-third fusion-column-first\" style=\"margin-top:0px;margin-bottom:0px;\"><div class=\"fusion-column-wrapper fusion-flex-column-wrapper-legacy fusion-empty-dims-bg-image\" style=\"background-image: url(&#039;https:\/\/www.dunedinkindergartens.org.nz\/wp-content\/uploads\/2015\/03\/DK-ADMIN-1-1024x768.jpg&#039;);background-position:left top;background-repeat:no-repeat;-webkit-background-size:cover;-moz-background-size:cover;-o-background-size:cover;background-size:cover;padding: 0px 0px 0px 0px;\" data-bg-url=\"https:\/\/www.dunedinkindergartens.org.nz\/wp-content\/uploads\/2015\/03\/DK-ADMIN-1-1024x768.jpg\"><div class=\"fusion-sep-clear\"><\/div><div class=\"fusion-separator fusion-full-width-sep\" style=\"margin-left: auto;margin-right: auto;margin-top:200px;width:100%;\"><\/div><div class=\"fusion-sep-clear\"><\/div><div class=\"fusion-clearfix\"><\/div><\/div><\/div><div class=\"fusion-layout-column fusion_builder_column fusion-builder-column-5 fusion_builder_column_2_3 2_3 fusion-two-third fusion-column-last\" style=\"margin-top:0px;margin-bottom:0px;\"><div class=\"fusion-column-wrapper fusion-flex-column-wrapper-legacy\" style=\"background-position:left top;background-repeat:no-repeat;-webkit-background-size:cover;-moz-background-size:cover;-o-background-size:cover;background-size:cover;background-color:rgba(255,255,255,0);padding: 100px 14% 100px 14%;\"><div class=\"fusion-builder-row fusion-builder-row-inner fusion-row\"><div class=\"fusion-layout-column fusion_builder_column_inner fusion-builder-nested-column-0 fusion_builder_column_inner_1_1 1_1 fusion-one-full fusion-column-first fusion-column-last\" style=\"margin-top:0px;margin-bottom:0px;\"><div class=\"fusion-column-wrapper fusion-flex-column-wrapper-legacy\" style=\"background-position:left top;background-repeat:no-repeat;-webkit-background-size:cover;-moz-background-size:cover;-o-background-size:cover;background-size:cover;padding: 0px 0px 0px 0px;\"><div class=\"fusion-text fusion-text-3\"><p><strong>Asilo<\/strong><strong>:<\/strong> St Kilda (Operating with a roll of 30 children)<\/p>\n<p><strong>Posizione:<\/strong> 0.35fte Teacher (14 hours per week, spread across 5 days)<\/p>\n<table>\n<tbody>\n<tr>\n<td width=\"125\">Mon: 12.30pm \u2013 2.45pm<\/td>\n<td width=\"125\">Tues: 12.30pm \u2013 4:15pm<\/td>\n<td width=\"125\">Weds: 11.15pm \u2013 2.45pm<\/td>\n<td width=\"125\">Thurs: 12.30pm \u2013 2.45pm<\/td>\n<td width=\"162\">Fri: 12.30pm \u2013 2.45pm<\/td>\n<\/tr>\n<\/tbody>\n<\/table>\n<p><strong>Teaching Team:<\/strong><strong><br \/>\n<\/strong>Head teacher<br \/>\nInsegnante 1fte x 2\u00a0 \u00a0 \u00a0 \u00a0 \u00a0 \u00a0 \u00a0 \u00a0 \u00a0 \u00a0 \u00a0 \u00a0 \u00a0 \u00a0\u00a0 \u00a0 \u00a0 \u00a0 \u00a0 \u00a0 \u00a0 \u00a0 \u00a0 \u00a0 \u00a0\u00a0<strong><br \/>\n<\/strong>Teacher 0.35fte (Vacant position)<br \/>\nAssistente insegnante\u00a0\u00a0\u00a0\u00a0\u00a0\u00a0\u00a0\u00a0\u00a0\u00a0\u00a0\u00a0\u00a0\u00a0 \u00a0\u00a0\u00a0\u00a0\u00a0\u00a0\u00a0\u00a0\u00a0\u00a0\u00a0 <strong>\u00a0\u00a0\u00a0\u00a0\u00a0\u00a0\u00a0\u00a0\u00a0\u00a0\u00a0\u00a0\u00a0\u00a0\u00a0\u00a0\u00a0\u00a0\u00a0\u00a0\u00a0\u00a0\u00a0 <\/strong><\/p>\n<h4>Descrizione della comunit\u00e0<\/h4>\n<p>St Kilda Kindergarten is located at 47 Victoria Road St Kilda, South Dunedin with an environment which reflects our coastal position. We foster imaginative play and exploration within our coastal setting, where tamariki have the freedom to explore, respect and appreciate the natural environment.<\/p>\n<p>We have been recognised nationally for our commitment to learning NZSL and creating an inclusive and accessible learning environment for children.<\/p>\n<p>St Kilda offers a \u2018kindergarten day\u2019 programme: Monday to Friday 8.30am &#8211; 2.30pm. We are an all-year kindergarten. We are open during the April, July, and Oct term breaks and re-open earlier in Jan.<\/p>\n<p><strong>Il nostro codice, i nostri standard<\/strong><\/p>\n<p>Il Codice stabilisce gli elevati standard di comportamento etico che ci si aspetta da ogni insegnante; gli Standard descrivono le aspettative per una pratica didattica efficace. Al momento della nomina a insegnante presso gli asili nido di Dunedin, ci si aspetta che aderisca sempre ai valori del codice e che rispetti gli Standard per la professione di insegnante.<\/p>\n<h4>Requisiti specifici di un insegnante:<\/h4>\n<ul>\n<li>Costruisce partnership rispettose e professionali con le famiglie, i wh\u0101nau, il comitato e la comunit\u00e0, in cui i bambini rimangono al centro di tutto ci\u00f2 che fai.<\/li>\n<li>Entusiasta e motivato, sa lavorare bene in team e condividere conoscenze e competenze.<\/li>\n<li>Senso dell&#039;umorismo e spirito di squadra.<\/li>\n<li>Empatico e premuroso, promuove pratiche inclusive per supportare le esigenze e le capacit\u00e0 di tutti gli studenti.<\/li>\n<li>Competente nella valutazione dell&#039;apprendimento e contribuisce alla valutazione interna.<\/li>\n<li>Apprezza l&#039;importanza del gioco all&#039;aria aperta.<\/li>\n<li>Accoglie il cambiamento ed \u00e8 desideroso di promuovere un profilo positivo all&#039;asilo.<\/li>\n<\/ul>\n<\/div><div class=\"fusion-clearfix\"><\/div><\/div><\/div><\/div><div class=\"fusion-clearfix\"><\/div><\/div><\/div><div class=\"fusion-layout-column fusion_builder_column fusion-builder-column-6 fusion_builder_column_1_3 1_3 fusion-one-third fusion-column-first\" style=\"margin-top:0px;margin-bottom:0px;\"><div class=\"fusion-column-wrapper fusion-flex-column-wrapper-legacy\" style=\"background-position:left top;background-repeat:no-repeat;-webkit-background-size:cover;-moz-background-size:cover;-o-background-size:cover;background-size:cover;background-color:rgba(255,255,255,0);padding: 100px 14% 100px 14%;\"><div class=\"fusion-builder-row fusion-builder-row-inner fusion-row\"><div class=\"fusion-layout-column fusion_builder_column_inner fusion-builder-nested-column-1 fusion_builder_column_inner_1_1 1_1 fusion-one-full fusion-column-first fusion-column-last\" style=\"margin-top:0px;margin-bottom:0px;\"><div class=\"fusion-column-wrapper fusion-flex-column-wrapper-legacy\" style=\"background-position:left top;background-repeat:no-repeat;-webkit-background-size:cover;-moz-background-size:cover;-o-background-size:cover;background-size:cover;padding: 0px 0px 0px 0px;\"><div class=\"fusion-text fusion-text-4\"><h1>Descrizione della posizione<\/h1>\n<p>Per unirti a noi come insegnante, scopri tutto ci\u00f2 che devi sapere qui:<\/p>\n<p><strong><a href=\"https:\/\/www.dunedinkindergartens.org.nz\/wp-content\/uploads\/2018\/09\/Teacher-position-description.pdf\">Descrizione della posizione di insegnante<\/a><\/strong><\/p>\n<\/div><div class=\"fusion-clearfix\"><\/div><\/div><\/div><\/div><div class=\"fusion-clearfix\"><\/div><\/div><\/div><div class=\"fusion-layout-column fusion_builder_column fusion-builder-column-7 fusion_builder_column_2_3 2_3 fusion-two-third fusion-column-last\" style=\"margin-top:0px;margin-bottom:0px;\"><div class=\"fusion-column-wrapper fusion-flex-column-wrapper-legacy fusion-empty-dims-bg-image\" style=\"background-image: url(&#039;https:\/\/www.dunedinkindergartens.org.nz\/wp-content\/uploads\/2018\/09\/IMG_3806-Resize-e1537498656638.jpg&#039;);background-position:right center;background-repeat:no-repeat;-webkit-background-size:cover;-moz-background-size:cover;-o-background-size:cover;background-size:cover;padding: 0px 0px 0px 0px;\" data-bg-url=\"https:\/\/www.dunedinkindergartens.org.nz\/wp-content\/uploads\/2018\/09\/IMG_3806-Resize-e1537498656638.jpg\"><div class=\"fusion-sep-clear\"><\/div><div class=\"fusion-separator fusion-full-width-sep\" style=\"margin-left: auto;margin-right: auto;margin-top:200px;width:100%;\"><\/div><div class=\"fusion-sep-clear\"><\/div><div class=\"fusion-clearfix\"><\/div><\/div><\/div><\/div><\/div><\/p>","protected":false},"excerpt":{"rendered":"","protected":false},"author":6,"featured_media":0,"parent":742,"menu_order":0,"comment_status":"closed","ping_status":"closed","template":"100-width.php","meta":{"footnotes":""},"class_list":["post-1806","page","type-page","status-publish","hentry"],"yoast_head":"<!-- This site is optimized with the Yoast SEO plugin v27.2 - https:\/\/yoast.com\/product\/yoast-seo-wordpress\/ -->\n<title>Current Vacancies - Teacher - St Kilda 0.35fte - Dunedin Kindergartens<\/title>\n<meta name=\"robots\" content=\"index, follow, max-snippet:-1, max-image-preview:large, max-video-preview:-1\" \/>\n<link rel=\"canonical\" href=\"https:\/\/dunedinkindergartens.org.nz\/it\/careers-2\/current-vacancies-teacher-st_kilda-0-35fte\/\" \/>\n<meta property=\"og:locale\" content=\"it_IT\" \/>\n<meta property=\"og:type\" content=\"article\" \/>\n<meta property=\"og:title\" content=\"Current Vacancies - Teacher - St Kilda 0.35fte - Dunedin Kindergartens\" \/>\n<meta property=\"og:url\" content=\"https:\/\/dunedinkindergartens.org.nz\/it\/careers-2\/current-vacancies-teacher-st_kilda-0-35fte\/\" \/>\n<meta property=\"og:site_name\" content=\"Dunedin Kindergartens\" \/>\n<meta property=\"article:modified_time\" content=\"2026-01-15T22:12:27+00:00\" \/>\n<meta name=\"twitter:card\" content=\"summary_large_image\" \/>\n<meta name=\"twitter:label1\" content=\"Tempo di lettura stimato\" \/>\n\t<meta name=\"twitter:data1\" content=\"6 minuti\" \/>\n<script type=\"application\/ld+json\" class=\"yoast-schema-graph\">{\"@context\":\"https:\/\/schema.org\",\"@graph\":[{\"@type\":\"WebPage\",\"@id\":\"https:\/\/dunedinkindergartens.org.nz\/careers-2\/current-vacancies-teacher-st_kilda-0-35fte\/\",\"url\":\"https:\/\/dunedinkindergartens.org.nz\/careers-2\/current-vacancies-teacher-st_kilda-0-35fte\/\",\"name\":\"Current Vacancies - Teacher - St Kilda 0.35fte - Dunedin Kindergartens\",\"isPartOf\":{\"@id\":\"https:\/\/dunedinkindergartens.org.nz\/#website\"},\"datePublished\":\"2020-03-17T01:36:03+00:00\",\"dateModified\":\"2026-01-15T22:12:27+00:00\",\"breadcrumb\":{\"@id\":\"https:\/\/dunedinkindergartens.org.nz\/careers-2\/current-vacancies-teacher-st_kilda-0-35fte\/#breadcrumb\"},\"inLanguage\":\"it-IT\",\"potentialAction\":[{\"@type\":\"ReadAction\",\"target\":[\"https:\/\/dunedinkindergartens.org.nz\/careers-2\/current-vacancies-teacher-st_kilda-0-35fte\/\"]}]},{\"@type\":\"BreadcrumbList\",\"@id\":\"https:\/\/dunedinkindergartens.org.nz\/careers-2\/current-vacancies-teacher-st_kilda-0-35fte\/#breadcrumb\",\"itemListElement\":[{\"@type\":\"ListItem\",\"position\":1,\"name\":\"Home\",\"item\":\"https:\/\/dunedinkindergartens.org.nz\/\"},{\"@type\":\"ListItem\",\"position\":2,\"name\":\"Careers\",\"item\":\"https:\/\/dunedinkindergartens.org.nz\/careers-2\/\"},{\"@type\":\"ListItem\",\"position\":3,\"name\":\"Current Vacancies &#8211; Teacher &#8211; St Kilda 0.35fte\"}]},{\"@type\":\"WebSite\",\"@id\":\"https:\/\/dunedinkindergartens.org.nz\/#website\",\"url\":\"https:\/\/dunedinkindergartens.org.nz\/\",\"name\":\"Dunedin Kindergartens\",\"description\":\"Top quality, affordable early childhood education for children 2 \u2013 5 years old.\",\"potentialAction\":[{\"@type\":\"SearchAction\",\"target\":{\"@type\":\"EntryPoint\",\"urlTemplate\":\"https:\/\/dunedinkindergartens.org.nz\/?s={search_term_string}\"},\"query-input\":{\"@type\":\"PropertyValueSpecification\",\"valueRequired\":true,\"valueName\":\"search_term_string\"}}],\"inLanguage\":\"it-IT\"}]}<\/script>\n<!-- \/ Yoast SEO plugin. -->","yoast_head_json":{"title":"Current Vacancies - Teacher - St Kilda 0.35fte - Dunedin Kindergartens","robots":{"index":"index","follow":"follow","max-snippet":"max-snippet:-1","max-image-preview":"max-image-preview:large","max-video-preview":"max-video-preview:-1"},"canonical":"https:\/\/dunedinkindergartens.org.nz\/it\/careers-2\/current-vacancies-teacher-st_kilda-0-35fte\/","og_locale":"it_IT","og_type":"article","og_title":"Current Vacancies - Teacher - St Kilda 0.35fte - Dunedin Kindergartens","og_url":"https:\/\/dunedinkindergartens.org.nz\/it\/careers-2\/current-vacancies-teacher-st_kilda-0-35fte\/","og_site_name":"Dunedin Kindergartens","article_modified_time":"2026-01-15T22:12:27+00:00","twitter_card":"summary_large_image","twitter_misc":{"Tempo di lettura stimato":"6 minuti"},"schema":{"@context":"https:\/\/schema.org","@graph":[{"@type":"WebPage","@id":"https:\/\/dunedinkindergartens.org.nz\/careers-2\/current-vacancies-teacher-st_kilda-0-35fte\/","url":"https:\/\/dunedinkindergartens.org.nz\/careers-2\/current-vacancies-teacher-st_kilda-0-35fte\/","name":"Current Vacancies - Teacher - St Kilda 0.35fte - Dunedin Kindergartens","isPartOf":{"@id":"https:\/\/dunedinkindergartens.org.nz\/#website"},"datePublished":"2020-03-17T01:36:03+00:00","dateModified":"2026-01-15T22:12:27+00:00","breadcrumb":{"@id":"https:\/\/dunedinkindergartens.org.nz\/careers-2\/current-vacancies-teacher-st_kilda-0-35fte\/#breadcrumb"},"inLanguage":"it-IT","potentialAction":[{"@type":"ReadAction","target":["https:\/\/dunedinkindergartens.org.nz\/careers-2\/current-vacancies-teacher-st_kilda-0-35fte\/"]}]},{"@type":"BreadcrumbList","@id":"https:\/\/dunedinkindergartens.org.nz\/careers-2\/current-vacancies-teacher-st_kilda-0-35fte\/#breadcrumb","itemListElement":[{"@type":"ListItem","position":1,"name":"Home","item":"https:\/\/dunedinkindergartens.org.nz\/"},{"@type":"ListItem","position":2,"name":"Careers","item":"https:\/\/dunedinkindergartens.org.nz\/careers-2\/"},{"@type":"ListItem","position":3,"name":"Current Vacancies &#8211; Teacher &#8211; St Kilda 0.35fte"}]},{"@type":"WebSite","@id":"https:\/\/dunedinkindergartens.org.nz\/#website","url":"https:\/\/dunedinkindergartens.org.nz\/","name":"Asili nido di Dunedin","description":"Istruzione per la prima infanzia di alta qualit\u00e0 e a prezzi accessibili per bambini dai 2 ai 5 anni.","potentialAction":[{"@type":"SearchAction","target":{"@type":"EntryPoint","urlTemplate":"https:\/\/dunedinkindergartens.org.nz\/?s={search_term_string}"},"query-input":{"@type":"PropertyValueSpecification","valueRequired":true,"valueName":"search_term_string"}}],"inLanguage":"it-IT"}]}},"_links":{"self":[{"href":"https:\/\/dunedinkindergartens.org.nz\/it\/wp-json\/wp\/v2\/pages\/1806","targetHints":{"allow":["GET"]}}],"collection":[{"href":"https:\/\/dunedinkindergartens.org.nz\/it\/wp-json\/wp\/v2\/pages"}],"about":[{"href":"https:\/\/dunedinkindergartens.org.nz\/it\/wp-json\/wp\/v2\/types\/page"}],"author":[{"embeddable":true,"href":"https:\/\/dunedinkindergartens.org.nz\/it\/wp-json\/wp\/v2\/users\/6"}],"replies":[{"embeddable":true,"href":"https:\/\/dunedinkindergartens.org.nz\/it\/wp-json\/wp\/v2\/comments?post=1806"}],"version-history":[{"count":35,"href":"https:\/\/dunedinkindergartens.org.nz\/it\/wp-json\/wp\/v2\/pages\/1806\/revisions"}],"predecessor-version":[{"id":3183,"href":"https:\/\/dunedinkindergartens.org.nz\/it\/wp-json\/wp\/v2\/pages\/1806\/revisions\/3183"}],"up":[{"embeddable":true,"href":"https:\/\/dunedinkindergartens.org.nz\/it\/wp-json\/wp\/v2\/pages\/742"}],"wp:attachment":[{"href":"https:\/\/dunedinkindergartens.org.nz\/it\/wp-json\/wp\/v2\/media?parent=1806"}],"curies":[{"name":"wp","href":"https:\/\/api.w.org\/{rel}","templated":true}]}}