{"id":1681,"date":"2019-02-13T21:31:24","date_gmt":"2019-02-13T08:31:24","guid":{"rendered":"https:\/\/www.dunedinkindergartens.org.nz\/?page_id=1681"},"modified":"2025-02-14T09:54:55","modified_gmt":"2025-02-13T20:54:55","slug":"current_vacancies_ht","status":"publish","type":"page","link":"https:\/\/dunedinkindergartens.org.nz\/it\/careers-2\/current_vacancies_ht\/","title":{"rendered":"Posizioni vacanti attuali \u2013 Posizioni di preside"},"content":{"rendered":"<p><div class=\"fusion-fullwidth fullwidth-box fusion-builder-row-1 has-pattern-background has-mask-background fusion-parallax-none nonhundred-percent-fullwidth non-hundred-percent-height-scrolling\" style=\"background-color: rgba(255,255,255,0);background-image: url(&quot;https:\/\/dunedinkindergartens.org.nz\/wp-content\/uploads\/2015\/03\/DK-ADMIN-1.jpg&quot;);background-position: left center;background-repeat: no-repeat;padding-top:100px;padding-right:0px;padding-bottom:500px;padding-left:0px;margin-bottom: 0px;margin-top: 0px;border-width: 0px 0px 0px 0px;border-color:#eae9e9;border-style:solid;-webkit-background-size:cover;-moz-background-size:cover;-o-background-size:cover;background-size:cover;\" ><div class=\"fusion-builder-row fusion-row\"><div class=\"fusion-layout-column fusion_builder_column fusion-builder-column-0 fusion_builder_column_1_1 1_1 fusion-one-full fusion-column-first fusion-column-last\" style=\"margin-top:0px;margin-bottom:0px;\"><div class=\"fusion-column-wrapper fusion-flex-column-wrapper-legacy\" style=\"background-position:left top;background-repeat:no-repeat;-webkit-background-size:cover;-moz-background-size:cover;-o-background-size:cover;background-size:cover;padding: 0px 20px 0px 20px;\"><div class=\"fusion-clearfix\"><\/div><\/div><\/div><\/div><\/div><div class=\"fusion-fullwidth fullwidth-box fusion-builder-row-2 nonhundred-percent-fullwidth non-hundred-percent-height-scrolling\" style=\"background-color: rgba(255,255,255,0);background-position: center center;background-repeat: no-repeat;padding-top:0px;padding-right:0px;padding-bottom:0px;padding-left:0px;margin-bottom: 0px;margin-top: 0px;border-width: 0px 0px 0px 0px;border-color:#eae9e9;border-style:solid;\" ><div class=\"fusion-builder-row fusion-row\"><div class=\"fusion-layout-column fusion_builder_column fusion-builder-column-1 fusion_builder_column_1_1 1_1 fusion-one-full fusion-column-first fusion-column-last\" style=\"margin-top:0px;margin-bottom:0px;\"><div class=\"fusion-column-wrapper fusion-flex-column-wrapper-legacy\" style=\"background-position:left top;background-repeat:no-repeat;-webkit-background-size:cover;-moz-background-size:cover;-o-background-size:cover;background-size:cover;padding: 0px 20px 0px 20px;\"><div class=\"fusion-text fusion-text-1\"><h1 style=\"text-align: center;\">TRE POSTI VACANTI PER PRESIDENTE SCOLASTICO<\/h1>\n<\/div><div class=\"fusion-clearfix\"><\/div><\/div><\/div><\/div><\/div><div class=\"fusion-fullwidth fullwidth-box fusion-builder-row-3 nonhundred-percent-fullwidth non-hundred-percent-height-scrolling\" style=\"background-color: #f4f4f7;background-position: center center;background-repeat: no-repeat;padding-top:0px;padding-right:0px;padding-bottom:0px;padding-left:0px;margin-bottom: 0px;margin-top: 0px;border-width: 0px 0px 0px 0px;border-color:#eae9e9;border-style:solid;\" ><div class=\"fusion-builder-row fusion-row\"><div class=\"fusion-layout-column fusion_builder_column fusion-builder-column-2 fusion_builder_column_1_1 1_1 fusion-one-full fusion-column-first fusion-column-last\" style=\"margin-top:0px;margin-bottom:0px;\"><div class=\"fusion-column-wrapper fusion-flex-column-wrapper-legacy\" style=\"background-position:left top;background-repeat:no-repeat;-webkit-background-size:cover;-moz-background-size:cover;-o-background-size:cover;background-size:cover;padding: 0px 0px 0px 0px;\"><div class=\"fusion-text fusion-text-2\"><h1 style=\"text-align: center;\">Asilo nido Kelsey Yaralla<\/h1>\n<h1 style=\"text-align: center;\">Asilo nido di Port Chalmers<\/h1>\n<h1 style=\"text-align: center;\">Rachel Reynolds Scuola materna<\/h1>\n<\/div><div class=\"fusion-clearfix\"><\/div><\/div><\/div><\/div><\/div><div class=\"fusion-fullwidth fullwidth-box fusion-builder-row-4 nonhundred-percent-fullwidth non-hundred-percent-height-scrolling\" style=\"background-color: #f4f4f7;background-position: center center;background-repeat: no-repeat;padding-top:0px;padding-right:0px;padding-bottom:0px;padding-left:0px;margin-bottom: 0px;margin-top: 0px;border-width: 0px 0px 0px 0px;border-color:#eae9e9;border-style:solid;\" ><div class=\"fusion-builder-row fusion-row\"><div class=\"fusion-layout-column fusion_builder_column fusion-builder-column-3 fusion_builder_column_1_1 1_1 fusion-one-full fusion-column-first fusion-column-last\" style=\"margin-top:0px;margin-bottom:0px;\"><div class=\"fusion-column-wrapper fusion-flex-column-wrapper-legacy\" style=\"background-position:left top;background-repeat:no-repeat;-webkit-background-size:cover;-moz-background-size:cover;-o-background-size:cover;background-size:cover;padding: 50px 50px 50px 50px;\"><div class=\"fusion-aligncenter\"><style>.fusion-body .fusion-button.button-1{border-radius:0px 0px 0px 0px;}<\/style><a class=\"fusion-button button-flat button-xlarge button-default button-1 fusion-button-default-span fusion-button-default-type\" target=\"_self\" href=\"https:\/\/dunedinkindergartens.org.nz\/it\/full-application\/\"><span class=\"fusion-button-text\">Clicca qui per la domanda completa<\/span><\/a><\/div><div class=\"fusion-clearfix\"><\/div><\/div><\/div><\/div><\/div><div class=\"fusion-fullwidth fullwidth-box fusion-builder-row-5 hundred-percent-fullwidth non-hundred-percent-height-scrolling fusion-equal-height-columns\" style=\"background-color: rgba(255,255,255,0);background-position: left top;background-repeat: no-repeat;padding-top:0px;padding-right:0px;padding-bottom:0px;padding-left:0px;margin-bottom: 0px;margin-top: 0px;border-width: 0px 0px 0px 0px;border-color:#eae9e9;border-style:solid;\" ><div class=\"fusion-builder-row fusion-row\"><div class=\"fusion-layout-column fusion_builder_column fusion-builder-column-4 fusion_builder_column_1_3 1_3 fusion-one-third fusion-column-first\" style=\"margin-top:0px;margin-bottom:0px;\"><div class=\"fusion-column-wrapper fusion-flex-column-wrapper-legacy fusion-empty-dims-bg-image\" style=\"background-image: url(&#039;https:\/\/www.dunedinkindergartens.org.nz\/wp-content\/uploads\/2015\/03\/DK-ADMIN-1-1024x768.jpg&#039;);background-position:left top;background-repeat:no-repeat;-webkit-background-size:cover;-moz-background-size:cover;-o-background-size:cover;background-size:cover;padding: 0px 0px 0px 0px;\" data-bg-url=\"https:\/\/www.dunedinkindergartens.org.nz\/wp-content\/uploads\/2015\/03\/DK-ADMIN-1-1024x768.jpg\"><div class=\"fusion-sep-clear\"><\/div><div class=\"fusion-separator fusion-full-width-sep\" style=\"margin-left: auto;margin-right: auto;margin-top:200px;width:100%;\"><\/div><div class=\"fusion-sep-clear\"><\/div><div class=\"fusion-clearfix\"><\/div><\/div><\/div><div class=\"fusion-layout-column fusion_builder_column fusion-builder-column-5 fusion_builder_column_2_3 2_3 fusion-two-third fusion-column-last\" style=\"margin-top:0px;margin-bottom:0px;\"><div class=\"fusion-column-wrapper fusion-flex-column-wrapper-legacy\" style=\"background-position:left top;background-repeat:no-repeat;-webkit-background-size:cover;-moz-background-size:cover;-o-background-size:cover;background-size:cover;background-color:rgba(255,255,255,0);padding: 100px 14% 100px 14%;\"><div class=\"fusion-builder-row fusion-builder-row-inner fusion-row\"><div class=\"fusion-layout-column fusion_builder_column_inner fusion-builder-nested-column-0 fusion_builder_column_inner_1_1 1_1 fusion-one-full fusion-column-first fusion-column-last\" style=\"margin-top:0px;margin-bottom:0px;\"><div class=\"fusion-column-wrapper fusion-flex-column-wrapper-legacy\" style=\"background-position:left top;background-repeat:no-repeat;-webkit-background-size:cover;-moz-background-size:cover;-o-background-size:cover;background-size:cover;padding: 0px 0px 0px 0px;\"><div class=\"fusion-text fusion-text-3\"><p><strong>Asili nido:<\/strong><\/p>\n<p><strong>Kelsey Yaralla<\/strong> (Operando con un numero di 30 bambini)<\/p>\n<p><strong>Porto Chalmers<\/strong> (Operando con un numero di 30 bambini)<\/p>\n<p><strong>Rachele Reynolds<\/strong> (Operando con un numero di 30 bambini)<\/p>\n<p><strong>Posizioni: <\/strong>1fte Preside \u2013 40 ore settimanali<\/p>\n<h4><strong>Team di docenti attuali:\u00a0\u00a0\u00a0 <\/strong><\/h4>\n<table style=\"height: 235px;\" width=\"1067\">\n<tbody>\n<tr>\n<td width=\"209\">\n<h4><strong>Kelsey Yaralla<\/strong><\/h4>\n<\/td>\n<td width=\"209\">\n<h4><strong>Porto Chalmers<\/strong><\/h4>\n<\/td>\n<td width=\"209\">\n<h4><strong>Rachele Reynolds<\/strong><\/h4>\n<\/td>\n<\/tr>\n<tr>\n<td width=\"209\">Preside 1fte (posto vacante)<\/p>\n<p>Insegnante 1fte x 2<\/p>\n<p>Insegnante 0,65fte<\/p>\n<p>Assistente insegnante<\/td>\n<td width=\"209\">Preside 1fte (posto vacante)<\/p>\n<p>Insegnante 1fte x 2<\/p>\n<p>Assistente insegnante<\/td>\n<td width=\"209\">Preside 1fte (posto vacante)<\/p>\n<p>Insegnante 1fte x 2<\/p>\n<p>Assistente insegnante<\/td>\n<\/tr>\n<\/tbody>\n<\/table>\n<p><strong>Descrizioni della comunit\u00e0<\/strong><br \/>\n<strong>Asilo nido Kelsey Yaralla<\/strong> Si trova nel cuore dell&#039;universit\u00e0, sulle rive dell&#039;Owheo. Il nostro ampio ambiente di apprendimento \u00e8 dinamico e ben attrezzato, e sostiene i bambini nell&#039;apprendimento indipendente e sicuro di s\u00e9. Il bellissimo spazio esterno si adatta perfettamente al paesaggio stagionale e riflette appieno il concetto di giardino per bambini, che \u00e8 proprio ci\u00f2 che significa scuola materna. La scuola materna Kelsey Yaralla \u00e8 aperta tutto l&#039;anno e offre un servizio sicuro e stimolante per i bambini che imparano attraverso il gioco dalle 8:30 alle 17:00.<\/p>\n<p><strong>Asilo nido di Port Chalmers<\/strong> Si trova nel sobborgo portuale di Port Chalmers, a dieci chilometri dalla citt\u00e0 di Dunedin. I bambini che frequentano il nostro asilo provengono dalle numerose comunit\u00e0 periferiche. Siamo situati a pochi passi dalla scuola primaria di Port Chalmers, con cui abbiamo contatti regolari. La comunit\u00e0 \u00e8 profondamente coinvolta nel cuore di questo asilo. Siamo molto orgogliosi del nostro spazio esterno, che riflette il contesto culturale locale di una citt\u00e0 portuale, cos\u00ec come del vicino Santuario Ecologico di Orokonui, con cui abbiamo un rapporto di collaborazione per il nostro programma Eco Warriors. Accogliamo con favore la diversit\u00e0. Diamo valore alle pratiche sostenibili e alla cura del nostro prezioso ambiente. I bambini frequentano l&#039;asilo dalle 8:30 alle 14:30 dal luned\u00ec al venerd\u00ec e rimaniamo aperti durante le vacanze scolastiche.<\/p>\n<p><strong>Asilo nido Rachel Reynolds<\/strong> Si trova nel cuore di South Dunedin e le nostre famiglie provengono da tutta Dunedin. \u00c8 una comunit\u00e0 culturalmente diversificata e collaboriamo con altre agenzie e servizi per offrire un curriculum locale inclusivo a tutti gli studenti. L&#039;asilo Rachel Reynolds \u00e8 orgoglioso del suo spirito comunitario. I bambini frequentano l&#039;asilo dalle 8:30 alle 14:30 dal luned\u00ec al venerd\u00ec e attualmente l&#039;asilo \u00e8 chiuso per le vacanze scolastiche.<\/p>\n<p><strong>Il nostro codice, i nostri standard<\/strong><\/p>\n<p>Il Codice stabilisce gli elevati standard di comportamento etico che ci si aspetta da ogni insegnante; gli Standard descrivono le aspettative per una pratica didattica efficace. Al momento della nomina a kaiako presso gli asili nido di Dunedin, ci si aspetta che aderisca sempre ai valori del codice e che rispetti gli Standard per la professione di insegnante.<\/p>\n<p><strong>Requisiti specifici per un dirigente scolastico che:<\/strong><\/p>\n<ul>\n<li>\u00c8 un leader con la capacit\u00e0 di relazionarsi con la diversit\u00e0 delle famiglie che l&#039;asilo serve<\/li>\n<\/ul>\n<ul>\n<li>Modella e si aspetta responsabilit\u00e0 professionale e responsabilit\u00e0 collettiva per il benessere e l&#039;apprendimento di tutti i bambini dell&#039;asilo; assicurando che gioia e apprendimento vadano di pari passo<\/li>\n<\/ul>\n<ul>\n<li>In qualit\u00e0 di leader, promuove un ambiente cooperativo, incoraggiando il contributo del personale, celebrando i punti di forza degli altri e valorizzando il lavoro di squadra.<\/li>\n<li>Mantiene una visione ottimistica, ispirando gli altri ad abbracciare il cambiamento e le sfide con entusiasmo<\/li>\n<\/ul>\n<ul>\n<li>Dimostra e conduce con impegno a Te Tiriti o Waitangi<\/li>\n<\/ul>\n<ul>\n<li>\u00c8 un leader pedagogico efficace per l&#039;insegnamento, l&#039;apprendimento e la valutazione interna<\/li>\n<li>Implementa e valuta sistemi, processi e pratiche che promuovono il miglioramento continuo.<\/li>\n<li>Disponibilit\u00e0 a lavorare in modo positivo e sensibile in partnership professionale con il comitato e\/o con la comunit\u00e0 pi\u00f9 ampia degli asili nido di Dunedin.<\/li>\n<\/ul>\n<ul>\n<li>Promuove in modo proattivo un profilo positivo dell&#039;asilo all&#039;interno della comunit\u00e0.<\/li>\n<\/ul>\n<\/div><div class=\"fusion-clearfix\"><\/div><\/div><\/div><\/div><div class=\"fusion-clearfix\"><\/div><\/div><\/div><div class=\"fusion-layout-column fusion_builder_column fusion-builder-column-6 fusion_builder_column_1_3 1_3 fusion-one-third fusion-column-first\" style=\"margin-top:0px;margin-bottom:0px;\"><div class=\"fusion-column-wrapper fusion-flex-column-wrapper-legacy\" style=\"background-position:left top;background-repeat:no-repeat;-webkit-background-size:cover;-moz-background-size:cover;-o-background-size:cover;background-size:cover;background-color:rgba(255,255,255,0);padding: 100px 14% 100px 14%;\"><div class=\"fusion-builder-row fusion-builder-row-inner fusion-row\"><div class=\"fusion-layout-column fusion_builder_column_inner fusion-builder-nested-column-1 fusion_builder_column_inner_1_1 1_1 fusion-one-full fusion-column-first fusion-column-last\" style=\"margin-top:0px;margin-bottom:0px;\"><div class=\"fusion-column-wrapper fusion-flex-column-wrapper-legacy\" style=\"background-position:left top;background-repeat:no-repeat;-webkit-background-size:cover;-moz-background-size:cover;-o-background-size:cover;background-size:cover;padding: 0px 0px 0px 0px;\"><div class=\"fusion-text fusion-text-4\"><h1>Descrizione della posizione<\/h1>\n<p>Per unirti a noi come insegnante, scopri tutto ci\u00f2 che devi sapere qui:<\/p>\n<p><strong><a href=\"https:\/\/dunedinkindergartens.org.nz\/wp-content\/uploads\/2024\/08\/Head-Teacher-POSITION-DESCRIPTION-Aug-2024.pdf\">Descrizione della posizione del preside<\/a><\/strong><\/p>\n<\/div><div class=\"fusion-clearfix\"><\/div><\/div><\/div><\/div><div class=\"fusion-clearfix\"><\/div><\/div><\/div><div class=\"fusion-layout-column fusion_builder_column fusion-builder-column-7 fusion_builder_column_2_3 2_3 fusion-two-third fusion-column-last\" style=\"margin-top:0px;margin-bottom:0px;\"><div class=\"fusion-column-wrapper fusion-flex-column-wrapper-legacy fusion-empty-dims-bg-image\" style=\"background-image: url(&#039;https:\/\/www.dunedinkindergartens.org.nz\/wp-content\/uploads\/2018\/09\/IMG_3806-Resize-e1537498656638.jpg&#039;);background-position:right center;background-repeat:no-repeat;-webkit-background-size:cover;-moz-background-size:cover;-o-background-size:cover;background-size:cover;padding: 0px 0px 0px 0px;\" data-bg-url=\"https:\/\/www.dunedinkindergartens.org.nz\/wp-content\/uploads\/2018\/09\/IMG_3806-Resize-e1537498656638.jpg\"><div class=\"fusion-sep-clear\"><\/div><div class=\"fusion-separator fusion-full-width-sep\" style=\"margin-left: auto;margin-right: auto;margin-top:200px;width:100%;\"><\/div><div class=\"fusion-sep-clear\"><\/div><div class=\"fusion-clearfix\"><\/div><\/div><\/div><\/div><\/div><\/p>","protected":false},"excerpt":{"rendered":"","protected":false},"author":6,"featured_media":0,"parent":742,"menu_order":0,"comment_status":"closed","ping_status":"closed","template":"100-width.php","meta":{"footnotes":""},"class_list":["post-1681","page","type-page","status-publish","hentry"],"yoast_head":"<!-- This site is optimized with the Yoast SEO plugin v27.2 - https:\/\/yoast.com\/product\/yoast-seo-wordpress\/ -->\n<title>Current Vacancies - Head Teacher Positions - Dunedin Kindergartens<\/title>\n<meta name=\"robots\" content=\"index, follow, max-snippet:-1, max-image-preview:large, max-video-preview:-1\" \/>\n<link rel=\"canonical\" href=\"https:\/\/dunedinkindergartens.org.nz\/it\/careers-2\/current_vacancies_ht\/\" \/>\n<meta property=\"og:locale\" content=\"it_IT\" \/>\n<meta property=\"og:type\" content=\"article\" \/>\n<meta property=\"og:title\" content=\"Current Vacancies - Head Teacher Positions - Dunedin Kindergartens\" \/>\n<meta property=\"og:url\" content=\"https:\/\/dunedinkindergartens.org.nz\/it\/careers-2\/current_vacancies_ht\/\" \/>\n<meta property=\"og:site_name\" content=\"Dunedin Kindergartens\" \/>\n<meta property=\"article:modified_time\" content=\"2025-02-13T20:54:55+00:00\" \/>\n<meta name=\"twitter:card\" content=\"summary_large_image\" \/>\n<meta name=\"twitter:label1\" content=\"Tempo di lettura stimato\" \/>\n\t<meta name=\"twitter:data1\" content=\"7 minuti\" \/>\n<script type=\"application\/ld+json\" class=\"yoast-schema-graph\">{\"@context\":\"https:\/\/schema.org\",\"@graph\":[{\"@type\":\"WebPage\",\"@id\":\"https:\/\/dunedinkindergartens.org.nz\/careers-2\/current_vacancies_ht\/\",\"url\":\"https:\/\/dunedinkindergartens.org.nz\/careers-2\/current_vacancies_ht\/\",\"name\":\"Current Vacancies - Head Teacher Positions - Dunedin Kindergartens\",\"isPartOf\":{\"@id\":\"https:\/\/dunedinkindergartens.org.nz\/#website\"},\"datePublished\":\"2019-02-13T08:31:24+00:00\",\"dateModified\":\"2025-02-13T20:54:55+00:00\",\"breadcrumb\":{\"@id\":\"https:\/\/dunedinkindergartens.org.nz\/careers-2\/current_vacancies_ht\/#breadcrumb\"},\"inLanguage\":\"it-IT\",\"potentialAction\":[{\"@type\":\"ReadAction\",\"target\":[\"https:\/\/dunedinkindergartens.org.nz\/careers-2\/current_vacancies_ht\/\"]}]},{\"@type\":\"BreadcrumbList\",\"@id\":\"https:\/\/dunedinkindergartens.org.nz\/careers-2\/current_vacancies_ht\/#breadcrumb\",\"itemListElement\":[{\"@type\":\"ListItem\",\"position\":1,\"name\":\"Home\",\"item\":\"https:\/\/dunedinkindergartens.org.nz\/\"},{\"@type\":\"ListItem\",\"position\":2,\"name\":\"Careers\",\"item\":\"https:\/\/dunedinkindergartens.org.nz\/careers-2\/\"},{\"@type\":\"ListItem\",\"position\":3,\"name\":\"Current Vacancies &#8211; Head Teacher Positions\"}]},{\"@type\":\"WebSite\",\"@id\":\"https:\/\/dunedinkindergartens.org.nz\/#website\",\"url\":\"https:\/\/dunedinkindergartens.org.nz\/\",\"name\":\"Dunedin Kindergartens\",\"description\":\"Top quality, affordable early childhood education for children 2 \u2013 5 years old.\",\"potentialAction\":[{\"@type\":\"SearchAction\",\"target\":{\"@type\":\"EntryPoint\",\"urlTemplate\":\"https:\/\/dunedinkindergartens.org.nz\/?s={search_term_string}\"},\"query-input\":{\"@type\":\"PropertyValueSpecification\",\"valueRequired\":true,\"valueName\":\"search_term_string\"}}],\"inLanguage\":\"it-IT\"}]}<\/script>\n<!-- \/ Yoast SEO plugin. -->","yoast_head_json":{"title":"Current Vacancies - Head Teacher Positions - Dunedin Kindergartens","robots":{"index":"index","follow":"follow","max-snippet":"max-snippet:-1","max-image-preview":"max-image-preview:large","max-video-preview":"max-video-preview:-1"},"canonical":"https:\/\/dunedinkindergartens.org.nz\/it\/careers-2\/current_vacancies_ht\/","og_locale":"it_IT","og_type":"article","og_title":"Current Vacancies - Head Teacher Positions - Dunedin Kindergartens","og_url":"https:\/\/dunedinkindergartens.org.nz\/it\/careers-2\/current_vacancies_ht\/","og_site_name":"Dunedin Kindergartens","article_modified_time":"2025-02-13T20:54:55+00:00","twitter_card":"summary_large_image","twitter_misc":{"Tempo di lettura stimato":"7 minuti"},"schema":{"@context":"https:\/\/schema.org","@graph":[{"@type":"WebPage","@id":"https:\/\/dunedinkindergartens.org.nz\/careers-2\/current_vacancies_ht\/","url":"https:\/\/dunedinkindergartens.org.nz\/careers-2\/current_vacancies_ht\/","name":"Current Vacancies - Head Teacher Positions - Dunedin Kindergartens","isPartOf":{"@id":"https:\/\/dunedinkindergartens.org.nz\/#website"},"datePublished":"2019-02-13T08:31:24+00:00","dateModified":"2025-02-13T20:54:55+00:00","breadcrumb":{"@id":"https:\/\/dunedinkindergartens.org.nz\/careers-2\/current_vacancies_ht\/#breadcrumb"},"inLanguage":"it-IT","potentialAction":[{"@type":"ReadAction","target":["https:\/\/dunedinkindergartens.org.nz\/careers-2\/current_vacancies_ht\/"]}]},{"@type":"BreadcrumbList","@id":"https:\/\/dunedinkindergartens.org.nz\/careers-2\/current_vacancies_ht\/#breadcrumb","itemListElement":[{"@type":"ListItem","position":1,"name":"Home","item":"https:\/\/dunedinkindergartens.org.nz\/"},{"@type":"ListItem","position":2,"name":"Careers","item":"https:\/\/dunedinkindergartens.org.nz\/careers-2\/"},{"@type":"ListItem","position":3,"name":"Current Vacancies &#8211; Head Teacher Positions"}]},{"@type":"WebSite","@id":"https:\/\/dunedinkindergartens.org.nz\/#website","url":"https:\/\/dunedinkindergartens.org.nz\/","name":"Asili nido di Dunedin","description":"Istruzione per la prima infanzia di alta qualit\u00e0 e a prezzi accessibili per bambini dai 2 ai 5 anni.","potentialAction":[{"@type":"SearchAction","target":{"@type":"EntryPoint","urlTemplate":"https:\/\/dunedinkindergartens.org.nz\/?s={search_term_string}"},"query-input":{"@type":"PropertyValueSpecification","valueRequired":true,"valueName":"search_term_string"}}],"inLanguage":"it-IT"}]}},"_links":{"self":[{"href":"https:\/\/dunedinkindergartens.org.nz\/it\/wp-json\/wp\/v2\/pages\/1681","targetHints":{"allow":["GET"]}}],"collection":[{"href":"https:\/\/dunedinkindergartens.org.nz\/it\/wp-json\/wp\/v2\/pages"}],"about":[{"href":"https:\/\/dunedinkindergartens.org.nz\/it\/wp-json\/wp\/v2\/types\/page"}],"author":[{"embeddable":true,"href":"https:\/\/dunedinkindergartens.org.nz\/it\/wp-json\/wp\/v2\/users\/6"}],"replies":[{"embeddable":true,"href":"https:\/\/dunedinkindergartens.org.nz\/it\/wp-json\/wp\/v2\/comments?post=1681"}],"version-history":[{"count":45,"href":"https:\/\/dunedinkindergartens.org.nz\/it\/wp-json\/wp\/v2\/pages\/1681\/revisions"}],"predecessor-version":[{"id":2664,"href":"https:\/\/dunedinkindergartens.org.nz\/it\/wp-json\/wp\/v2\/pages\/1681\/revisions\/2664"}],"up":[{"embeddable":true,"href":"https:\/\/dunedinkindergartens.org.nz\/it\/wp-json\/wp\/v2\/pages\/742"}],"wp:attachment":[{"href":"https:\/\/dunedinkindergartens.org.nz\/it\/wp-json\/wp\/v2\/media?parent=1681"}],"curies":[{"name":"wp","href":"https:\/\/api.w.org\/{rel}","templated":true}]}}