{"id":742,"date":"2018-06-26T03:15:11","date_gmt":"2018-06-26T03:15:11","guid":{"rendered":"http:\/\/dunedinkindy.lemonuat.com\/?page_id=742"},"modified":"2026-03-31T12:25:10","modified_gmt":"2026-03-30T23:25:10","slug":"careers-2","status":"publish","type":"page","link":"https:\/\/dunedinkindergartens.org.nz\/fr\/careers-2\/","title":{"rendered":"Carri\u00e8res"},"content":{"rendered":"<p><div class=\"fusion-fullwidth fullwidth-box fusion-builder-row-1 has-pattern-background has-mask-background nonhundred-percent-fullwidth non-hundred-percent-height-scrolling\" style=\"background-color: #ffffff;background-position: left top;background-repeat: no-repeat;padding-top:10px;padding-right:0px;padding-bottom:75px;padding-left:0px;margin-bottom: 0px;margin-top: 0px;border-width: 0px 0px 0px 0px;border-color:#eae9e9;border-style:solid;\" ><div class=\"fusion-builder-row fusion-row\"><div class=\"fusion-layout-column fusion_builder_column fusion-builder-column-0 fusion_builder_column_1_1 1_1 fusion-one-full fusion-column-first fusion-column-last\" style=\"margin-top:0px;margin-bottom:0px;\"><div class=\"fusion-column-wrapper fusion-flex-column-wrapper-legacy\" style=\"background-position:left top;background-repeat:no-repeat;-webkit-background-size:cover;-moz-background-size:cover;-o-background-size:cover;background-size:cover;padding: 0px 20px 0px 20px;\"><div class=\"fusion-text fusion-text-1\"><h3><strong>Les jardins d&#039;enfants de Dunedin offrent \u00e0 tous les enseignants la possibilit\u00e9 de :<\/strong><\/h3>\n<ul>\n<li>Travaillez aux c\u00f4t\u00e9s d&#039;enseignants enthousiastes et qualifi\u00e9s<\/li>\n<li>Participer \u00e0 l&#039;apprentissage et au d\u00e9veloppement professionnel continu<\/li>\n<li>D\u00e9couvrez une grande vari\u00e9t\u00e9 de communaut\u00e9s de maternelles et d&#039;environnements de travail<\/li>\n<li>Acc\u00e9dez \u00e0 un programme d&#039;int\u00e9gration et de mentorat<\/li>\n<\/ul>\n<\/div><div class=\"fusion-text fusion-text-2\"><p>Tous nos enseignants b\u00e9n\u00e9ficient des salaires et conditions \u00e9nonc\u00e9s dans la Convention collective nationale de travail des enseignants de maternelle.<\/p>\n<p>Nous sommes toujours \u00e0 la recherche d&#039;enseignants enthousiastes pour des postes de rel\u00e8ve et, de temps \u00e0 autre, nous proposons des postes permanents.<\/p>\n<\/div><div class=\"fusion-text fusion-text-3\"><h3><strong>Pour postuler \u00e0 un poste d&#039;enseignant, vous aurez besoin de :<\/strong><\/h3>\n<ul>\n<li>Un dipl\u00f4me ou un baccalaur\u00e9at en \u00e9ducation de la petite enfance \u2013 ou une qualification \u00e9quivalente \u00e9valu\u00e9e par la NZQA.<\/li>\n<li>Un certificat d&#039;exercice en cours d\u00e9livr\u00e9 par le Conseil de l&#039;\u00e9ducation de Nouvelle-Z\u00e9lande.<\/li>\n<\/ul>\n<\/div><div class=\"fusion-text fusion-text-4\"><h3><strong> Soulager avec DK<\/strong><\/h3>\n<p>Nous sommes toujours ravis d\u2019accueillir des enseignants enthousiastes dans notre bassin de rel\u00e8ve.<\/p>\n<p>Pour postuler, veuillez t\u00e9l\u00e9charger l&#039;application Simplifi <img decoding=\"async\" class=\"alignnone wp-image-2961\" src=\"https:\/\/dunedinkindergartens.org.nz\/wp-content\/uploads\/2025\/03\/Simplifi.png\" alt=\"\" width=\"53\" height=\"50\" \/> (anciennement connu sous le nom de StaffSync), que nous utilisons pour g\u00e9rer nos enseignants rempla\u00e7ants.<\/p>\n<p>Ouvrir ceci <em><span style=\"text-decoration: underline;\"><a href=\"https:\/\/dunedinkindergartens.org.nz\/wp-content\/uploads\/2025\/12\/Relievers-Getting-Started-Guide-Simplifi.pdf\" target=\"_blank\" rel=\"noopener\">fiche d&#039;information<\/a><\/span><\/em> Pour savoir comment t\u00e9l\u00e9charger l&#039;application et vous inscrire, consultez la fiche d&#039;information. Elle contient des instructions sur StaffSync, mais s&#039;applique \u00e9galement \u00e0 Simplifi.<\/p>\n<p>Nous r\u00e9pondrons \u00e0 votre candidature et organiserons une r\u00e9union avec Lee, l&#039;un de nos professeurs principaux.<\/p>\n<\/div><div class=\"fusion-clearfix\"><\/div><\/div><\/div><\/div><\/div><div class=\"fusion-fullwidth fullwidth-box fusion-builder-row-2 nonhundred-percent-fullwidth non-hundred-percent-height-scrolling\" style=\"background-color: #f4f4f7;background-position: left top;background-repeat: no-repeat;padding-top:0px;padding-right:0px;padding-bottom:75px;padding-left:0px;margin-bottom: 0px;margin-top: 0px;border-width: 0px 0px 0px 0px;border-color:#eae9e9;border-style:solid;\" ><div class=\"fusion-builder-row fusion-row\"><div class=\"fusion-layout-column fusion_builder_column fusion-builder-column-1 fusion_builder_column_1_1 1_1 fusion-one-full fusion-column-first fusion-column-last\" style=\"margin-top:0px;margin-bottom:0px;\"><div class=\"fusion-column-wrapper fusion-flex-column-wrapper-legacy\" style=\"background-position:left top;background-repeat:no-repeat;-webkit-background-size:cover;-moz-background-size:cover;-o-background-size:cover;background-size:cover;padding: 0px 20px 0px 20px;\"><div class=\"fusion-sep-clear\"><\/div><div class=\"fusion-separator fusion-full-width-sep\" style=\"margin-left: auto;margin-right: auto;margin-top:45px;width:100%;\"><\/div><div class=\"fusion-sep-clear\"><\/div><div class=\"fusion-text fusion-text-5 hide-content\"><h1 style=\"text-align: center;\">Postes vacants actuels<\/h1>\n<p style=\"text-align: center;\">Pour les postes vacants annonc\u00e9s, cliquez sur les boutons ci-dessous.<\/p>\n<p style=\"text-align: center;\">Closing date for applications is 5pm Friday 27th March 2026.<\/p>\n<\/div><div class=\"fusion-text fusion-text-6\"><h1 style=\"text-align: center;\">Postes vacants actuels<\/h1>\n<p style=\"text-align: center;\">Il n&#039;y a aucun poste disponible actuellement.<\/p>\n<\/div><div class=\"fusion-sep-clear\"><\/div><div class=\"fusion-separator fusion-full-width-sep\" style=\"margin-left: auto;margin-right: auto;margin-top:3px;width:100%;\"><\/div><div class=\"fusion-sep-clear\"><\/div><div class=\"fusion-builder-row fusion-builder-row-inner fusion-row\"><div class=\"fusion-layout-column fusion_builder_column_inner fusion-builder-nested-column-0 fusion_builder_column_inner_1_1 1_1 fusion-one-full fusion-column-first fusion-column-last hide-content\" style=\"margin-top:0px;margin-bottom:0px;\"><div class=\"fusion-column-wrapper fusion-flex-column-wrapper-legacy\" style=\"background-position:left top;background-repeat:no-repeat;-webkit-background-size:cover;-moz-background-size:cover;-o-background-size:cover;background-size:cover;padding: 10px 0px 10px 0px;\"><div class=\"fusion-aligncenter\"><style>.fusion-body .fusion-button.button-1{border-radius:0px 0px 0px 0px;}.fusion-body .fusion-button.button-1 .fusion-button-text{text-transform:uppercase;}<\/style><a class=\"fusion-button button-flat button-medium button-default button-1 fusion-button-default-span fusion-button-default-type\" target=\"_self\" href=\"https:\/\/dunedinkindergartens.org.nz\/fr\/careers-2\/current_vacancies_senior_teacher\/\"><span class=\"fusion-button-text\">K3 Senior Teacher Position<\/span><\/a><\/div><div class=\"fusion-clearfix\"><\/div><\/div><\/div><div class=\"fusion-layout-column fusion_builder_column_inner fusion-builder-nested-column-1 fusion_builder_column_inner_1_3 1_3 fusion-one-third fusion-column-first hide-content\" style=\"width:33.333333333333%;width:calc(33.333333333333% - ( ( 4% + 4% ) * 0.33333333333333 ) );margin-right: 4%;margin-top:0px;margin-bottom:0px;\"><div class=\"fusion-column-wrapper fusion-flex-column-wrapper-legacy\" style=\"background-position:left top;background-repeat:no-repeat;-webkit-background-size:cover;-moz-background-size:cover;-o-background-size:cover;background-size:cover;padding: 10px 0px 10px 0px;\"><div class=\"fusion-align-block\"><style>.fusion-body .fusion-button.button-2{border-radius:0px 0px 0px 0px;}.fusion-body .fusion-button.button-2 .fusion-button-text{text-transform:uppercase;}<\/style><a class=\"fusion-button button-flat button-medium button-default button-2 fusion-button-span-yes fusion-button-default-type\" target=\"_self\" href=\"https:\/\/dunedinkindergartens.org.nz\/fr\/careers-2\/current_vacancies_br_fte\/\"><span class=\"fusion-button-text\">Brockville 1fte Teacher <\/span><\/a><\/div><div class=\"fusion-clearfix\"><\/div><\/div><\/div><div class=\"fusion-layout-column fusion_builder_column_inner fusion-builder-nested-column-2 fusion_builder_column_inner_1_3 1_3 fusion-one-third hide-content\" style=\"width:33.333333333333%;width:calc(33.333333333333% - ( ( 4% + 4% ) * 0.33333333333333 ) );margin-right: 4%;margin-top:0px;margin-bottom:0px;\"><div class=\"fusion-column-wrapper fusion-flex-column-wrapper-legacy\" style=\"background-position:left top;background-repeat:no-repeat;-webkit-background-size:cover;-moz-background-size:cover;-o-background-size:cover;background-size:cover;padding: 10px 0px 10px 0px;\"><div class=\"fusion-aligncenter\"><style>.fusion-body .fusion-button.button-3{border-radius:0px 0px 0px 0px;}.fusion-body .fusion-button.button-3 .fusion-button-text{text-transform:uppercase;}<\/style><a class=\"fusion-button button-flat button-medium button-default button-3 fusion-button-default-span fusion-button-default-type\" target=\"_self\" href=\"https:\/\/dunedinkindergartens.org.nz\/fr\/careers-2\/current-vacancies-teacher-st_kilda-0-35fte\/\"><span class=\"fusion-button-text\">St. Kilda 0.35fte Teacher<\/span><\/a><\/div><div class=\"fusion-clearfix\"><\/div><\/div><\/div><div class=\"fusion-layout-column fusion_builder_column_inner fusion-builder-nested-column-3 fusion_builder_column_inner_1_3 1_3 fusion-one-third fusion-column-last hide-content\" style=\"width:33.333333333333%;width:calc(33.333333333333% - ( ( 4% + 4% ) * 0.33333333333333 ) );margin-top:0px;margin-bottom:0px;\"><div class=\"fusion-column-wrapper fusion-flex-column-wrapper-legacy\" style=\"background-position:left top;background-repeat:no-repeat;-webkit-background-size:cover;-moz-background-size:cover;-o-background-size:cover;background-size:cover;padding: 10px 0px 10px 0px;\"><div class=\"fusion-aligncenter\"><style>.fusion-body .fusion-button.button-4{border-radius:0px 0px 0px 0px;}.fusion-body .fusion-button.button-4 .fusion-button-text{text-transform:uppercase;}<\/style><a class=\"fusion-button button-flat button-medium button-default button-4 fusion-button-default-span fusion-button-default-type\" target=\"_self\" href=\"https:\/\/dunedinkindergartens.org.nz\/fr\/careers-2\/current_vacancies_bf_1fte\/\"><span class=\"fusion-button-text\">Bayfield 1fte Teacher<\/span><\/a><\/div><div class=\"fusion-clearfix\"><\/div><\/div><\/div><div class=\"fusion-layout-column fusion_builder_column_inner fusion-builder-nested-column-4 fusion_builder_column_inner_1_2 1_2 fusion-one-half fusion-column-first hide-content\" style=\"width:50%;width:calc(50% - ( ( 4% ) * 0.5 ) );margin-right: 4%;margin-top:0px;margin-bottom:0px;\"><div class=\"fusion-column-wrapper fusion-flex-column-wrapper-legacy\" style=\"background-position:left top;background-repeat:no-repeat;-webkit-background-size:cover;-moz-background-size:cover;-o-background-size:cover;background-size:cover;padding: 10px 0px 10px 0px;\"><div class=\"fusion-aligncenter\"><style>.fusion-body .fusion-button.button-5{border-radius:0px 0px 0px 0px;}.fusion-body .fusion-button.button-5 .fusion-button-text{text-transform:uppercase;}<\/style><a class=\"fusion-button button-flat button-medium button-default button-5 fusion-button-default-span fusion-button-default-type\" target=\"_self\" href=\"https:\/\/dunedinkindergartens.org.nz\/fr\/careers-2\/current_vacancies_cors_ht\/\"><span class=\"fusion-button-text\">Corstorphine 1fte Directeur<\/span><\/a><\/div><div class=\"fusion-clearfix\"><\/div><\/div><\/div><div class=\"fusion-layout-column fusion_builder_column_inner fusion-builder-nested-column-5 fusion_builder_column_inner_1_3 1_3 fusion-one-third fusion-column-last hide content\" style=\"width:33.333333333333%;width:calc(33.333333333333% - ( ( 4% ) * 0.33333333333333 ) );margin-top:0px;margin-bottom:0px;\"><div class=\"fusion-column-wrapper fusion-flex-column-wrapper-legacy\" style=\"background-position:left top;background-repeat:no-repeat;-webkit-background-size:cover;-moz-background-size:cover;-o-background-size:cover;background-size:cover;padding: 10px 0px 10px 0px;\"><div class=\"fusion-aligncenter\"><style>.fusion-body .fusion-button.button-6{border-radius:0px 0px 0px 0px;}.fusion-body .fusion-button.button-6 .fusion-button-text{text-transform:uppercase;}<\/style><a class=\"fusion-button button-flat button-medium button-default button-6 fusion-button-default-span fusion-button-default-type hide-content\" target=\"_self\" href=\"https:\/\/dunedinkindergartens.org.nz\/fr\/careers-2\/current_vacancies_portc_fte\/\"><span class=\"fusion-button-text\">Enseignant \u00e0 temps plein \u00e0 Port Chalmers<\/span><\/a><\/div><div class=\"fusion-clearfix\"><\/div><\/div><\/div><div class=\"fusion-layout-column fusion_builder_column_inner fusion-builder-nested-column-6 fusion_builder_column_inner_1_3 1_3 fusion-one-third fusion-column-first hide-content\" style=\"width:30.6666%; margin-right: 4%;margin-top:0px;margin-bottom:0px;\"><div class=\"fusion-column-wrapper fusion-flex-column-wrapper-legacy\" style=\"background-position:left top;background-repeat:no-repeat;-webkit-background-size:cover;-moz-background-size:cover;-o-background-size:cover;background-size:cover;padding: 10px 0px 10px 0px;\"><div class=\"fusion-aligncenter\"><style>.fusion-body .fusion-button.button-7{border-radius:0px 0px 0px 0px;}.fusion-body .fusion-button.button-7 .fusion-button-text{text-transform:uppercase;}<\/style><a class=\"fusion-button button-flat button-medium button-default button-7 fusion-button-default-span fusion-button-default-type\" target=\"_self\" href=\"https:\/\/dunedinkindergartens.org.nz\/fr\/careers-2\/current_vacancies_kels1fte\/\"><span class=\"fusion-button-text\">Kelsey Yaralla, enseignante \u00e0 temps plein <\/span><\/a><\/div><div class=\"fusion-clearfix\"><\/div><\/div><\/div><div class=\"fusion-layout-column fusion_builder_column_inner fusion-builder-nested-column-7 fusion_builder_column_inner_1_1 1_1 fusion-one-full fusion-column-last hide-content\" style=\"margin-top:0px;margin-bottom:0px;\"><div class=\"fusion-column-wrapper fusion-flex-column-wrapper-legacy\" style=\"background-position:left top;background-repeat:no-repeat;-webkit-background-size:cover;-moz-background-size:cover;-o-background-size:cover;background-size:cover;padding: 0px 0px 0px 0px;\"><div class=\"fusion-sep-clear\"><\/div><div class=\"fusion-separator fusion-full-width-sep\" style=\"margin-left: auto;margin-right: auto;margin-top:25px;margin-bottom:25px;width:100%;\"><div class=\"fusion-separator-border sep-double\" style=\"border-color:#e0dede;border-top-width:1px;border-bottom-width:1px;\"><\/div><\/div><div class=\"fusion-sep-clear\"><\/div><div class=\"fusion-clearfix\"><\/div><\/div><\/div><div class=\"fusion-layout-column fusion_builder_column_inner fusion-builder-nested-column-8 fusion_builder_column_inner_1_3 1_3 fusion-one-third fusion-column-first hide-content\" style=\"width:30.6666%; margin-right: 4%;margin-top:0px;margin-bottom:0px;\"><div class=\"fusion-column-wrapper fusion-flex-column-wrapper-legacy\" style=\"background-position:left top;background-repeat:no-repeat;-webkit-background-size:cover;-moz-background-size:cover;-o-background-size:cover;background-size:cover;padding: 10px 0px 10px 0px;\"><div class=\"fusion-aligncenter\"><style>.fusion-body .fusion-button.button-8{border-radius:0px 0px 0px 0px;}.fusion-body .fusion-button.button-8 .fusion-button-text{text-transform:uppercase;}<\/style><a class=\"fusion-button button-flat button-medium button-default button-8 fusion-button-default-span fusion-button-default-type\" target=\"_self\" href=\"https:\/\/dunedinkindergartens.org.nz\/fr\/careers-2\/current_vacancies_stki1fte\/\"><span class=\"fusion-button-text\">Enseignant \u00e0 temps plein \u00e0 St Kilda<\/span><\/a><\/div><div class=\"fusion-clearfix\"><\/div><\/div><\/div><div class=\"fusion-layout-column fusion_builder_column_inner fusion-builder-nested-column-9 fusion_builder_column_inner_1_1 1_1 fusion-one-full fusion-column-last hide-content\" style=\"margin-top:0px;margin-bottom:0px;\"><div class=\"fusion-column-wrapper fusion-flex-column-wrapper-legacy\" style=\"background-position:left top;background-repeat:no-repeat;-webkit-background-size:cover;-moz-background-size:cover;-o-background-size:cover;background-size:cover;padding: 0px 0px 0px 0px;\"><div class=\"fusion-sep-clear\"><\/div><div class=\"fusion-separator fusion-full-width-sep\" style=\"margin-left: auto;margin-right: auto;margin-top:25px;margin-bottom:25px;width:100%;\"><div class=\"fusion-separator-border sep-double\" style=\"border-color:#e0dede;border-top-width:1px;border-bottom-width:1px;\"><\/div><\/div><div class=\"fusion-sep-clear\"><\/div><div class=\"fusion-clearfix\"><\/div><\/div><\/div><\/div><div class=\"fusion-sep-clear\"><\/div><div class=\"fusion-separator fusion-full-width-sep\" style=\"margin-left: auto;margin-right: auto;margin-top:15px;width:100%;\"><\/div><div class=\"fusion-sep-clear\"><\/div><div class=\"fusion-clearfix\"><\/div><\/div><\/div><\/div><\/div><\/p>","protected":false},"excerpt":{"rendered":"","protected":false},"author":1,"featured_media":0,"parent":0,"menu_order":0,"comment_status":"closed","ping_status":"closed","template":"100-width.php","meta":{"footnotes":""},"class_list":["post-742","page","type-page","status-publish","hentry"],"yoast_head":"<!-- This site is optimized with the Yoast SEO plugin v27.2 - https:\/\/yoast.com\/product\/yoast-seo-wordpress\/ -->\n<title>Careers - Dunedin Kindergartens<\/title>\n<meta name=\"robots\" content=\"index, follow, max-snippet:-1, max-image-preview:large, max-video-preview:-1\" \/>\n<link rel=\"canonical\" href=\"https:\/\/dunedinkindergartens.org.nz\/fr\/careers-2\/\" \/>\n<meta property=\"og:locale\" content=\"fr_FR\" \/>\n<meta property=\"og:type\" content=\"article\" \/>\n<meta property=\"og:title\" content=\"Careers - Dunedin Kindergartens\" \/>\n<meta property=\"og:url\" content=\"https:\/\/dunedinkindergartens.org.nz\/fr\/careers-2\/\" \/>\n<meta property=\"og:site_name\" content=\"Dunedin Kindergartens\" \/>\n<meta property=\"article:modified_time\" content=\"2026-03-30T23:25:10+00:00\" \/>\n<meta property=\"og:image\" content=\"https:\/\/dunedinkindergartens.org.nz\/wp-content\/uploads\/2025\/03\/Simplifi.png\" \/>\n\t<meta property=\"og:image:width\" content=\"194\" \/>\n\t<meta property=\"og:image:height\" content=\"181\" \/>\n\t<meta property=\"og:image:type\" content=\"image\/png\" \/>\n<meta name=\"twitter:card\" content=\"summary_large_image\" \/>\n<meta name=\"twitter:label1\" content=\"Dur\u00e9e de lecture estim\u00e9e\" \/>\n\t<meta name=\"twitter:data1\" content=\"12 minutes\" \/>\n<script type=\"application\/ld+json\" class=\"yoast-schema-graph\">{\"@context\":\"https:\/\/schema.org\",\"@graph\":[{\"@type\":\"WebPage\",\"@id\":\"https:\/\/dunedinkindergartens.org.nz\/careers-2\/\",\"url\":\"https:\/\/dunedinkindergartens.org.nz\/careers-2\/\",\"name\":\"Careers - Dunedin Kindergartens\",\"isPartOf\":{\"@id\":\"https:\/\/dunedinkindergartens.org.nz\/#website\"},\"primaryImageOfPage\":{\"@id\":\"https:\/\/dunedinkindergartens.org.nz\/careers-2\/#primaryimage\"},\"image\":{\"@id\":\"https:\/\/dunedinkindergartens.org.nz\/careers-2\/#primaryimage\"},\"thumbnailUrl\":\"https:\/\/dunedinkindergartens.org.nz\/wp-content\/uploads\/2025\/03\/Simplifi.png\",\"datePublished\":\"2018-06-26T03:15:11+00:00\",\"dateModified\":\"2026-03-30T23:25:10+00:00\",\"breadcrumb\":{\"@id\":\"https:\/\/dunedinkindergartens.org.nz\/careers-2\/#breadcrumb\"},\"inLanguage\":\"fr-FR\",\"potentialAction\":[{\"@type\":\"ReadAction\",\"target\":[\"https:\/\/dunedinkindergartens.org.nz\/careers-2\/\"]}]},{\"@type\":\"ImageObject\",\"inLanguage\":\"fr-FR\",\"@id\":\"https:\/\/dunedinkindergartens.org.nz\/careers-2\/#primaryimage\",\"url\":\"https:\/\/dunedinkindergartens.org.nz\/wp-content\/uploads\/2025\/03\/Simplifi.png\",\"contentUrl\":\"https:\/\/dunedinkindergartens.org.nz\/wp-content\/uploads\/2025\/03\/Simplifi.png\"},{\"@type\":\"BreadcrumbList\",\"@id\":\"https:\/\/dunedinkindergartens.org.nz\/careers-2\/#breadcrumb\",\"itemListElement\":[{\"@type\":\"ListItem\",\"position\":1,\"name\":\"Home\",\"item\":\"https:\/\/dunedinkindergartens.org.nz\/\"},{\"@type\":\"ListItem\",\"position\":2,\"name\":\"Careers\"}]},{\"@type\":\"WebSite\",\"@id\":\"https:\/\/dunedinkindergartens.org.nz\/#website\",\"url\":\"https:\/\/dunedinkindergartens.org.nz\/\",\"name\":\"Dunedin Kindergartens\",\"description\":\"Top quality, affordable early childhood education for children 2 \u2013 5 years old.\",\"potentialAction\":[{\"@type\":\"SearchAction\",\"target\":{\"@type\":\"EntryPoint\",\"urlTemplate\":\"https:\/\/dunedinkindergartens.org.nz\/?s={search_term_string}\"},\"query-input\":{\"@type\":\"PropertyValueSpecification\",\"valueRequired\":true,\"valueName\":\"search_term_string\"}}],\"inLanguage\":\"fr-FR\"}]}<\/script>\n<!-- \/ Yoast SEO plugin. -->","yoast_head_json":{"title":"Careers - Dunedin Kindergartens","robots":{"index":"index","follow":"follow","max-snippet":"max-snippet:-1","max-image-preview":"max-image-preview:large","max-video-preview":"max-video-preview:-1"},"canonical":"https:\/\/dunedinkindergartens.org.nz\/fr\/careers-2\/","og_locale":"fr_FR","og_type":"article","og_title":"Careers - Dunedin Kindergartens","og_url":"https:\/\/dunedinkindergartens.org.nz\/fr\/careers-2\/","og_site_name":"Dunedin Kindergartens","article_modified_time":"2026-03-30T23:25:10+00:00","og_image":[{"width":194,"height":181,"url":"https:\/\/dunedinkindergartens.org.nz\/wp-content\/uploads\/2025\/03\/Simplifi.png","type":"image\/png"}],"twitter_card":"summary_large_image","twitter_misc":{"Dur\u00e9e de lecture estim\u00e9e":"12 minutes"},"schema":{"@context":"https:\/\/schema.org","@graph":[{"@type":"WebPage","@id":"https:\/\/dunedinkindergartens.org.nz\/careers-2\/","url":"https:\/\/dunedinkindergartens.org.nz\/careers-2\/","name":"Careers - Dunedin Kindergartens","isPartOf":{"@id":"https:\/\/dunedinkindergartens.org.nz\/#website"},"primaryImageOfPage":{"@id":"https:\/\/dunedinkindergartens.org.nz\/careers-2\/#primaryimage"},"image":{"@id":"https:\/\/dunedinkindergartens.org.nz\/careers-2\/#primaryimage"},"thumbnailUrl":"https:\/\/dunedinkindergartens.org.nz\/wp-content\/uploads\/2025\/03\/Simplifi.png","datePublished":"2018-06-26T03:15:11+00:00","dateModified":"2026-03-30T23:25:10+00:00","breadcrumb":{"@id":"https:\/\/dunedinkindergartens.org.nz\/careers-2\/#breadcrumb"},"inLanguage":"fr-FR","potentialAction":[{"@type":"ReadAction","target":["https:\/\/dunedinkindergartens.org.nz\/careers-2\/"]}]},{"@type":"ImageObject","inLanguage":"fr-FR","@id":"https:\/\/dunedinkindergartens.org.nz\/careers-2\/#primaryimage","url":"https:\/\/dunedinkindergartens.org.nz\/wp-content\/uploads\/2025\/03\/Simplifi.png","contentUrl":"https:\/\/dunedinkindergartens.org.nz\/wp-content\/uploads\/2025\/03\/Simplifi.png"},{"@type":"BreadcrumbList","@id":"https:\/\/dunedinkindergartens.org.nz\/careers-2\/#breadcrumb","itemListElement":[{"@type":"ListItem","position":1,"name":"Home","item":"https:\/\/dunedinkindergartens.org.nz\/"},{"@type":"ListItem","position":2,"name":"Careers"}]},{"@type":"WebSite","@id":"https:\/\/dunedinkindergartens.org.nz\/#website","url":"https:\/\/dunedinkindergartens.org.nz\/","name":"Jardins d&#039;enfants de Dunedin","description":"\u00c9ducation de la petite enfance de qualit\u00e9 sup\u00e9rieure et abordable pour les enfants de 2 \u00e0 5 ans.","potentialAction":[{"@type":"SearchAction","target":{"@type":"EntryPoint","urlTemplate":"https:\/\/dunedinkindergartens.org.nz\/?s={search_term_string}"},"query-input":{"@type":"PropertyValueSpecification","valueRequired":true,"valueName":"search_term_string"}}],"inLanguage":"fr-FR"}]}},"_links":{"self":[{"href":"https:\/\/dunedinkindergartens.org.nz\/fr\/wp-json\/wp\/v2\/pages\/742","targetHints":{"allow":["GET"]}}],"collection":[{"href":"https:\/\/dunedinkindergartens.org.nz\/fr\/wp-json\/wp\/v2\/pages"}],"about":[{"href":"https:\/\/dunedinkindergartens.org.nz\/fr\/wp-json\/wp\/v2\/types\/page"}],"author":[{"embeddable":true,"href":"https:\/\/dunedinkindergartens.org.nz\/fr\/wp-json\/wp\/v2\/users\/1"}],"replies":[{"embeddable":true,"href":"https:\/\/dunedinkindergartens.org.nz\/fr\/wp-json\/wp\/v2\/comments?post=742"}],"version-history":[{"count":241,"href":"https:\/\/dunedinkindergartens.org.nz\/fr\/wp-json\/wp\/v2\/pages\/742\/revisions"}],"predecessor-version":[{"id":3187,"href":"https:\/\/dunedinkindergartens.org.nz\/fr\/wp-json\/wp\/v2\/pages\/742\/revisions\/3187"}],"wp:attachment":[{"href":"https:\/\/dunedinkindergartens.org.nz\/fr\/wp-json\/wp\/v2\/media?parent=742"}],"curies":[{"name":"wp","href":"https:\/\/api.w.org\/{rel}","templated":true}]}}