{"id":831,"date":"2018-07-11T10:31:25","date_gmt":"2018-07-11T10:31:25","guid":{"rendered":"http:\/\/dunedinkindy.lemonuat.com\/?page_id=831"},"modified":"2024-11-20T13:46:20","modified_gmt":"2024-11-20T00:46:20","slug":"what-we-offer","status":"publish","type":"page","link":"https:\/\/dunedinkindergartens.org.nz\/es\/what-we-offer\/","title":{"rendered":"Qu\u00e9 ofrecemos"},"content":{"rendered":"<p><div class=\"fusion-fullwidth fullwidth-box fusion-builder-row-1 has-pattern-background has-mask-background nonhundred-percent-fullwidth non-hundred-percent-height-scrolling\" style=\"background-color: rgba(255,255,255,0);background-position: left top;background-repeat: no-repeat;padding-top:40px;padding-right:0px;padding-bottom:75px;padding-left:0px;margin-bottom: 0px;margin-top: 0px;border-width: 0px 0px 0px 0px;border-color:#eae9e9;border-style:solid;\" ><div class=\"fusion-builder-row fusion-row\"><div class=\"fusion-layout-column fusion_builder_column fusion-builder-column-0 fusion_builder_column_1_1 1_1 fusion-one-full fusion-column-first fusion-column-last\" style=\"margin-top:0px;margin-bottom:0px;\"><div class=\"fusion-column-wrapper fusion-flex-column-wrapper-legacy\" style=\"background-position:left top;background-repeat:no-repeat;-webkit-background-size:cover;-moz-background-size:cover;-o-background-size:cover;background-size:cover;padding: 0px 20px 0px 20px;\"><div class=\"fusion-text fusion-text-1 fusion-text-no-margin\" style=\"margin-bottom:20px;\"><h2>En el jard\u00edn de infancia su hijo experimentar\u00e1:<\/h2>\n<\/div><div class=\"fusion-builder-row fusion-builder-row-inner fusion-row\"><div class=\"fusion-layout-column fusion_builder_column_inner fusion-builder-nested-column-0 fusion_builder_column_inner_1_2 1_2 fusion-one-half fusion-column-first\" style=\"width:50%;width:calc(50% - ( ( 4% ) * 0.5 ) );margin-right: 4%;margin-top:0px;margin-bottom:0px;\"><div class=\"fusion-column-wrapper fusion-flex-column-wrapper-legacy\" style=\"background-position:left top;background-repeat:no-repeat;-webkit-background-size:cover;-moz-background-size:cover;-o-background-size:cover;background-size:cover;padding: 0px 0px 0px 0px;\"><div class=\"fusion-text fusion-text-2\"><h3>Aprender para la vida<\/h3>\n<p>El aprendizaje se produce de forma natural en la guarder\u00eda. Los ni\u00f1os aprenden interactuando con los dem\u00e1s de forma significativa, lo que les ayuda a dar sentido a su mundo. Los ni\u00f1os tienen libertad para ser imaginativos, creativos y practicar habilidades. Los ni\u00f1os aprenden a formar parte de un grupo y a ser socialmente competentes.<\/p>\n<h3>Excelentes recursos para interiores<\/h3>\n<p>Nuestros jardines de infancia est\u00e1n bien equipados para proporcionar herramientas y accesorios a ni\u00f1os y profesores. Una guarder\u00eda t\u00edpica tiene de todo: desde pinceles hasta c\u00e1maras digitales, desde libros hasta ordenadores port\u00e1tiles, desde tambores hasta iPods, desde lupas hasta microscopios digitales azules. Su hijo estar\u00e1 bien atendido en la guarder\u00eda.<\/p>\n<h3>Emocionantes entornos al aire libre<\/h3>\n<p>Valoramos el aire libre como un importante espacio de aprendizaje para los ni\u00f1os. Cada jard\u00edn de infancia ofrece una serie de experiencias como areneros, columpios, toboganes, juegos acu\u00e1ticos, jardiner\u00eda, carpinter\u00eda y mucho m\u00e1s. Los ni\u00f1os se enfrentan a retos y reciben apoyo en sus descubrimientos. Cinco de nuestros jardines de infancia realizan excursiones peri\u00f3dicas con los ni\u00f1os mayores a lugares fuera de las instalaciones para conectar realmente con la naturaleza.<\/p>\n<h3>Participaci\u00f3n familiar<\/h3>\n<p>Al matricular a su hijo en el jard\u00edn de infancia, su familia pasa a formar parte de una comunidad de padres solidaria y conectada con el objetivo com\u00fan de ofrecer la mejor educaci\u00f3n preescolar a sus hijos. Es un lugar para hacer nuevas amistades e implicarse en la vida del jard\u00edn de infancia, en la medida en que disponga de tiempo o est\u00e9 dispuesto a ello. Agradecemos la participaci\u00f3n de las familias en nuestros jardines de infancia.<\/p>\n<\/div><div class=\"fusion-clearfix\"><\/div><\/div><\/div><div class=\"fusion-layout-column fusion_builder_column_inner fusion-builder-nested-column-1 fusion_builder_column_inner_1_2 1_2 fusion-one-half fusion-column-last\" style=\"width:50%;width:calc(50% - ( ( 4% ) * 0.5 ) );margin-top:0px;margin-bottom:0px;\"><div class=\"fusion-column-wrapper fusion-flex-column-wrapper-legacy\" style=\"background-position:left top;background-repeat:no-repeat;-webkit-background-size:cover;-moz-background-size:cover;-o-background-size:cover;background-size:cover;padding: 0px 0px 0px 0px;\"><div class=\"fusion-text fusion-text-3\"><h3>Programas comunitarios<\/h3>\n<p>Los jardines de infancia de Dunedin est\u00e1n situados intencionadamente en los suburbios del \u00e1rea metropolitana de Dunedin. Esto permite a las familias acceder al jard\u00edn de infancia en su propio barrio y entablar amistades y v\u00ednculos con otras familias y con las escuelas cercanas. Los ni\u00f1os tienen la oportunidad de relacionarse con el resto de la comunidad mediante excursiones, paseos y visitas de distintas personas.<\/p>\n<h3>100% Profesores cualificados<\/h3>\n<p>\u00a1Los ni\u00f1os se merecen nada menos que 100% profesores cualificados!<br \/>\nEn los Jardines de Infancia de Dunedin, \u00e9sta es nuestra referencia de calidad. Contamos con un alto nivel de responsabilidad profesional, ya que los profesores est\u00e1n registrados en el Consejo de Profesores de Nueva Zelanda y cumplen los \"Est\u00e1ndares profesionales para profesores de guarder\u00eda\".<br \/>\nDunedin Kindergartens apoya la campa\u00f1a GreatStart 100%, creada para que el Gobierno reconozca los beneficios de una educaci\u00f3n infantil de calidad.<\/p>\n<h3>Gran relaci\u00f3n calidad-precio<\/h3>\n<p>Asistir a nuestras guarder\u00edas es muy asequible. Todas nuestras guarder\u00edas ofrecen hasta 20 horas gratuitas de educaci\u00f3n infantil para tu hijo y nuestras tarifas son muy competitivas.<br \/>\nTodos los ni\u00f1os de 3, 4 y 5 a\u00f1os que hagan todas sus 20 horas gratuitas con nosotros no tendr\u00e1n que pagar por las horas adicionales. Usted podr\u00eda conseguir hasta 30 horas en el jard\u00edn de infancia y no pagar nada.<\/p>\n<h3>Protecci\u00f3n de menores<\/h3>\n<p>Dunedin Kindergartens se compromete a garantizar la seguridad de todos los ni\u00f1os que asisten a nuestros jardines de infancia. <span style=\"text-decoration: underline;\"><a href=\"https:\/\/dunedinkindergartens.org.nz\/wp-content\/uploads\/2024\/05\/Child-Protection-policy-2023.pdf\">Pulse aqu\u00ed<\/a><\/span> para consultar nuestra Pol\u00edtica de protecci\u00f3n de la infancia.<\/p>\n<\/div><div class=\"fusion-clearfix\"><\/div><\/div><\/div><\/div><div class=\"fusion-sep-clear\"><\/div><div class=\"fusion-separator fusion-full-width-sep\" style=\"margin-left: auto;margin-right: auto;margin-top:10px;width:100%;\"><\/div><div class=\"fusion-sep-clear\"><\/div><div class=\"fusion-clearfix\"><\/div><\/div><\/div><\/div><\/div><div class=\"fusion-bg-parallax\" data-bg-align=\"right center\" data-direction=\"up\" data-mute=\"false\" data-opacity=\"100\" data-velocity=\"-0.2\" data-mobile-enabled=\"false\" data-break_parents=\"0\" data-bg-image=\"https:\/\/www.dunedinkindergartens.org.nz\/wp-content\/uploads\/2018\/07\/polyfest.jpg\" data-bg-repeat=\"false\" ><\/div><div class=\"fusion-fullwidth fullwidth-box fusion-builder-row-2 fusion-parallax-up nonhundred-percent-fullwidth non-hundred-percent-height-scrolling\" style=\"background-color: rgba(255,255,255,0);background-image: url(&quot;https:\/\/www.dunedinkindergartens.org.nz\/wp-content\/uploads\/2018\/07\/polyfest.jpg&quot;);background-position: right center;background-repeat: no-repeat;padding-top:200px;padding-right:0px;padding-bottom:200px;padding-left:0px;margin-bottom: 0px;margin-top: 0px;border-width: 0px 0px 0px 0px;border-color:#eae9e9;border-style:solid;-webkit-background-size:cover;-moz-background-size:cover;-o-background-size:cover;background-size:cover;\" ><div class=\"fusion-builder-row fusion-row\"><div class=\"fusion-layout-column fusion_builder_column fusion-builder-column-1 fusion_builder_column_1_1 1_1 fusion-one-full fusion-column-first fusion-column-last\" style=\"margin-top:0px;margin-bottom:0px;\"><div class=\"fusion-column-wrapper fusion-flex-column-wrapper-legacy\" style=\"background-position:left top;background-repeat:no-repeat;-webkit-background-size:cover;-moz-background-size:cover;-o-background-size:cover;background-size:cover;padding: 0px 0px 0px 0px;\"><div class=\"fusion-clearfix\"><\/div><\/div><\/div><\/div><\/div><\/p>","protected":false},"excerpt":{"rendered":"","protected":false},"author":1,"featured_media":0,"parent":0,"menu_order":0,"comment_status":"closed","ping_status":"closed","template":"100-width.php","meta":{"footnotes":""},"class_list":["post-831","page","type-page","status-publish","hentry"],"yoast_head":"<!-- This site is optimized with the Yoast SEO plugin v27.2 - https:\/\/yoast.com\/product\/yoast-seo-wordpress\/ -->\n<title>What We Offer - Dunedin Kindergartens<\/title>\n<meta name=\"robots\" content=\"index, follow, max-snippet:-1, max-image-preview:large, max-video-preview:-1\" \/>\n<link rel=\"canonical\" href=\"https:\/\/dunedinkindergartens.org.nz\/es\/what-we-offer\/\" \/>\n<meta property=\"og:locale\" content=\"es_ES\" \/>\n<meta property=\"og:type\" content=\"article\" \/>\n<meta property=\"og:title\" content=\"What We Offer - Dunedin Kindergartens\" \/>\n<meta property=\"og:url\" content=\"https:\/\/dunedinkindergartens.org.nz\/es\/what-we-offer\/\" \/>\n<meta property=\"og:site_name\" content=\"Dunedin Kindergartens\" \/>\n<meta property=\"article:modified_time\" content=\"2024-11-20T00:46:20+00:00\" \/>\n<meta name=\"twitter:card\" content=\"summary_large_image\" \/>\n<meta name=\"twitter:label1\" content=\"Tiempo de lectura\" \/>\n\t<meta name=\"twitter:data1\" content=\"5 minutos\" \/>\n<script type=\"application\/ld+json\" class=\"yoast-schema-graph\">{\"@context\":\"https:\/\/schema.org\",\"@graph\":[{\"@type\":\"WebPage\",\"@id\":\"https:\/\/dunedinkindergartens.org.nz\/what-we-offer\/\",\"url\":\"https:\/\/dunedinkindergartens.org.nz\/what-we-offer\/\",\"name\":\"What We Offer - Dunedin Kindergartens\",\"isPartOf\":{\"@id\":\"https:\/\/dunedinkindergartens.org.nz\/#website\"},\"datePublished\":\"2018-07-11T10:31:25+00:00\",\"dateModified\":\"2024-11-20T00:46:20+00:00\",\"breadcrumb\":{\"@id\":\"https:\/\/dunedinkindergartens.org.nz\/what-we-offer\/#breadcrumb\"},\"inLanguage\":\"es\",\"potentialAction\":[{\"@type\":\"ReadAction\",\"target\":[\"https:\/\/dunedinkindergartens.org.nz\/what-we-offer\/\"]}]},{\"@type\":\"BreadcrumbList\",\"@id\":\"https:\/\/dunedinkindergartens.org.nz\/what-we-offer\/#breadcrumb\",\"itemListElement\":[{\"@type\":\"ListItem\",\"position\":1,\"name\":\"Home\",\"item\":\"https:\/\/dunedinkindergartens.org.nz\/\"},{\"@type\":\"ListItem\",\"position\":2,\"name\":\"What We Offer\"}]},{\"@type\":\"WebSite\",\"@id\":\"https:\/\/dunedinkindergartens.org.nz\/#website\",\"url\":\"https:\/\/dunedinkindergartens.org.nz\/\",\"name\":\"Dunedin Kindergartens\",\"description\":\"Top quality, affordable early childhood education for children 2 \u2013 5 years old.\",\"potentialAction\":[{\"@type\":\"SearchAction\",\"target\":{\"@type\":\"EntryPoint\",\"urlTemplate\":\"https:\/\/dunedinkindergartens.org.nz\/?s={search_term_string}\"},\"query-input\":{\"@type\":\"PropertyValueSpecification\",\"valueRequired\":true,\"valueName\":\"search_term_string\"}}],\"inLanguage\":\"es\"}]}<\/script>\n<!-- \/ Yoast SEO plugin. -->","yoast_head_json":{"title":"What We Offer - Dunedin Kindergartens","robots":{"index":"index","follow":"follow","max-snippet":"max-snippet:-1","max-image-preview":"max-image-preview:large","max-video-preview":"max-video-preview:-1"},"canonical":"https:\/\/dunedinkindergartens.org.nz\/es\/what-we-offer\/","og_locale":"es_ES","og_type":"article","og_title":"What We Offer - Dunedin Kindergartens","og_url":"https:\/\/dunedinkindergartens.org.nz\/es\/what-we-offer\/","og_site_name":"Dunedin Kindergartens","article_modified_time":"2024-11-20T00:46:20+00:00","twitter_card":"summary_large_image","twitter_misc":{"Tiempo de lectura":"5 minutos"},"schema":{"@context":"https:\/\/schema.org","@graph":[{"@type":"WebPage","@id":"https:\/\/dunedinkindergartens.org.nz\/what-we-offer\/","url":"https:\/\/dunedinkindergartens.org.nz\/what-we-offer\/","name":"What We Offer - Dunedin Kindergartens","isPartOf":{"@id":"https:\/\/dunedinkindergartens.org.nz\/#website"},"datePublished":"2018-07-11T10:31:25+00:00","dateModified":"2024-11-20T00:46:20+00:00","breadcrumb":{"@id":"https:\/\/dunedinkindergartens.org.nz\/what-we-offer\/#breadcrumb"},"inLanguage":"es","potentialAction":[{"@type":"ReadAction","target":["https:\/\/dunedinkindergartens.org.nz\/what-we-offer\/"]}]},{"@type":"BreadcrumbList","@id":"https:\/\/dunedinkindergartens.org.nz\/what-we-offer\/#breadcrumb","itemListElement":[{"@type":"ListItem","position":1,"name":"Home","item":"https:\/\/dunedinkindergartens.org.nz\/"},{"@type":"ListItem","position":2,"name":"What We Offer"}]},{"@type":"WebSite","@id":"https:\/\/dunedinkindergartens.org.nz\/#website","url":"https:\/\/dunedinkindergartens.org.nz\/","name":"Jardines de infancia de Dunedin","description":"Educaci\u00f3n infantil asequible y de m\u00e1xima calidad para ni\u00f1os de 2 a 5 a\u00f1os.","potentialAction":[{"@type":"SearchAction","target":{"@type":"EntryPoint","urlTemplate":"https:\/\/dunedinkindergartens.org.nz\/?s={search_term_string}"},"query-input":{"@type":"PropertyValueSpecification","valueRequired":true,"valueName":"search_term_string"}}],"inLanguage":"es"}]}},"_links":{"self":[{"href":"https:\/\/dunedinkindergartens.org.nz\/es\/wp-json\/wp\/v2\/pages\/831","targetHints":{"allow":["GET"]}}],"collection":[{"href":"https:\/\/dunedinkindergartens.org.nz\/es\/wp-json\/wp\/v2\/pages"}],"about":[{"href":"https:\/\/dunedinkindergartens.org.nz\/es\/wp-json\/wp\/v2\/types\/page"}],"author":[{"embeddable":true,"href":"https:\/\/dunedinkindergartens.org.nz\/es\/wp-json\/wp\/v2\/users\/1"}],"replies":[{"embeddable":true,"href":"https:\/\/dunedinkindergartens.org.nz\/es\/wp-json\/wp\/v2\/comments?post=831"}],"version-history":[{"count":31,"href":"https:\/\/dunedinkindergartens.org.nz\/es\/wp-json\/wp\/v2\/pages\/831\/revisions"}],"predecessor-version":[{"id":2789,"href":"https:\/\/dunedinkindergartens.org.nz\/es\/wp-json\/wp\/v2\/pages\/831\/revisions\/2789"}],"wp:attachment":[{"href":"https:\/\/dunedinkindergartens.org.nz\/es\/wp-json\/wp\/v2\/media?parent=831"}],"curies":[{"name":"wp","href":"https:\/\/api.w.org\/{rel}","templated":true}]}}