{"id":1206,"date":"2018-09-20T04:43:35","date_gmt":"2018-09-20T04:43:35","guid":{"rendered":"http:\/\/dunedinkindy.lemonuat.com\/?page_id=1206"},"modified":"2025-02-14T09:21:21","modified_gmt":"2025-02-13T20:21:21","slug":"greenisland","status":"publish","type":"page","link":"https:\/\/dunedinkindergartens.org.nz\/es\/kindergartens\/greenisland\/","title":{"rendered":"Jard\u00edn de infancia Green Island"},"content":{"rendered":"<p><div class=\"fusion-fullwidth fullwidth-box fusion-builder-row-1 has-pattern-background has-mask-background fusion-parallax-none aspect-4by3 nonhundred-percent-fullwidth non-hundred-percent-height-scrolling\" style=\"background-color: rgba(255,255,255,0);background-image: url(&quot;https:\/\/dunedinkindergartens.org.nz\/wp-content\/uploads\/2023\/01\/GREE-Outside-Resize.jpg&quot;);background-position: center center;background-repeat: no-repeat;padding-top:200px;padding-right:200px;padding-bottom:200px;padding-left:200px;margin-bottom: 0px;margin-top: 0px;border-width: 0px 0px 0px 0px;border-color:#eae9e9;border-style:solid;-webkit-background-size:cover;-moz-background-size:cover;-o-background-size:cover;background-size:cover;\" ><div class=\"fusion-builder-row fusion-row\"><div class=\"fusion-layout-column fusion_builder_column fusion-builder-column-0 fusion_builder_column_1_1 1_1 fusion-one-full fusion-column-first fusion-column-last\" style=\"margin-top:0px;margin-bottom:0px;\"><div class=\"fusion-column-wrapper fusion-flex-column-wrapper-legacy\" style=\"background-position:left top;background-repeat:no-repeat;-webkit-background-size:cover;-moz-background-size:cover;-o-background-size:cover;background-size:cover;padding: 0px 0px 0px 0px;\"><div class=\"fusion-clearfix\"><\/div><\/div><\/div><\/div><\/div><div class=\"fusion-fullwidth fullwidth-box fusion-builder-row-2 hundred-percent-fullwidth non-hundred-percent-height-scrolling fusion-equal-height-columns\" style=\"background-color: rgba(255,255,255,0);background-position: left top;background-repeat: no-repeat;padding-top:0px;padding-right:0px;padding-bottom:0px;padding-left:0px;margin-bottom: 0px;margin-top: 0px;border-width: 0px 0px 0px 0px;border-color:#eae9e9;border-style:solid;\" ><div class=\"fusion-builder-row fusion-row\"><div class=\"fusion-layout-column fusion_builder_column fusion-builder-column-1 fusion_builder_column_1_2 1_2 fusion-one-half fusion-column-first\" style=\"margin-top:0px;margin-bottom:0px;\"><div class=\"fusion-column-wrapper fusion-flex-column-wrapper-legacy\" style=\"background-position:left top;background-repeat:no-repeat;-webkit-background-size:cover;-moz-background-size:cover;-o-background-size:cover;background-size:cover;background-color:rgba(255,255,255,0);padding: 100px 14% 100px 14%;\"><div class=\"fusion-builder-row fusion-builder-row-inner fusion-row\"><div class=\"fusion-layout-column fusion_builder_column_inner fusion-builder-nested-column-0 fusion_builder_column_inner_1_1 1_1 fusion-one-full fusion-column-first fusion-column-last\" style=\"margin-top:0px;margin-bottom:0px;\"><div class=\"fusion-column-wrapper fusion-flex-column-wrapper-legacy\" style=\"background-position:left top;background-repeat:no-repeat;-webkit-background-size:cover;-moz-background-size:cover;-o-background-size:cover;background-size:cover;padding: 0px 0px 0px 0px;\"><div class=\"fusion-text fusion-text-1\"><p>Este jard\u00edn de infancia est\u00e1 abierto de 8:30 a 14:30 horas y cierra durante las vacaciones escolares.<\/p>\n<p>Nuestro jard\u00edn de infancia tiene la suerte de disfrutar del sol todo el d\u00eda en la colina de Green Island. Ubicado justo enfrente de la escuela Green Island, contamos con una colaboraci\u00f3n y una estrategia de transici\u00f3n ideales para ni\u00f1os y familias.<br \/>\nGreen Island Kindergarten ofrece un ambiente de aprendizaje espacioso por dentro y por fuera, donde el desarrollo f\u00edsico y social son aspectos clave del programa.<br \/>\nSomos un equipo de cinco profesores y tenemos hasta cuarenta tamariki en nuestro programa en nuestro refugio en la colina.<\/p>\n<h1>Nuestra historia<\/h1>\n<p>El jard\u00edn de infancia Green Island abri\u00f3 sus puertas en 1978 y se construy\u00f3 un nuevo edificio en 2011 en el mismo sitio en 20 Howden Street.<\/p>\n<\/div><div class=\"fusion-clearfix\"><\/div><\/div><\/div><\/div><div class=\"fusion-sep-clear\"><\/div><div class=\"fusion-separator fusion-full-width-sep\" style=\"margin-left: auto;margin-right: auto;margin-top:25px;width:100%;\"><\/div><div class=\"fusion-sep-clear\"><\/div><div class=\"fusion-clearfix\"><\/div><\/div><\/div><div class=\"fusion-layout-column fusion_builder_column fusion-builder-column-2 fusion_builder_column_1_2 1_2 fusion-one-half fusion-column-last\" style=\"margin-top:0px;margin-bottom:0px;\"><div class=\"fusion-column-wrapper fusion-flex-column-wrapper-legacy\" style=\"background-image: url(&#039;https:\/\/dunedinkindergartens.org.nz\/wp-content\/uploads\/2023\/01\/GREE-Children-Resize-rotated.jpg&#039;);background-position:center center;background-repeat:no-repeat;-webkit-background-size:cover;-moz-background-size:cover;-o-background-size:cover;background-size:cover;padding: 0px 0px 0px 0px;\" data-bg-url=\"https:\/\/dunedinkindergartens.org.nz\/wp-content\/uploads\/2023\/01\/GREE-Children-Resize-rotated.jpg\"><div class=\"fusion-sep-clear\"><\/div><div class=\"fusion-separator fusion-full-width-sep\" style=\"margin-left: auto;margin-right: auto;margin-top:200px;width:100%;\"><\/div><div class=\"fusion-sep-clear\"><\/div><div class=\"fusion-clearfix\"><\/div><\/div><\/div><div class=\"fusion-layout-column fusion_builder_column fusion-builder-column-3 fusion_builder_column_1_2 1_2 fusion-one-half fusion-column-first\" style=\"margin-top:0px;margin-bottom:0px;\"><div class=\"fusion-column-wrapper fusion-flex-column-wrapper-legacy\" style=\"background-position:left top;background-repeat:no-repeat;-webkit-background-size:cover;-moz-background-size:cover;-o-background-size:cover;background-size:cover;padding: 0px 0px 0px 0px;\"><iframe src=\"https:\/\/www.google.com\/maps\/embed?pb=!1m18!1m12!1m3!1d2776.3389372031766!2d170.4279384160159!3d-45.90453294624371!2m3!1f0!2f0!3f0!3m2!1i1024!2i768!4f13.1!3m3!1m2!1s0xa82ea9a1f13d3e1b%3A0x6718c91889e6f3c6!2sGreen+Island+Kindergarten!5e0!3m2!1sen!2snz!4v1538941264404&key=AIzaSyADblSWflJI7tFogMKR414RMc0m-o2DIJ8\" width=\"1000\" height=\"800\" frameborder=\"0\" style=\"border:0\" allowfullscreen><\/iframe><div class=\"fusion-clearfix\"><\/div><\/div><\/div><div class=\"fusion-layout-column fusion_builder_column fusion-builder-column-4 fusion_builder_column_1_2 1_2 fusion-one-half fusion-column-last\" style=\"margin-top:0px;margin-bottom:0px;\"><div class=\"fusion-column-wrapper fusion-flex-column-wrapper-legacy\" style=\"background-position:left top;background-repeat:no-repeat;-webkit-background-size:cover;-moz-background-size:cover;-o-background-size:cover;background-size:cover;background-color:#ffffff;padding: 100px 14% 100px 14%;\"><div class=\"fusion-sep-clear\"><\/div><div class=\"fusion-separator fusion-full-width-sep\" style=\"margin-left: auto;margin-right: auto;margin-top:25px;width:100%;\"><\/div><div class=\"fusion-sep-clear\"><\/div><div class=\"fusion-text fusion-text-2\"><h1>DONDE ESTAMOS<\/h1>\n<\/div><div class=\"fusion-sep-clear\"><\/div><div class=\"fusion-separator fusion-full-width-sep\" style=\"margin-left: auto;margin-right: auto;margin-top:25px;width:100%;\"><\/div><div class=\"fusion-sep-clear\"><\/div><div class=\"fusion-builder-row fusion-builder-row-inner fusion-row\"><div class=\"fusion-layout-column fusion_builder_column_inner fusion-builder-nested-column-1 fusion_builder_column_inner_1_6 1_6 fusion-one-sixth fusion-column-first\" style=\"width:16.666666666667%;width:calc(16.666666666667% - ( ( 4% ) * 0.16666666666667 ) );margin-right: 4%;margin-top:0px;margin-bottom:0px;\"><div class=\"fusion-column-wrapper fusion-flex-column-wrapper-legacy\" style=\"background-position:left top;background-repeat:no-repeat;-webkit-background-size:cover;-moz-background-size:cover;-o-background-size:cover;background-size:cover;padding: 0px 0px 0px 0px;\"><div class=\"imageframe-align-center\"><span class=\"fusion-imageframe imageframe-none imageframe-1 hover-type-none\"><img decoding=\"async\" width=\"40\" height=\"40\" title=\"icono de marcador\" src=\"https:\/\/www.dunedinkindergartens.org.nz\/wp-content\/uploads\/2018\/06\/marker_icon.png\" alt class=\"img-responsive wp-image-722\"\/><\/span><\/div><div class=\"fusion-clearfix\"><\/div><\/div><\/div><div class=\"fusion-layout-column fusion_builder_column_inner fusion-builder-nested-column-2 fusion_builder_column_inner_4_5 4_5 fusion-four-fifth fusion-column-last\" style=\"width:80%;width:calc(80% - ( ( 4% ) * 0.8 ) );margin-top:0px;margin-bottom:0px;\"><div class=\"fusion-column-wrapper fusion-flex-column-wrapper-legacy\" style=\"background-position:left top;background-repeat:no-repeat;-webkit-background-size:cover;-moz-background-size:cover;-o-background-size:cover;background-size:cover;padding: 0px 0px 0px 0px;\"><div class=\"fusion-text fusion-text-3\"><p><a href=\"https:\/\/goo.gl\/maps\/hwymuNoYSD62\">20 Howden St<br \/>\nIsla Verde<br \/>\nDunedin 9018<\/a><\/p>\n<\/div><div class=\"fusion-clearfix\"><\/div><\/div><\/div><\/div><div class=\"fusion-builder-row fusion-builder-row-inner fusion-row\"><div class=\"fusion-layout-column fusion_builder_column_inner fusion-builder-nested-column-3 fusion_builder_column_inner_1_6 1_6 fusion-one-sixth fusion-column-first\" style=\"width:16.666666666667%;width:calc(16.666666666667% - ( ( 4% ) * 0.16666666666667 ) );margin-right: 4%;margin-top:0px;margin-bottom:0px;\"><div class=\"fusion-column-wrapper fusion-flex-column-wrapper-legacy\" style=\"background-position:left top;background-repeat:no-repeat;-webkit-background-size:cover;-moz-background-size:cover;-o-background-size:cover;background-size:cover;padding: 0px 0px 0px 0px;\"><div class=\"imageframe-align-center\"><span class=\"fusion-imageframe imageframe-none imageframe-2 hover-type-none\"><img decoding=\"async\" width=\"40\" height=\"40\" title=\"icono de tel\u00e9fono\" src=\"https:\/\/www.dunedinkindergartens.org.nz\/wp-content\/uploads\/2018\/06\/phone_icon.png\" alt class=\"img-responsive wp-image-721\"\/><\/span><\/div><div class=\"fusion-clearfix\"><\/div><\/div><\/div><div class=\"fusion-layout-column fusion_builder_column_inner fusion-builder-nested-column-4 fusion_builder_column_inner_4_5 4_5 fusion-four-fifth fusion-column-last\" style=\"width:80%;width:calc(80% - ( ( 4% ) * 0.8 ) );margin-top:0px;margin-bottom:0px;\"><div class=\"fusion-column-wrapper fusion-flex-column-wrapper-legacy\" style=\"background-position:left top;background-repeat:no-repeat;-webkit-background-size:cover;-moz-background-size:cover;-o-background-size:cover;background-size:cover;padding: 0px 0px 0px 0px;\"><div class=\"fusion-text fusion-text-4\"><p><span style=\"text-decoration: underline;\"><a href=\"tel:+64-3-488-3094\">03 488 3094<\/a><\/span><\/p>\n<\/div><div class=\"fusion-clearfix\"><\/div><\/div><\/div><\/div><div class=\"fusion-builder-row fusion-builder-row-inner fusion-row\"><div class=\"fusion-layout-column fusion_builder_column_inner fusion-builder-nested-column-5 fusion_builder_column_inner_1_6 1_6 fusion-one-sixth fusion-column-first\" style=\"width:16.666666666667%;width:calc(16.666666666667% - ( ( 4% ) * 0.16666666666667 ) );margin-right: 4%;margin-top:0px;margin-bottom:0px;\"><div class=\"fusion-column-wrapper fusion-flex-column-wrapper-legacy\" style=\"background-position:left top;background-repeat:no-repeat;-webkit-background-size:cover;-moz-background-size:cover;-o-background-size:cover;background-size:cover;padding: 0px 0px 0px 0px;\"><div class=\"imageframe-align-center\"><span class=\"fusion-imageframe imageframe-none imageframe-3 hover-type-none\"><img decoding=\"async\" width=\"40\" height=\"40\" title=\"icono de hablar\" src=\"https:\/\/www.dunedinkindergartens.org.nz\/wp-content\/uploads\/2018\/06\/speak_icon.png\" alt class=\"img-responsive wp-image-723\"\/><\/span><\/div><div class=\"fusion-clearfix\"><\/div><\/div><\/div><div class=\"fusion-layout-column fusion_builder_column_inner fusion-builder-nested-column-6 fusion_builder_column_inner_4_5 4_5 fusion-four-fifth fusion-column-last\" style=\"width:80%;width:calc(80% - ( ( 4% ) * 0.8 ) );margin-top:0px;margin-bottom:0px;\"><div class=\"fusion-column-wrapper fusion-flex-column-wrapper-legacy\" style=\"background-position:left top;background-repeat:no-repeat;-webkit-background-size:cover;-moz-background-size:cover;-o-background-size:cover;background-size:cover;padding: 0px 0px 0px 0px;\"><div class=\"fusion-text fusion-text-5\"><p><a href=\"https:\/\/dunedinkindergartens.org.nz\/es\/contact\/\" target=\"_blank\" rel=\"noopener\"><span style=\"text-decoration: underline;\">Ponte en contacto con nosotros<\/span><\/a><\/p>\n<\/div><div class=\"fusion-clearfix\"><\/div><\/div><\/div><\/div><div class=\"fusion-button-wrapper\"><style>.fusion-body .fusion-button.button-1{border-radius:0px 0px 0px 0px;}<\/style><a class=\"fusion-button button-flat button-xlarge button-default button-1 fusion-button-default-span fusion-button-default-type\" target=\"_self\" href=\"https:\/\/dunedinkindergartens.org.nz\/es\/enrol\/\"><span class=\"fusion-button-text\">\u00bfTe interesa inscribirte? Haz clic aqu\u00ed.<\/span><\/a><\/div><div class=\"fusion-clearfix\"><\/div><\/div><\/div><\/div><\/div><\/p>","protected":false},"excerpt":{"rendered":"","protected":false},"author":6,"featured_media":0,"parent":1505,"menu_order":0,"comment_status":"closed","ping_status":"closed","template":"100-width.php","meta":{"footnotes":""},"class_list":["post-1206","page","type-page","status-publish","hentry"],"yoast_head":"<!-- This site is optimized with the Yoast SEO plugin v27.2 - https:\/\/yoast.com\/product\/yoast-seo-wordpress\/ -->\n<title>Green Island Kindergarten - Dunedin Kindergartens<\/title>\n<meta name=\"robots\" content=\"index, follow, max-snippet:-1, max-image-preview:large, max-video-preview:-1\" \/>\n<link rel=\"canonical\" href=\"https:\/\/dunedinkindergartens.org.nz\/es\/kindergartens\/greenisland\/\" \/>\n<meta property=\"og:locale\" content=\"es_ES\" \/>\n<meta property=\"og:type\" content=\"article\" \/>\n<meta property=\"og:title\" content=\"Green Island Kindergarten - Dunedin Kindergartens\" \/>\n<meta property=\"og:url\" content=\"https:\/\/dunedinkindergartens.org.nz\/es\/kindergartens\/greenisland\/\" \/>\n<meta property=\"og:site_name\" content=\"Dunedin Kindergartens\" \/>\n<meta property=\"article:modified_time\" content=\"2025-02-13T20:21:21+00:00\" \/>\n<meta name=\"twitter:card\" content=\"summary_large_image\" \/>\n<meta name=\"twitter:label1\" content=\"Tiempo de lectura\" \/>\n\t<meta name=\"twitter:data1\" content=\"5 minutos\" \/>\n<script type=\"application\/ld+json\" class=\"yoast-schema-graph\">{\"@context\":\"https:\/\/schema.org\",\"@graph\":[{\"@type\":\"WebPage\",\"@id\":\"https:\/\/dunedinkindergartens.org.nz\/kindergartens\/greenisland\/\",\"url\":\"https:\/\/dunedinkindergartens.org.nz\/kindergartens\/greenisland\/\",\"name\":\"Green Island Kindergarten - Dunedin Kindergartens\",\"isPartOf\":{\"@id\":\"https:\/\/dunedinkindergartens.org.nz\/#website\"},\"datePublished\":\"2018-09-20T04:43:35+00:00\",\"dateModified\":\"2025-02-13T20:21:21+00:00\",\"breadcrumb\":{\"@id\":\"https:\/\/dunedinkindergartens.org.nz\/kindergartens\/greenisland\/#breadcrumb\"},\"inLanguage\":\"es\",\"potentialAction\":[{\"@type\":\"ReadAction\",\"target\":[\"https:\/\/dunedinkindergartens.org.nz\/kindergartens\/greenisland\/\"]}]},{\"@type\":\"BreadcrumbList\",\"@id\":\"https:\/\/dunedinkindergartens.org.nz\/kindergartens\/greenisland\/#breadcrumb\",\"itemListElement\":[{\"@type\":\"ListItem\",\"position\":1,\"name\":\"Home\",\"item\":\"https:\/\/dunedinkindergartens.org.nz\/\"},{\"@type\":\"ListItem\",\"position\":2,\"name\":\"Kindergartens\",\"item\":\"https:\/\/dunedinkindergartens.org.nz\/kindergartens\/\"},{\"@type\":\"ListItem\",\"position\":3,\"name\":\"Green Island Kindergarten\"}]},{\"@type\":\"WebSite\",\"@id\":\"https:\/\/dunedinkindergartens.org.nz\/#website\",\"url\":\"https:\/\/dunedinkindergartens.org.nz\/\",\"name\":\"Dunedin Kindergartens\",\"description\":\"Top quality, affordable early childhood education for children 2 \u2013 5 years old.\",\"potentialAction\":[{\"@type\":\"SearchAction\",\"target\":{\"@type\":\"EntryPoint\",\"urlTemplate\":\"https:\/\/dunedinkindergartens.org.nz\/?s={search_term_string}\"},\"query-input\":{\"@type\":\"PropertyValueSpecification\",\"valueRequired\":true,\"valueName\":\"search_term_string\"}}],\"inLanguage\":\"es\"}]}<\/script>\n<!-- \/ Yoast SEO plugin. -->","yoast_head_json":{"title":"Green Island Kindergarten - Dunedin Kindergartens","robots":{"index":"index","follow":"follow","max-snippet":"max-snippet:-1","max-image-preview":"max-image-preview:large","max-video-preview":"max-video-preview:-1"},"canonical":"https:\/\/dunedinkindergartens.org.nz\/es\/kindergartens\/greenisland\/","og_locale":"es_ES","og_type":"article","og_title":"Green Island Kindergarten - Dunedin Kindergartens","og_url":"https:\/\/dunedinkindergartens.org.nz\/es\/kindergartens\/greenisland\/","og_site_name":"Dunedin Kindergartens","article_modified_time":"2025-02-13T20:21:21+00:00","twitter_card":"summary_large_image","twitter_misc":{"Tiempo de lectura":"5 minutos"},"schema":{"@context":"https:\/\/schema.org","@graph":[{"@type":"WebPage","@id":"https:\/\/dunedinkindergartens.org.nz\/kindergartens\/greenisland\/","url":"https:\/\/dunedinkindergartens.org.nz\/kindergartens\/greenisland\/","name":"Green Island Kindergarten - Dunedin Kindergartens","isPartOf":{"@id":"https:\/\/dunedinkindergartens.org.nz\/#website"},"datePublished":"2018-09-20T04:43:35+00:00","dateModified":"2025-02-13T20:21:21+00:00","breadcrumb":{"@id":"https:\/\/dunedinkindergartens.org.nz\/kindergartens\/greenisland\/#breadcrumb"},"inLanguage":"es","potentialAction":[{"@type":"ReadAction","target":["https:\/\/dunedinkindergartens.org.nz\/kindergartens\/greenisland\/"]}]},{"@type":"BreadcrumbList","@id":"https:\/\/dunedinkindergartens.org.nz\/kindergartens\/greenisland\/#breadcrumb","itemListElement":[{"@type":"ListItem","position":1,"name":"Home","item":"https:\/\/dunedinkindergartens.org.nz\/"},{"@type":"ListItem","position":2,"name":"Kindergartens","item":"https:\/\/dunedinkindergartens.org.nz\/kindergartens\/"},{"@type":"ListItem","position":3,"name":"Green Island Kindergarten"}]},{"@type":"WebSite","@id":"https:\/\/dunedinkindergartens.org.nz\/#website","url":"https:\/\/dunedinkindergartens.org.nz\/","name":"Jardines de infancia de Dunedin","description":"Educaci\u00f3n infantil asequible y de m\u00e1xima calidad para ni\u00f1os de 2 a 5 a\u00f1os.","potentialAction":[{"@type":"SearchAction","target":{"@type":"EntryPoint","urlTemplate":"https:\/\/dunedinkindergartens.org.nz\/?s={search_term_string}"},"query-input":{"@type":"PropertyValueSpecification","valueRequired":true,"valueName":"search_term_string"}}],"inLanguage":"es"}]}},"_links":{"self":[{"href":"https:\/\/dunedinkindergartens.org.nz\/es\/wp-json\/wp\/v2\/pages\/1206","targetHints":{"allow":["GET"]}}],"collection":[{"href":"https:\/\/dunedinkindergartens.org.nz\/es\/wp-json\/wp\/v2\/pages"}],"about":[{"href":"https:\/\/dunedinkindergartens.org.nz\/es\/wp-json\/wp\/v2\/types\/page"}],"author":[{"embeddable":true,"href":"https:\/\/dunedinkindergartens.org.nz\/es\/wp-json\/wp\/v2\/users\/6"}],"replies":[{"embeddable":true,"href":"https:\/\/dunedinkindergartens.org.nz\/es\/wp-json\/wp\/v2\/comments?post=1206"}],"version-history":[{"count":15,"href":"https:\/\/dunedinkindergartens.org.nz\/es\/wp-json\/wp\/v2\/pages\/1206\/revisions"}],"predecessor-version":[{"id":2938,"href":"https:\/\/dunedinkindergartens.org.nz\/es\/wp-json\/wp\/v2\/pages\/1206\/revisions\/2938"}],"up":[{"embeddable":true,"href":"https:\/\/dunedinkindergartens.org.nz\/es\/wp-json\/wp\/v2\/pages\/1505"}],"wp:attachment":[{"href":"https:\/\/dunedinkindergartens.org.nz\/es\/wp-json\/wp\/v2\/media?parent=1206"}],"curies":[{"name":"wp","href":"https:\/\/api.w.org\/{rel}","templated":true}]}}