{"id":831,"date":"2018-07-11T10:31:25","date_gmt":"2018-07-11T10:31:25","guid":{"rendered":"http:\/\/dunedinkindy.lemonuat.com\/?page_id=831"},"modified":"2024-11-20T13:46:20","modified_gmt":"2024-11-20T00:46:20","slug":"what-we-offer","status":"publish","type":"page","link":"https:\/\/dunedinkindergartens.org.nz\/de\/what-we-offer\/","title":{"rendered":"Was wir anbieten"},"content":{"rendered":"<p><div class=\"fusion-fullwidth fullwidth-box fusion-builder-row-1 has-pattern-background has-mask-background nonhundred-percent-fullwidth non-hundred-percent-height-scrolling\" style=\"background-color: rgba(255,255,255,0);background-position: left top;background-repeat: no-repeat;padding-top:40px;padding-right:0px;padding-bottom:75px;padding-left:0px;margin-bottom: 0px;margin-top: 0px;border-width: 0px 0px 0px 0px;border-color:#eae9e9;border-style:solid;\" ><div class=\"fusion-builder-row fusion-row\"><div class=\"fusion-layout-column fusion_builder_column fusion-builder-column-0 fusion_builder_column_1_1 1_1 fusion-one-full fusion-column-first fusion-column-last\" style=\"margin-top:0px;margin-bottom:0px;\"><div class=\"fusion-column-wrapper fusion-flex-column-wrapper-legacy\" style=\"background-position:left top;background-repeat:no-repeat;-webkit-background-size:cover;-moz-background-size:cover;-o-background-size:cover;background-size:cover;padding: 0px 20px 0px 20px;\"><div class=\"fusion-text fusion-text-1 fusion-text-no-margin\" style=\"margin-bottom:20px;\"><h2>Im Kindergarten erlebt Ihr Kind:<\/h2>\n<\/div><div class=\"fusion-builder-row fusion-builder-row-inner fusion-row\"><div class=\"fusion-layout-column fusion_builder_column_inner fusion-builder-nested-column-0 fusion_builder_column_inner_1_2 1_2 fusion-one-half fusion-column-first\" style=\"width:50%;width:calc(50% - ( ( 4% ) * 0.5 ) );margin-right: 4%;margin-top:0px;margin-bottom:0px;\"><div class=\"fusion-column-wrapper fusion-flex-column-wrapper-legacy\" style=\"background-position:left top;background-repeat:no-repeat;-webkit-background-size:cover;-moz-background-size:cover;-o-background-size:cover;background-size:cover;padding: 0px 0px 0px 0px;\"><div class=\"fusion-text fusion-text-2\"><h3>Lernen f\u00fcrs Leben<\/h3>\n<p>Lernen geschieht im Kindergarten ganz nat\u00fcrlich. Kinder lernen durch sinnvolle Interaktionen mit anderen und verstehen so ihre Welt. Kinder haben die Freiheit, ihrer Fantasie und Kreativit\u00e4t freien Lauf zu lassen und ihre F\u00e4higkeiten zu \u00fcben. Kinder lernen, Teil einer Gruppe zu sein und soziale Kompetenz zu entwickeln.<\/p>\n<h3>Hervorragende Indoor-Ressourcen<\/h3>\n<p>Unsere Kinderg\u00e4rten verf\u00fcgen \u00fcber eine gute Ausstattung, um Kindern und Erziehern Werkzeug und Hilfsmittel zur Verf\u00fcgung zu stellen. Ein typischer Kindergarten verf\u00fcgt \u00fcber alles von Pinseln bis zu Digitalkameras, von B\u00fcchern bis zu Laptops, von Trommeln bis zu iPods und von Lupen bis zu digitalen Mikroskopen. Ihr Kind ist im Kindergarten bestens versorgt.<\/p>\n<h3>Spannende Outdoor-Umgebungen<\/h3>\n<p>Wir sch\u00e4tzen die Natur als wichtigen Lernort f\u00fcr Kinder. Jeder Kindergarten bietet vielf\u00e4ltige M\u00f6glichkeiten wie Sandk\u00e4sten, Schaukeln, Rutschen, Wasserspiele, Gartenarbeit, Tischlerarbeiten und vieles mehr. Kinder werden bei ihren Entdeckungen gefordert und unterst\u00fctzt. F\u00fcnf unserer Kinderg\u00e4rten unternehmen regelm\u00e4\u00dfig mit ihren \u00e4ltesten Kindern Ausfl\u00fcge au\u00dferhalb des Schulgel\u00e4ndes, um die Natur intensiv zu erleben.<\/p>\n<h3>Einbeziehung der Familie<\/h3>\n<p>Mit der Anmeldung Ihres Kindes im Kindergarten wird Ihre Familie Teil einer unterst\u00fctzenden und vernetzten Elterngemeinschaft, deren gemeinsames Ziel es ist, Ihren Kindern die bestm\u00f6gliche vorschulische Bildung zu erm\u00f6glichen. Hier k\u00f6nnen Sie neue Freundschaften schlie\u00dfen und sich \u2013 je nach Lust und Laune \u2013 am Kindergartenleben beteiligen. Wir freuen uns \u00fcber die Mitarbeit von Familien in unseren Kinderg\u00e4rten.<\/p>\n<\/div><div class=\"fusion-clearfix\"><\/div><\/div><\/div><div class=\"fusion-layout-column fusion_builder_column_inner fusion-builder-nested-column-1 fusion_builder_column_inner_1_2 1_2 fusion-one-half fusion-column-last\" style=\"width:50%;width:calc(50% - ( ( 4% ) * 0.5 ) );margin-top:0px;margin-bottom:0px;\"><div class=\"fusion-column-wrapper fusion-flex-column-wrapper-legacy\" style=\"background-position:left top;background-repeat:no-repeat;-webkit-background-size:cover;-moz-background-size:cover;-o-background-size:cover;background-size:cover;padding: 0px 0px 0px 0px;\"><div class=\"fusion-text fusion-text-3\"><h3>Community-orientierte Programme<\/h3>\n<p>Die Kinderg\u00e4rten in Dunedin sind gezielt in den Vororten des Gro\u00dfraums Dunedin angesiedelt. So k\u00f6nnen Familien einen Kindergarten in ihrer Nachbarschaft besuchen und Freundschaften und Kontakte zu anderen Familien und den umliegenden Schulen kn\u00fcpfen. Kinder erhalten durch Ausfl\u00fcge, Spazierg\u00e4nge und Besuche verschiedener Menschen aus der Gemeinde die M\u00f6glichkeit, Kontakte zur weiteren Gemeinde zu kn\u00fcpfen.<\/p>\n<h3>100% Qualifizierte Lehrer<\/h3>\n<p>Kinder verdienen nichts weniger als 100% qualifizierte Lehrer!<br \/>\nBei den Dunedin Kinderg\u00e4rten ist dies unser Qualit\u00e4tsma\u00dfstab. Wir legen gro\u00dfen Wert auf professionelle Verantwortung. Unsere Erzieherinnen sind beim New Zealand Teachers Council registriert und erf\u00fcllen die \u201eBerufsstandards f\u00fcr Kindergartenp\u00e4dagoginnen\u201c.<br \/>\nDunedin Kindergartens unterst\u00fctzt die Kampagne GreatStart 100%, die ins Leben gerufen wurde, um die Vorteile einer qualitativ hochwertigen fr\u00fchkindlichen Bildung durch die Regierung anzuerkennen.<\/p>\n<h3>Tolles Preis-Leistungs-Verh\u00e4ltnis<\/h3>\n<p>Der Besuch unserer Kinderg\u00e4rten ist sehr erschwinglich. Alle unsere Kinderg\u00e4rten bieten Ihrem Kind bis zu 20 Stunden kostenlose fr\u00fchkindliche Bildung und unsere Geb\u00fchren sind sehr wettbewerbsf\u00e4hig.<br \/>\nAlle 3-, 4- und 5-j\u00e4hrigen Kinder, die ihren Anspruch auf 20 Stunden kostenlosen Unterricht bei uns voll aussch\u00f6pfen, zahlen keine zus\u00e4tzlichen Stunden. Sie k\u00f6nnen bis zu 30 Stunden im Kindergarten verbringen und zahlen nichts.<\/p>\n<h3>Kinderschutz<\/h3>\n<p>Dunedin Kindergartens setzt sich f\u00fcr die Sicherheit aller Kinder ein, die unsere Kinderg\u00e4rten besuchen. <span style=\"text-decoration: underline;\"><a href=\"https:\/\/dunedinkindergartens.org.nz\/wp-content\/uploads\/2024\/05\/Child-Protection-policy-2023.pdf\">klicken Sie hier<\/a><\/span> um unsere Kinderschutzrichtlinien anzuzeigen.<\/p>\n<\/div><div class=\"fusion-clearfix\"><\/div><\/div><\/div><\/div><div class=\"fusion-sep-clear\"><\/div><div class=\"fusion-separator fusion-full-width-sep\" style=\"margin-left: auto;margin-right: auto;margin-top:10px;width:100%;\"><\/div><div class=\"fusion-sep-clear\"><\/div><div class=\"fusion-clearfix\"><\/div><\/div><\/div><\/div><\/div><div class=\"fusion-bg-parallax\" data-bg-align=\"right center\" data-direction=\"up\" data-mute=\"false\" data-opacity=\"100\" data-velocity=\"-0.2\" data-mobile-enabled=\"false\" data-break_parents=\"0\" data-bg-image=\"https:\/\/www.dunedinkindergartens.org.nz\/wp-content\/uploads\/2018\/07\/polyfest.jpg\" data-bg-repeat=\"false\" ><\/div><div class=\"fusion-fullwidth fullwidth-box fusion-builder-row-2 fusion-parallax-up nonhundred-percent-fullwidth non-hundred-percent-height-scrolling\" style=\"background-color: rgba(255,255,255,0);background-image: url(&quot;https:\/\/www.dunedinkindergartens.org.nz\/wp-content\/uploads\/2018\/07\/polyfest.jpg&quot;);background-position: right center;background-repeat: no-repeat;padding-top:200px;padding-right:0px;padding-bottom:200px;padding-left:0px;margin-bottom: 0px;margin-top: 0px;border-width: 0px 0px 0px 0px;border-color:#eae9e9;border-style:solid;-webkit-background-size:cover;-moz-background-size:cover;-o-background-size:cover;background-size:cover;\" ><div class=\"fusion-builder-row fusion-row\"><div class=\"fusion-layout-column fusion_builder_column fusion-builder-column-1 fusion_builder_column_1_1 1_1 fusion-one-full fusion-column-first fusion-column-last\" style=\"margin-top:0px;margin-bottom:0px;\"><div class=\"fusion-column-wrapper fusion-flex-column-wrapper-legacy\" style=\"background-position:left top;background-repeat:no-repeat;-webkit-background-size:cover;-moz-background-size:cover;-o-background-size:cover;background-size:cover;padding: 0px 0px 0px 0px;\"><div class=\"fusion-clearfix\"><\/div><\/div><\/div><\/div><\/div><\/p>","protected":false},"excerpt":{"rendered":"","protected":false},"author":1,"featured_media":0,"parent":0,"menu_order":0,"comment_status":"closed","ping_status":"closed","template":"100-width.php","meta":{"footnotes":""},"class_list":["post-831","page","type-page","status-publish","hentry"],"yoast_head":"<!-- This site is optimized with the Yoast SEO plugin v27.2 - https:\/\/yoast.com\/product\/yoast-seo-wordpress\/ -->\n<title>What We Offer - Dunedin Kindergartens<\/title>\n<meta name=\"robots\" content=\"index, follow, max-snippet:-1, max-image-preview:large, max-video-preview:-1\" \/>\n<link rel=\"canonical\" href=\"https:\/\/dunedinkindergartens.org.nz\/de\/what-we-offer\/\" \/>\n<meta property=\"og:locale\" content=\"de_DE\" \/>\n<meta property=\"og:type\" content=\"article\" \/>\n<meta property=\"og:title\" content=\"What We Offer - Dunedin Kindergartens\" \/>\n<meta property=\"og:url\" content=\"https:\/\/dunedinkindergartens.org.nz\/de\/what-we-offer\/\" \/>\n<meta property=\"og:site_name\" content=\"Dunedin Kindergartens\" \/>\n<meta property=\"article:modified_time\" content=\"2024-11-20T00:46:20+00:00\" \/>\n<meta name=\"twitter:card\" content=\"summary_large_image\" \/>\n<meta name=\"twitter:label1\" content=\"Gesch\u00e4tzte Lesezeit\" \/>\n\t<meta name=\"twitter:data1\" content=\"5\u00a0Minuten\" \/>\n<script type=\"application\/ld+json\" class=\"yoast-schema-graph\">{\"@context\":\"https:\/\/schema.org\",\"@graph\":[{\"@type\":\"WebPage\",\"@id\":\"https:\/\/dunedinkindergartens.org.nz\/what-we-offer\/\",\"url\":\"https:\/\/dunedinkindergartens.org.nz\/what-we-offer\/\",\"name\":\"What We Offer - Dunedin Kindergartens\",\"isPartOf\":{\"@id\":\"https:\/\/dunedinkindergartens.org.nz\/#website\"},\"datePublished\":\"2018-07-11T10:31:25+00:00\",\"dateModified\":\"2024-11-20T00:46:20+00:00\",\"breadcrumb\":{\"@id\":\"https:\/\/dunedinkindergartens.org.nz\/what-we-offer\/#breadcrumb\"},\"inLanguage\":\"de\",\"potentialAction\":[{\"@type\":\"ReadAction\",\"target\":[\"https:\/\/dunedinkindergartens.org.nz\/what-we-offer\/\"]}]},{\"@type\":\"BreadcrumbList\",\"@id\":\"https:\/\/dunedinkindergartens.org.nz\/what-we-offer\/#breadcrumb\",\"itemListElement\":[{\"@type\":\"ListItem\",\"position\":1,\"name\":\"Home\",\"item\":\"https:\/\/dunedinkindergartens.org.nz\/\"},{\"@type\":\"ListItem\",\"position\":2,\"name\":\"What We Offer\"}]},{\"@type\":\"WebSite\",\"@id\":\"https:\/\/dunedinkindergartens.org.nz\/#website\",\"url\":\"https:\/\/dunedinkindergartens.org.nz\/\",\"name\":\"Dunedin Kindergartens\",\"description\":\"Top quality, affordable early childhood education for children 2 \u2013 5 years old.\",\"potentialAction\":[{\"@type\":\"SearchAction\",\"target\":{\"@type\":\"EntryPoint\",\"urlTemplate\":\"https:\/\/dunedinkindergartens.org.nz\/?s={search_term_string}\"},\"query-input\":{\"@type\":\"PropertyValueSpecification\",\"valueRequired\":true,\"valueName\":\"search_term_string\"}}],\"inLanguage\":\"de\"}]}<\/script>\n<!-- \/ Yoast SEO plugin. -->","yoast_head_json":{"title":"What We Offer - Dunedin Kindergartens","robots":{"index":"index","follow":"follow","max-snippet":"max-snippet:-1","max-image-preview":"max-image-preview:large","max-video-preview":"max-video-preview:-1"},"canonical":"https:\/\/dunedinkindergartens.org.nz\/de\/what-we-offer\/","og_locale":"de_DE","og_type":"article","og_title":"What We Offer - Dunedin Kindergartens","og_url":"https:\/\/dunedinkindergartens.org.nz\/de\/what-we-offer\/","og_site_name":"Dunedin Kindergartens","article_modified_time":"2024-11-20T00:46:20+00:00","twitter_card":"summary_large_image","twitter_misc":{"Gesch\u00e4tzte Lesezeit":"5\u00a0Minuten"},"schema":{"@context":"https:\/\/schema.org","@graph":[{"@type":"WebPage","@id":"https:\/\/dunedinkindergartens.org.nz\/what-we-offer\/","url":"https:\/\/dunedinkindergartens.org.nz\/what-we-offer\/","name":"What We Offer - Dunedin Kindergartens","isPartOf":{"@id":"https:\/\/dunedinkindergartens.org.nz\/#website"},"datePublished":"2018-07-11T10:31:25+00:00","dateModified":"2024-11-20T00:46:20+00:00","breadcrumb":{"@id":"https:\/\/dunedinkindergartens.org.nz\/what-we-offer\/#breadcrumb"},"inLanguage":"de","potentialAction":[{"@type":"ReadAction","target":["https:\/\/dunedinkindergartens.org.nz\/what-we-offer\/"]}]},{"@type":"BreadcrumbList","@id":"https:\/\/dunedinkindergartens.org.nz\/what-we-offer\/#breadcrumb","itemListElement":[{"@type":"ListItem","position":1,"name":"Home","item":"https:\/\/dunedinkindergartens.org.nz\/"},{"@type":"ListItem","position":2,"name":"What We Offer"}]},{"@type":"WebSite","@id":"https:\/\/dunedinkindergartens.org.nz\/#website","url":"https:\/\/dunedinkindergartens.org.nz\/","name":"Dunedin Kinderg\u00e4rten","description":"Hochwertige und erschwingliche fr\u00fchkindliche Bildung f\u00fcr Kinder im Alter von 2 bis 5 Jahren.","potentialAction":[{"@type":"SearchAction","target":{"@type":"EntryPoint","urlTemplate":"https:\/\/dunedinkindergartens.org.nz\/?s={search_term_string}"},"query-input":{"@type":"PropertyValueSpecification","valueRequired":true,"valueName":"search_term_string"}}],"inLanguage":"de"}]}},"_links":{"self":[{"href":"https:\/\/dunedinkindergartens.org.nz\/de\/wp-json\/wp\/v2\/pages\/831","targetHints":{"allow":["GET"]}}],"collection":[{"href":"https:\/\/dunedinkindergartens.org.nz\/de\/wp-json\/wp\/v2\/pages"}],"about":[{"href":"https:\/\/dunedinkindergartens.org.nz\/de\/wp-json\/wp\/v2\/types\/page"}],"author":[{"embeddable":true,"href":"https:\/\/dunedinkindergartens.org.nz\/de\/wp-json\/wp\/v2\/users\/1"}],"replies":[{"embeddable":true,"href":"https:\/\/dunedinkindergartens.org.nz\/de\/wp-json\/wp\/v2\/comments?post=831"}],"version-history":[{"count":31,"href":"https:\/\/dunedinkindergartens.org.nz\/de\/wp-json\/wp\/v2\/pages\/831\/revisions"}],"predecessor-version":[{"id":2789,"href":"https:\/\/dunedinkindergartens.org.nz\/de\/wp-json\/wp\/v2\/pages\/831\/revisions\/2789"}],"wp:attachment":[{"href":"https:\/\/dunedinkindergartens.org.nz\/de\/wp-json\/wp\/v2\/media?parent=831"}],"curies":[{"name":"wp","href":"https:\/\/api.w.org\/{rel}","templated":true}]}}