{"id":1681,"date":"2019-02-13T21:31:24","date_gmt":"2019-02-13T08:31:24","guid":{"rendered":"https:\/\/www.dunedinkindergartens.org.nz\/?page_id=1681"},"modified":"2025-02-14T09:54:55","modified_gmt":"2025-02-13T20:54:55","slug":"current_vacancies_ht","status":"publish","type":"page","link":"https:\/\/dunedinkindergartens.org.nz\/de\/careers-2\/current_vacancies_ht\/","title":{"rendered":"Aktuelle Stellenangebote \u2013 Schulleiterstellen"},"content":{"rendered":"<p><div class=\"fusion-fullwidth fullwidth-box fusion-builder-row-1 has-pattern-background has-mask-background fusion-parallax-none nonhundred-percent-fullwidth non-hundred-percent-height-scrolling\" style=\"background-color: rgba(255,255,255,0);background-image: url(&quot;https:\/\/dunedinkindergartens.org.nz\/wp-content\/uploads\/2015\/03\/DK-ADMIN-1.jpg&quot;);background-position: left center;background-repeat: no-repeat;padding-top:100px;padding-right:0px;padding-bottom:500px;padding-left:0px;margin-bottom: 0px;margin-top: 0px;border-width: 0px 0px 0px 0px;border-color:#eae9e9;border-style:solid;-webkit-background-size:cover;-moz-background-size:cover;-o-background-size:cover;background-size:cover;\" ><div class=\"fusion-builder-row fusion-row\"><div class=\"fusion-layout-column fusion_builder_column fusion-builder-column-0 fusion_builder_column_1_1 1_1 fusion-one-full fusion-column-first fusion-column-last\" style=\"margin-top:0px;margin-bottom:0px;\"><div class=\"fusion-column-wrapper fusion-flex-column-wrapper-legacy\" style=\"background-position:left top;background-repeat:no-repeat;-webkit-background-size:cover;-moz-background-size:cover;-o-background-size:cover;background-size:cover;padding: 0px 20px 0px 20px;\"><div class=\"fusion-clearfix\"><\/div><\/div><\/div><\/div><\/div><div class=\"fusion-fullwidth fullwidth-box fusion-builder-row-2 nonhundred-percent-fullwidth non-hundred-percent-height-scrolling\" style=\"background-color: rgba(255,255,255,0);background-position: center center;background-repeat: no-repeat;padding-top:0px;padding-right:0px;padding-bottom:0px;padding-left:0px;margin-bottom: 0px;margin-top: 0px;border-width: 0px 0px 0px 0px;border-color:#eae9e9;border-style:solid;\" ><div class=\"fusion-builder-row fusion-row\"><div class=\"fusion-layout-column fusion_builder_column fusion-builder-column-1 fusion_builder_column_1_1 1_1 fusion-one-full fusion-column-first fusion-column-last\" style=\"margin-top:0px;margin-bottom:0px;\"><div class=\"fusion-column-wrapper fusion-flex-column-wrapper-legacy\" style=\"background-position:left top;background-repeat:no-repeat;-webkit-background-size:cover;-moz-background-size:cover;-o-background-size:cover;background-size:cover;padding: 0px 20px 0px 20px;\"><div class=\"fusion-text fusion-text-1\"><h1 style=\"text-align: center;\">DREI OFFENE STELLEN ALS SCHULLEITER<\/h1>\n<\/div><div class=\"fusion-clearfix\"><\/div><\/div><\/div><\/div><\/div><div class=\"fusion-fullwidth fullwidth-box fusion-builder-row-3 nonhundred-percent-fullwidth non-hundred-percent-height-scrolling\" style=\"background-color: #f4f4f7;background-position: center center;background-repeat: no-repeat;padding-top:0px;padding-right:0px;padding-bottom:0px;padding-left:0px;margin-bottom: 0px;margin-top: 0px;border-width: 0px 0px 0px 0px;border-color:#eae9e9;border-style:solid;\" ><div class=\"fusion-builder-row fusion-row\"><div class=\"fusion-layout-column fusion_builder_column fusion-builder-column-2 fusion_builder_column_1_1 1_1 fusion-one-full fusion-column-first fusion-column-last\" style=\"margin-top:0px;margin-bottom:0px;\"><div class=\"fusion-column-wrapper fusion-flex-column-wrapper-legacy\" style=\"background-position:left top;background-repeat:no-repeat;-webkit-background-size:cover;-moz-background-size:cover;-o-background-size:cover;background-size:cover;padding: 0px 0px 0px 0px;\"><div class=\"fusion-text fusion-text-2\"><h1 style=\"text-align: center;\">Kelsey Yaralla Kindergarten<\/h1>\n<h1 style=\"text-align: center;\">Port Chalmers Kindergarten<\/h1>\n<h1 style=\"text-align: center;\">Rachel Reynolds Kindergarten<\/h1>\n<\/div><div class=\"fusion-clearfix\"><\/div><\/div><\/div><\/div><\/div><div class=\"fusion-fullwidth fullwidth-box fusion-builder-row-4 nonhundred-percent-fullwidth non-hundred-percent-height-scrolling\" style=\"background-color: #f4f4f7;background-position: center center;background-repeat: no-repeat;padding-top:0px;padding-right:0px;padding-bottom:0px;padding-left:0px;margin-bottom: 0px;margin-top: 0px;border-width: 0px 0px 0px 0px;border-color:#eae9e9;border-style:solid;\" ><div class=\"fusion-builder-row fusion-row\"><div class=\"fusion-layout-column fusion_builder_column fusion-builder-column-3 fusion_builder_column_1_1 1_1 fusion-one-full fusion-column-first fusion-column-last\" style=\"margin-top:0px;margin-bottom:0px;\"><div class=\"fusion-column-wrapper fusion-flex-column-wrapper-legacy\" style=\"background-position:left top;background-repeat:no-repeat;-webkit-background-size:cover;-moz-background-size:cover;-o-background-size:cover;background-size:cover;padding: 50px 50px 50px 50px;\"><div class=\"fusion-aligncenter\"><style>.fusion-body .fusion-button.button-1{border-radius:0px 0px 0px 0px;}<\/style><a class=\"fusion-button button-flat button-xlarge button-default button-1 fusion-button-default-span fusion-button-default-type\" target=\"_self\" href=\"https:\/\/dunedinkindergartens.org.nz\/de\/full-application\/\"><span class=\"fusion-button-text\">Klicken Sie hier f\u00fcr die vollst\u00e4ndige Bewerbung<\/span><\/a><\/div><div class=\"fusion-clearfix\"><\/div><\/div><\/div><\/div><\/div><div class=\"fusion-fullwidth fullwidth-box fusion-builder-row-5 hundred-percent-fullwidth non-hundred-percent-height-scrolling fusion-equal-height-columns\" style=\"background-color: rgba(255,255,255,0);background-position: left top;background-repeat: no-repeat;padding-top:0px;padding-right:0px;padding-bottom:0px;padding-left:0px;margin-bottom: 0px;margin-top: 0px;border-width: 0px 0px 0px 0px;border-color:#eae9e9;border-style:solid;\" ><div class=\"fusion-builder-row fusion-row\"><div class=\"fusion-layout-column fusion_builder_column fusion-builder-column-4 fusion_builder_column_1_3 1_3 fusion-one-third fusion-column-first\" style=\"margin-top:0px;margin-bottom:0px;\"><div class=\"fusion-column-wrapper fusion-flex-column-wrapper-legacy fusion-empty-dims-bg-image\" style=\"background-image: url(&#039;https:\/\/www.dunedinkindergartens.org.nz\/wp-content\/uploads\/2015\/03\/DK-ADMIN-1-1024x768.jpg&#039;);background-position:left top;background-repeat:no-repeat;-webkit-background-size:cover;-moz-background-size:cover;-o-background-size:cover;background-size:cover;padding: 0px 0px 0px 0px;\" data-bg-url=\"https:\/\/www.dunedinkindergartens.org.nz\/wp-content\/uploads\/2015\/03\/DK-ADMIN-1-1024x768.jpg\"><div class=\"fusion-sep-clear\"><\/div><div class=\"fusion-separator fusion-full-width-sep\" style=\"margin-left: auto;margin-right: auto;margin-top:200px;width:100%;\"><\/div><div class=\"fusion-sep-clear\"><\/div><div class=\"fusion-clearfix\"><\/div><\/div><\/div><div class=\"fusion-layout-column fusion_builder_column fusion-builder-column-5 fusion_builder_column_2_3 2_3 fusion-two-third fusion-column-last\" style=\"margin-top:0px;margin-bottom:0px;\"><div class=\"fusion-column-wrapper fusion-flex-column-wrapper-legacy\" style=\"background-position:left top;background-repeat:no-repeat;-webkit-background-size:cover;-moz-background-size:cover;-o-background-size:cover;background-size:cover;background-color:rgba(255,255,255,0);padding: 100px 14% 100px 14%;\"><div class=\"fusion-builder-row fusion-builder-row-inner fusion-row\"><div class=\"fusion-layout-column fusion_builder_column_inner fusion-builder-nested-column-0 fusion_builder_column_inner_1_1 1_1 fusion-one-full fusion-column-first fusion-column-last\" style=\"margin-top:0px;margin-bottom:0px;\"><div class=\"fusion-column-wrapper fusion-flex-column-wrapper-legacy\" style=\"background-position:left top;background-repeat:no-repeat;-webkit-background-size:cover;-moz-background-size:cover;-o-background-size:cover;background-size:cover;padding: 0px 0px 0px 0px;\"><div class=\"fusion-text fusion-text-3\"><p><strong>Kinderg\u00e4rten:<\/strong><\/p>\n<p><strong>Kelsey Yaralla<\/strong> (Betrieb mit einer Teilnehmerzahl von 30 Kindern)<\/p>\n<p><strong>Port Chalmers<\/strong> (Betrieb mit einer Teilnehmerzahl von 30 Kindern)<\/p>\n<p><strong>Rachel Reynolds<\/strong> (Betrieb mit einer Teilnehmerzahl von 30 Kindern)<\/p>\n<p><strong>Positionen: <\/strong>1. Vollzeit-Schulleiter \u2013 40 Stunden pro Woche<\/p>\n<h4><strong>Aktuelle Lehrteams:\u00a0\u00a0\u00a0 <\/strong><\/h4>\n<table style=\"height: 235px;\" width=\"1067\">\n<tbody>\n<tr>\n<td width=\"209\">\n<h4><strong>Kelsey Yaralla<\/strong><\/h4>\n<\/td>\n<td width=\"209\">\n<h4><strong>Port Chalmers<\/strong><\/h4>\n<\/td>\n<td width=\"209\">\n<h4><strong>Rachel Reynolds<\/strong><\/h4>\n<\/td>\n<\/tr>\n<tr>\n<td width=\"209\">Schulleiter\/in (Vollzeitstelle)<\/p>\n<p>Lehrer 1fte x 2<\/p>\n<p>Lehrer 0,65 FTE<\/p>\n<p>Lehrerassistent<\/td>\n<td width=\"209\">Schulleiter\/in (Vollzeitstelle)<\/p>\n<p>Lehrer 1fte x 2<\/p>\n<p>Lehrerassistent<\/td>\n<td width=\"209\">Schulleiter\/in (Vollzeitstelle)<\/p>\n<p>Lehrer 1fte x 2<\/p>\n<p>Lehrerassistent<\/td>\n<\/tr>\n<\/tbody>\n<\/table>\n<p><strong>Community-Beschreibungen<\/strong><br \/>\n<strong>Kelsey Yaralla Kindergarten<\/strong> Der Kelsey Yaralla Kindergarten liegt im Herzen der Universit\u00e4t am Ufer des Owheo. Unsere gro\u00dfz\u00fcgige Lernumgebung ist dynamisch und gut ausgestattet und unterst\u00fctzt Kinder dabei, selbstst\u00e4ndig und selbstbewusst zu lernen. Der sch\u00f6ne Au\u00dfenbereich f\u00fcgt sich harmonisch in die jahreszeitliche Landschaft ein und vermittelt ein Gef\u00fchl von Kindergartenatmosph\u00e4re. Der Kelsey Yaralla Kindergarten ist ein Ganztagskindergarten und bietet Kindern von 8:30 bis 17:00 Uhr eine sichere und f\u00f6rdernde Betreuung, in der sie spielerisch lernen k\u00f6nnen.<\/p>\n<p><strong>Port Chalmers Kindergarten<\/strong> Der Kindergarten befindet sich im Hafenvorort Port Chalmers, zehn Kilometer von Dunedin entfernt. Kinder aus den vielen umliegenden Gemeinden besuchen unseren Kindergarten. Die Port Chalmers Primary School, mit der wir regelm\u00e4\u00dfig in Kontakt stehen, ist fu\u00dfl\u00e4ufig erreichbar. Die Gemeinde ist eng in das Kerngesch\u00e4ft dieses Kindergartens eingebunden. Wir sind sehr stolz auf unseren Au\u00dfenbereich, der den lokalen kulturellen Kontext einer Hafenstadt widerspiegelt, sowie auf das benachbarte Orokonui Eco Sanctuary, mit dem wir im Rahmen unseres Eco Warriors-Programms zusammenarbeiten. Wir leben Vielfalt. Wir legen Wert auf Nachhaltigkeit und den Schutz unserer wertvollen Umwelt. Der Kindergarten ist montags bis freitags von 8:30 bis 14:30 Uhr ge\u00f6ffnet, auch w\u00e4hrend der Semesterferien.<\/p>\n<p><strong>Rachel Reynolds Kindergarten<\/strong> Der Kindergarten liegt im Herzen von S\u00fcd-Dunedin. Unsere Familien kommen aus ganz Dunedin. Die Gemeinde ist kulturell vielf\u00e4ltig. Wir arbeiten mit anderen Einrichtungen und Diensten zusammen, um einen integrativen Lehrplan f\u00fcr alle Sch\u00fcler zu bieten. Der Rachel Reynolds Kindergarten ist stolz auf seinen Gemeinschaftsgeist. Die Kinder besuchen den Kindergarten montags bis freitags von 8:30 bis 14:30 Uhr. Derzeit ist der Kindergarten in den Semesterferien geschlossen.<\/p>\n<p><strong>Unser Kodex, unsere Standards<\/strong><\/p>\n<p>Der Kodex legt die hohen ethischen Standards fest, die von jeder Lehrkraft erwartet werden. Die Standards beschreiben die Erwartungen an eine effektive Unterrichtspraxis. Bei der Ernennung zum Kaiako in den Dunedin-Kinderg\u00e4rten wird erwartet, dass Sie sich stets an die Werte des Kodex halten und die Standards f\u00fcr den Lehrberuf erf\u00fcllen.<\/p>\n<p><strong>Besondere Anforderungen als Schulleiter, der:<\/strong><\/p>\n<ul>\n<li>Ist eine F\u00fchrungskraft mit der F\u00e4higkeit, mit der Vielfalt der Familien umzugehen, die der Kindergarten betreut.<\/li>\n<\/ul>\n<ul>\n<li>Ist ein Vorbild und erwartet professionelle Rechenschaftspflicht und kollektive Verantwortung f\u00fcr das Wohlbefinden und Lernen aller Kinder im Kindergarten; stellt sicher, dass Freude und Lernen Hand in Hand gehen<\/li>\n<\/ul>\n<ul>\n<li>F\u00f6rdern Sie als F\u00fchrungskraft ein kooperatives Umfeld, f\u00f6rdern Sie die Mitwirkung Ihrer Mitarbeiter, w\u00fcrdigen Sie die St\u00e4rken anderer und legen Sie Wert auf Teamarbeit.<\/li>\n<li>Beh\u00e4lt eine optimistische Einstellung bei und inspiriert andere, Ver\u00e4nderungen und Herausforderungen mit Begeisterung anzunehmen<\/li>\n<\/ul>\n<ul>\n<li>Demonstriert und f\u00fchrt mit Engagement f\u00fcr Te Tiriti o Waitangi<\/li>\n<\/ul>\n<ul>\n<li>Ist ein effektiver p\u00e4dagogischer Leiter f\u00fcr Lehren und Lernen sowie interne Evaluation<\/li>\n<li>Implementiert und bewertet Systeme, Prozesse und Praktiken, die eine kontinuierliche Verbesserung f\u00f6rdern.<\/li>\n<li>Die Bereitschaft, positiv und einf\u00fchlsam in professioneller Partnerschaft mit dem Komitee\/der gr\u00f6\u00dferen Dunedin-Kindergarten-Gemeinschaft zusammenzuarbeiten.<\/li>\n<\/ul>\n<ul>\n<li>F\u00f6rdert proaktiv ein positives Kindergartenprofil innerhalb der Gemeinde.<\/li>\n<\/ul>\n<\/div><div class=\"fusion-clearfix\"><\/div><\/div><\/div><\/div><div class=\"fusion-clearfix\"><\/div><\/div><\/div><div class=\"fusion-layout-column fusion_builder_column fusion-builder-column-6 fusion_builder_column_1_3 1_3 fusion-one-third fusion-column-first\" style=\"margin-top:0px;margin-bottom:0px;\"><div class=\"fusion-column-wrapper fusion-flex-column-wrapper-legacy\" style=\"background-position:left top;background-repeat:no-repeat;-webkit-background-size:cover;-moz-background-size:cover;-o-background-size:cover;background-size:cover;background-color:rgba(255,255,255,0);padding: 100px 14% 100px 14%;\"><div class=\"fusion-builder-row fusion-builder-row-inner fusion-row\"><div class=\"fusion-layout-column fusion_builder_column_inner fusion-builder-nested-column-1 fusion_builder_column_inner_1_1 1_1 fusion-one-full fusion-column-first fusion-column-last\" style=\"margin-top:0px;margin-bottom:0px;\"><div class=\"fusion-column-wrapper fusion-flex-column-wrapper-legacy\" style=\"background-position:left top;background-repeat:no-repeat;-webkit-background-size:cover;-moz-background-size:cover;-o-background-size:cover;background-size:cover;padding: 0px 0px 0px 0px;\"><div class=\"fusion-text fusion-text-4\"><h1>Positionsbeschreibung<\/h1>\n<p>Um als Lehrer bei uns einzusteigen, finden Sie hier alles, was Sie wissen m\u00fcssen:<\/p>\n<p><strong><a href=\"https:\/\/dunedinkindergartens.org.nz\/wp-content\/uploads\/2024\/08\/Head-Teacher-POSITION-DESCRIPTION-Aug-2024.pdf\">Beschreibung der Stelle als Schulleiter<\/a><\/strong><\/p>\n<\/div><div class=\"fusion-clearfix\"><\/div><\/div><\/div><\/div><div class=\"fusion-clearfix\"><\/div><\/div><\/div><div class=\"fusion-layout-column fusion_builder_column fusion-builder-column-7 fusion_builder_column_2_3 2_3 fusion-two-third fusion-column-last\" style=\"margin-top:0px;margin-bottom:0px;\"><div class=\"fusion-column-wrapper fusion-flex-column-wrapper-legacy fusion-empty-dims-bg-image\" style=\"background-image: url(&#039;https:\/\/www.dunedinkindergartens.org.nz\/wp-content\/uploads\/2018\/09\/IMG_3806-Resize-e1537498656638.jpg&#039;);background-position:right center;background-repeat:no-repeat;-webkit-background-size:cover;-moz-background-size:cover;-o-background-size:cover;background-size:cover;padding: 0px 0px 0px 0px;\" data-bg-url=\"https:\/\/www.dunedinkindergartens.org.nz\/wp-content\/uploads\/2018\/09\/IMG_3806-Resize-e1537498656638.jpg\"><div class=\"fusion-sep-clear\"><\/div><div class=\"fusion-separator fusion-full-width-sep\" style=\"margin-left: auto;margin-right: auto;margin-top:200px;width:100%;\"><\/div><div class=\"fusion-sep-clear\"><\/div><div class=\"fusion-clearfix\"><\/div><\/div><\/div><\/div><\/div><\/p>","protected":false},"excerpt":{"rendered":"","protected":false},"author":6,"featured_media":0,"parent":742,"menu_order":0,"comment_status":"closed","ping_status":"closed","template":"100-width.php","meta":{"footnotes":""},"class_list":["post-1681","page","type-page","status-publish","hentry"],"yoast_head":"<!-- This site is optimized with the Yoast SEO plugin v27.2 - https:\/\/yoast.com\/product\/yoast-seo-wordpress\/ -->\n<title>Current Vacancies - Head Teacher Positions - Dunedin Kindergartens<\/title>\n<meta name=\"robots\" content=\"index, follow, max-snippet:-1, max-image-preview:large, max-video-preview:-1\" \/>\n<link rel=\"canonical\" href=\"https:\/\/dunedinkindergartens.org.nz\/de\/careers-2\/current_vacancies_ht\/\" \/>\n<meta property=\"og:locale\" content=\"de_DE\" \/>\n<meta property=\"og:type\" content=\"article\" \/>\n<meta property=\"og:title\" content=\"Current Vacancies - Head Teacher Positions - Dunedin Kindergartens\" \/>\n<meta property=\"og:url\" content=\"https:\/\/dunedinkindergartens.org.nz\/de\/careers-2\/current_vacancies_ht\/\" \/>\n<meta property=\"og:site_name\" content=\"Dunedin Kindergartens\" \/>\n<meta property=\"article:modified_time\" content=\"2025-02-13T20:54:55+00:00\" \/>\n<meta name=\"twitter:card\" content=\"summary_large_image\" \/>\n<meta name=\"twitter:label1\" content=\"Gesch\u00e4tzte Lesezeit\" \/>\n\t<meta name=\"twitter:data1\" content=\"7\u00a0Minuten\" \/>\n<script type=\"application\/ld+json\" class=\"yoast-schema-graph\">{\"@context\":\"https:\/\/schema.org\",\"@graph\":[{\"@type\":\"WebPage\",\"@id\":\"https:\/\/dunedinkindergartens.org.nz\/careers-2\/current_vacancies_ht\/\",\"url\":\"https:\/\/dunedinkindergartens.org.nz\/careers-2\/current_vacancies_ht\/\",\"name\":\"Current Vacancies - Head Teacher Positions - Dunedin Kindergartens\",\"isPartOf\":{\"@id\":\"https:\/\/dunedinkindergartens.org.nz\/#website\"},\"datePublished\":\"2019-02-13T08:31:24+00:00\",\"dateModified\":\"2025-02-13T20:54:55+00:00\",\"breadcrumb\":{\"@id\":\"https:\/\/dunedinkindergartens.org.nz\/careers-2\/current_vacancies_ht\/#breadcrumb\"},\"inLanguage\":\"de\",\"potentialAction\":[{\"@type\":\"ReadAction\",\"target\":[\"https:\/\/dunedinkindergartens.org.nz\/careers-2\/current_vacancies_ht\/\"]}]},{\"@type\":\"BreadcrumbList\",\"@id\":\"https:\/\/dunedinkindergartens.org.nz\/careers-2\/current_vacancies_ht\/#breadcrumb\",\"itemListElement\":[{\"@type\":\"ListItem\",\"position\":1,\"name\":\"Home\",\"item\":\"https:\/\/dunedinkindergartens.org.nz\/\"},{\"@type\":\"ListItem\",\"position\":2,\"name\":\"Careers\",\"item\":\"https:\/\/dunedinkindergartens.org.nz\/careers-2\/\"},{\"@type\":\"ListItem\",\"position\":3,\"name\":\"Current Vacancies &#8211; Head Teacher Positions\"}]},{\"@type\":\"WebSite\",\"@id\":\"https:\/\/dunedinkindergartens.org.nz\/#website\",\"url\":\"https:\/\/dunedinkindergartens.org.nz\/\",\"name\":\"Dunedin Kindergartens\",\"description\":\"Top quality, affordable early childhood education for children 2 \u2013 5 years old.\",\"potentialAction\":[{\"@type\":\"SearchAction\",\"target\":{\"@type\":\"EntryPoint\",\"urlTemplate\":\"https:\/\/dunedinkindergartens.org.nz\/?s={search_term_string}\"},\"query-input\":{\"@type\":\"PropertyValueSpecification\",\"valueRequired\":true,\"valueName\":\"search_term_string\"}}],\"inLanguage\":\"de\"}]}<\/script>\n<!-- \/ Yoast SEO plugin. -->","yoast_head_json":{"title":"Current Vacancies - Head Teacher Positions - Dunedin Kindergartens","robots":{"index":"index","follow":"follow","max-snippet":"max-snippet:-1","max-image-preview":"max-image-preview:large","max-video-preview":"max-video-preview:-1"},"canonical":"https:\/\/dunedinkindergartens.org.nz\/de\/careers-2\/current_vacancies_ht\/","og_locale":"de_DE","og_type":"article","og_title":"Current Vacancies - Head Teacher Positions - Dunedin Kindergartens","og_url":"https:\/\/dunedinkindergartens.org.nz\/de\/careers-2\/current_vacancies_ht\/","og_site_name":"Dunedin Kindergartens","article_modified_time":"2025-02-13T20:54:55+00:00","twitter_card":"summary_large_image","twitter_misc":{"Gesch\u00e4tzte Lesezeit":"7\u00a0Minuten"},"schema":{"@context":"https:\/\/schema.org","@graph":[{"@type":"WebPage","@id":"https:\/\/dunedinkindergartens.org.nz\/careers-2\/current_vacancies_ht\/","url":"https:\/\/dunedinkindergartens.org.nz\/careers-2\/current_vacancies_ht\/","name":"Current Vacancies - Head Teacher Positions - Dunedin Kindergartens","isPartOf":{"@id":"https:\/\/dunedinkindergartens.org.nz\/#website"},"datePublished":"2019-02-13T08:31:24+00:00","dateModified":"2025-02-13T20:54:55+00:00","breadcrumb":{"@id":"https:\/\/dunedinkindergartens.org.nz\/careers-2\/current_vacancies_ht\/#breadcrumb"},"inLanguage":"de","potentialAction":[{"@type":"ReadAction","target":["https:\/\/dunedinkindergartens.org.nz\/careers-2\/current_vacancies_ht\/"]}]},{"@type":"BreadcrumbList","@id":"https:\/\/dunedinkindergartens.org.nz\/careers-2\/current_vacancies_ht\/#breadcrumb","itemListElement":[{"@type":"ListItem","position":1,"name":"Home","item":"https:\/\/dunedinkindergartens.org.nz\/"},{"@type":"ListItem","position":2,"name":"Careers","item":"https:\/\/dunedinkindergartens.org.nz\/careers-2\/"},{"@type":"ListItem","position":3,"name":"Current Vacancies &#8211; Head Teacher Positions"}]},{"@type":"WebSite","@id":"https:\/\/dunedinkindergartens.org.nz\/#website","url":"https:\/\/dunedinkindergartens.org.nz\/","name":"Dunedin Kinderg\u00e4rten","description":"Hochwertige und erschwingliche fr\u00fchkindliche Bildung f\u00fcr Kinder im Alter von 2 bis 5 Jahren.","potentialAction":[{"@type":"SearchAction","target":{"@type":"EntryPoint","urlTemplate":"https:\/\/dunedinkindergartens.org.nz\/?s={search_term_string}"},"query-input":{"@type":"PropertyValueSpecification","valueRequired":true,"valueName":"search_term_string"}}],"inLanguage":"de"}]}},"_links":{"self":[{"href":"https:\/\/dunedinkindergartens.org.nz\/de\/wp-json\/wp\/v2\/pages\/1681","targetHints":{"allow":["GET"]}}],"collection":[{"href":"https:\/\/dunedinkindergartens.org.nz\/de\/wp-json\/wp\/v2\/pages"}],"about":[{"href":"https:\/\/dunedinkindergartens.org.nz\/de\/wp-json\/wp\/v2\/types\/page"}],"author":[{"embeddable":true,"href":"https:\/\/dunedinkindergartens.org.nz\/de\/wp-json\/wp\/v2\/users\/6"}],"replies":[{"embeddable":true,"href":"https:\/\/dunedinkindergartens.org.nz\/de\/wp-json\/wp\/v2\/comments?post=1681"}],"version-history":[{"count":45,"href":"https:\/\/dunedinkindergartens.org.nz\/de\/wp-json\/wp\/v2\/pages\/1681\/revisions"}],"predecessor-version":[{"id":2664,"href":"https:\/\/dunedinkindergartens.org.nz\/de\/wp-json\/wp\/v2\/pages\/1681\/revisions\/2664"}],"up":[{"embeddable":true,"href":"https:\/\/dunedinkindergartens.org.nz\/de\/wp-json\/wp\/v2\/pages\/742"}],"wp:attachment":[{"href":"https:\/\/dunedinkindergartens.org.nz\/de\/wp-json\/wp\/v2\/media?parent=1681"}],"curies":[{"name":"wp","href":"https:\/\/api.w.org\/{rel}","templated":true}]}}