{"id":831,"date":"2018-07-11T10:31:25","date_gmt":"2018-07-11T10:31:25","guid":{"rendered":"http:\/\/dunedinkindy.lemonuat.com\/?page_id=831"},"modified":"2024-11-20T13:46:20","modified_gmt":"2024-11-20T00:46:20","slug":"what-we-offer","status":"publish","type":"page","link":"https:\/\/dunedinkindergartens.org.nz\/ca\/what-we-offer\/","title":{"rendered":"Qu\u00e8 Oferim"},"content":{"rendered":"<p><div class=\"fusion-fullwidth fullwidth-box fusion-builder-row-1 has-pattern-background has-mask-background nonhundred-percent-fullwidth non-hundred-percent-height-scrolling\" style=\"background-color: rgba(255,255,255,0);background-position: left top;background-repeat: no-repeat;padding-top:40px;padding-right:0px;padding-bottom:75px;padding-left:0px;margin-bottom: 0px;margin-top: 0px;border-width: 0px 0px 0px 0px;border-color:#eae9e9;border-style:solid;\" ><div class=\"fusion-builder-row fusion-row\"><div class=\"fusion-layout-column fusion_builder_column fusion-builder-column-0 fusion_builder_column_1_1 1_1 fusion-one-full fusion-column-first fusion-column-last\" style=\"margin-top:0px;margin-bottom:0px;\"><div class=\"fusion-column-wrapper fusion-flex-column-wrapper-legacy\" style=\"background-position:left top;background-repeat:no-repeat;-webkit-background-size:cover;-moz-background-size:cover;-o-background-size:cover;background-size:cover;padding: 0px 20px 0px 20px;\"><div class=\"fusion-text fusion-text-1 fusion-text-no-margin\" style=\"margin-bottom:20px;\"><h2>A l&#039;escola bressol, el vostre fill experimentar\u00e0:<\/h2>\n<\/div><div class=\"fusion-builder-row fusion-builder-row-inner fusion-row\"><div class=\"fusion-layout-column fusion_builder_column_inner fusion-builder-nested-column-0 fusion_builder_column_inner_1_2 1_2 fusion-one-half fusion-column-first\" style=\"width:50%;width:calc(50% - ( ( 4% ) * 0.5 ) );margin-right: 4%;margin-top:0px;margin-bottom:0px;\"><div class=\"fusion-column-wrapper fusion-flex-column-wrapper-legacy\" style=\"background-position:left top;background-repeat:no-repeat;-webkit-background-size:cover;-moz-background-size:cover;-o-background-size:cover;background-size:cover;padding: 0px 0px 0px 0px;\"><div class=\"fusion-text fusion-text-2\"><h3>Aprenentatge per a la vida<\/h3>\n<p>L&#039;aprenentatge es produeix de manera natural a l&#039;escola bressol. Els infants aprenen a trav\u00e9s d&#039;interaccions amb els altres de maneres significatives, cosa que els ajuda a donar sentit al seu m\u00f3n. Els infants tenen la llibertat de ser imaginatius, creatius i practicar habilitats. Els infants aprenen a formar part d&#039;un grup i a ser socialment competents.<\/p>\n<h3>Excel\u00b7lents recursos interiors<\/h3>\n<p>Les nostres escoles bressol tenen prou recursos per proporcionar eines i accessoris per a nens i professors. Una escola bressol t\u00edpica t\u00e9 de tot, des de pinzells fins a c\u00e0meres digitals, llibres i ordinadors port\u00e0tils, bateries i iPods, i lupes i microscopis digitals. El vostre fill est\u00e0 ben cuidat a l&#039;escola bressol.<\/p>\n<h3>Entorns exteriors emocionants<\/h3>\n<p>Valorem l&#039;aire lliure com un espai d&#039;aprenentatge important per als infants. Cada escola bressol ofereix una gamma d&#039;experi\u00e8ncies com ara sorrals, gronxadors, tobogans, jocs d&#039;aigua, jardineria, fusteria i molt m\u00e9s. Els infants reben reptes i suport en els seus descobriments. Cinc de les nostres escoles bressol fan excursions regulars amb els seus fills m\u00e9s grans a llocs fora de les instal\u00b7lacions per connectar realment amb la natura.<\/p>\n<h3>Implicaci\u00f3 familiar<\/h3>\n<p>Quan inscriviu el vostre fill\/a a l&#039;escola bressol, la vostra fam\u00edlia esdev\u00e9 part d&#039;una comunitat de pares i mares connectada i solid\u00e0ria amb l&#039;objectiu compartit de proporcionar la millor educaci\u00f3 preescolar per als vostres fills. \u00c9s un lloc per fer noves amistats i participar en la vida de l&#039;escola bressol, en la mesura que tingueu el temps o la inclinaci\u00f3 per fer-ho. Donem la benvinguda a la participaci\u00f3 de les fam\u00edlies a les nostres llars d&#039;infants.<\/p>\n<\/div><div class=\"fusion-clearfix\"><\/div><\/div><\/div><div class=\"fusion-layout-column fusion_builder_column_inner fusion-builder-nested-column-1 fusion_builder_column_inner_1_2 1_2 fusion-one-half fusion-column-last\" style=\"width:50%;width:calc(50% - ( ( 4% ) * 0.5 ) );margin-top:0px;margin-bottom:0px;\"><div class=\"fusion-column-wrapper fusion-flex-column-wrapper-legacy\" style=\"background-position:left top;background-repeat:no-repeat;-webkit-background-size:cover;-moz-background-size:cover;-o-background-size:cover;background-size:cover;padding: 0px 0px 0px 0px;\"><div class=\"fusion-text fusion-text-3\"><h3>Programes centrats en la comunitat<\/h3>\n<p>Les escoles bressol de Dunedin estan situades intencionadament pels suburbis de la zona metropolitana de Dunedin. Aix\u00f2 permet a les fam\u00edlies accedir a l&#039;escola bressol del seu propi barri i establir amistats i vincles amb altres fam\u00edlies i les escoles properes. Els nens tenen l&#039;oportunitat de connectar amb la comunitat en general a trav\u00e9s de sortides, passejades i visites de diverses persones de la comunitat.<\/p>\n<h3>Professors qualificats 100%<\/h3>\n<p>Els nens no es mereixen res menys que professors qualificats 100%!<br \/>\nA Dunedin Kindergartens aquest \u00e9s el nostre punt de refer\u00e8ncia de qualitat. Tenim un alt nivell de responsabilitat professional, ja que els professors estan registrats a trav\u00e9s del Consell de Professors de Nova Zelanda i compleixen amb els &quot;Est\u00e0ndards Professionals per a Professors de Parvulari&quot;.<br \/>\nDunedin Kindergartens d\u00f3na suport a la campanya GreatStart 100%, que es va crear perqu\u00e8 el govern reconegu\u00e9s els beneficis d&#039;una educaci\u00f3 infantil de qualitat.<\/p>\n<h3>Gran relaci\u00f3 qualitat-preu<\/h3>\n<p>Assistir a les nostres llars d&#039;infants \u00e9s molt assequible. Totes les nostres llars d&#039;infants ofereixen fins a 20 hores d&#039;educaci\u00f3 infantil gratu\u00efta per al vostre fill i les nostres tarifes s\u00f3n molt competitives.<br \/>\nTots els nens de 3, 4 i 5 anys que facin les 20 hores gratu\u00eftes que tenen amb nosaltres no tindran cap cost per les hores addicionals. Podr\u00edeu obtenir fins a 30 hores a l&#039;escola bressol i no pagar res.<\/p>\n<h3>Protecci\u00f3 Infantil<\/h3>\n<p>Les escoles bressol de Dunedin es comprometen a garantir la seguretat de tots els nens que assisteixen a les nostres escoles bressol. <span style=\"text-decoration: underline;\"><a href=\"https:\/\/dunedinkindergartens.org.nz\/wp-content\/uploads\/2024\/05\/Child-Protection-policy-2023.pdf\">Feu clic aqu\u00ed<\/a><\/span> per veure la nostra Pol\u00edtica de protecci\u00f3 infantil.<\/p>\n<\/div><div class=\"fusion-clearfix\"><\/div><\/div><\/div><\/div><div class=\"fusion-sep-clear\"><\/div><div class=\"fusion-separator fusion-full-width-sep\" style=\"margin-left: auto;margin-right: auto;margin-top:10px;width:100%;\"><\/div><div class=\"fusion-sep-clear\"><\/div><div class=\"fusion-clearfix\"><\/div><\/div><\/div><\/div><\/div><div class=\"fusion-bg-parallax\" data-bg-align=\"right center\" data-direction=\"up\" data-mute=\"false\" data-opacity=\"100\" data-velocity=\"-0.2\" data-mobile-enabled=\"false\" data-break_parents=\"0\" data-bg-image=\"https:\/\/www.dunedinkindergartens.org.nz\/wp-content\/uploads\/2018\/07\/polyfest.jpg\" data-bg-repeat=\"false\" ><\/div><div class=\"fusion-fullwidth fullwidth-box fusion-builder-row-2 fusion-parallax-up nonhundred-percent-fullwidth non-hundred-percent-height-scrolling\" style=\"background-color: rgba(255,255,255,0);background-image: url(&quot;https:\/\/www.dunedinkindergartens.org.nz\/wp-content\/uploads\/2018\/07\/polyfest.jpg&quot;);background-position: right center;background-repeat: no-repeat;padding-top:200px;padding-right:0px;padding-bottom:200px;padding-left:0px;margin-bottom: 0px;margin-top: 0px;border-width: 0px 0px 0px 0px;border-color:#eae9e9;border-style:solid;-webkit-background-size:cover;-moz-background-size:cover;-o-background-size:cover;background-size:cover;\" ><div class=\"fusion-builder-row fusion-row\"><div class=\"fusion-layout-column fusion_builder_column fusion-builder-column-1 fusion_builder_column_1_1 1_1 fusion-one-full fusion-column-first fusion-column-last\" style=\"margin-top:0px;margin-bottom:0px;\"><div class=\"fusion-column-wrapper fusion-flex-column-wrapper-legacy\" style=\"background-position:left top;background-repeat:no-repeat;-webkit-background-size:cover;-moz-background-size:cover;-o-background-size:cover;background-size:cover;padding: 0px 0px 0px 0px;\"><div class=\"fusion-clearfix\"><\/div><\/div><\/div><\/div><\/div><\/p>","protected":false},"excerpt":{"rendered":"","protected":false},"author":1,"featured_media":0,"parent":0,"menu_order":0,"comment_status":"closed","ping_status":"closed","template":"100-width.php","meta":{"footnotes":""},"class_list":["post-831","page","type-page","status-publish","hentry"],"yoast_head":"<!-- This site is optimized with the Yoast SEO plugin v27.2 - https:\/\/yoast.com\/product\/yoast-seo-wordpress\/ -->\n<title>What We Offer - Dunedin Kindergartens<\/title>\n<meta name=\"robots\" content=\"index, follow, max-snippet:-1, max-image-preview:large, max-video-preview:-1\" \/>\n<link rel=\"canonical\" href=\"https:\/\/dunedinkindergartens.org.nz\/ca\/what-we-offer\/\" \/>\n<meta property=\"og:locale\" content=\"ca_ES\" \/>\n<meta property=\"og:type\" content=\"article\" \/>\n<meta property=\"og:title\" content=\"What We Offer - Dunedin Kindergartens\" \/>\n<meta property=\"og:url\" content=\"https:\/\/dunedinkindergartens.org.nz\/ca\/what-we-offer\/\" \/>\n<meta property=\"og:site_name\" content=\"Dunedin Kindergartens\" \/>\n<meta property=\"article:modified_time\" content=\"2024-11-20T00:46:20+00:00\" \/>\n<meta name=\"twitter:card\" content=\"summary_large_image\" \/>\n<meta name=\"twitter:label1\" content=\"Temps estimat de lectura\" \/>\n\t<meta name=\"twitter:data1\" content=\"5 minuts\" \/>\n<script type=\"application\/ld+json\" class=\"yoast-schema-graph\">{\"@context\":\"https:\/\/schema.org\",\"@graph\":[{\"@type\":\"WebPage\",\"@id\":\"https:\/\/dunedinkindergartens.org.nz\/what-we-offer\/\",\"url\":\"https:\/\/dunedinkindergartens.org.nz\/what-we-offer\/\",\"name\":\"What We Offer - Dunedin Kindergartens\",\"isPartOf\":{\"@id\":\"https:\/\/dunedinkindergartens.org.nz\/#website\"},\"datePublished\":\"2018-07-11T10:31:25+00:00\",\"dateModified\":\"2024-11-20T00:46:20+00:00\",\"breadcrumb\":{\"@id\":\"https:\/\/dunedinkindergartens.org.nz\/what-we-offer\/#breadcrumb\"},\"inLanguage\":\"ca\",\"potentialAction\":[{\"@type\":\"ReadAction\",\"target\":[\"https:\/\/dunedinkindergartens.org.nz\/what-we-offer\/\"]}]},{\"@type\":\"BreadcrumbList\",\"@id\":\"https:\/\/dunedinkindergartens.org.nz\/what-we-offer\/#breadcrumb\",\"itemListElement\":[{\"@type\":\"ListItem\",\"position\":1,\"name\":\"Home\",\"item\":\"https:\/\/dunedinkindergartens.org.nz\/\"},{\"@type\":\"ListItem\",\"position\":2,\"name\":\"What We Offer\"}]},{\"@type\":\"WebSite\",\"@id\":\"https:\/\/dunedinkindergartens.org.nz\/#website\",\"url\":\"https:\/\/dunedinkindergartens.org.nz\/\",\"name\":\"Dunedin Kindergartens\",\"description\":\"Top quality, affordable early childhood education for children 2 \u2013 5 years old.\",\"potentialAction\":[{\"@type\":\"SearchAction\",\"target\":{\"@type\":\"EntryPoint\",\"urlTemplate\":\"https:\/\/dunedinkindergartens.org.nz\/?s={search_term_string}\"},\"query-input\":{\"@type\":\"PropertyValueSpecification\",\"valueRequired\":true,\"valueName\":\"search_term_string\"}}],\"inLanguage\":\"ca\"}]}<\/script>\n<!-- \/ Yoast SEO plugin. -->","yoast_head_json":{"title":"What We Offer - Dunedin Kindergartens","robots":{"index":"index","follow":"follow","max-snippet":"max-snippet:-1","max-image-preview":"max-image-preview:large","max-video-preview":"max-video-preview:-1"},"canonical":"https:\/\/dunedinkindergartens.org.nz\/ca\/what-we-offer\/","og_locale":"ca_ES","og_type":"article","og_title":"What We Offer - Dunedin Kindergartens","og_url":"https:\/\/dunedinkindergartens.org.nz\/ca\/what-we-offer\/","og_site_name":"Dunedin Kindergartens","article_modified_time":"2024-11-20T00:46:20+00:00","twitter_card":"summary_large_image","twitter_misc":{"Temps estimat de lectura":"5 minuts"},"schema":{"@context":"https:\/\/schema.org","@graph":[{"@type":"WebPage","@id":"https:\/\/dunedinkindergartens.org.nz\/what-we-offer\/","url":"https:\/\/dunedinkindergartens.org.nz\/what-we-offer\/","name":"What We Offer - Dunedin Kindergartens","isPartOf":{"@id":"https:\/\/dunedinkindergartens.org.nz\/#website"},"datePublished":"2018-07-11T10:31:25+00:00","dateModified":"2024-11-20T00:46:20+00:00","breadcrumb":{"@id":"https:\/\/dunedinkindergartens.org.nz\/what-we-offer\/#breadcrumb"},"inLanguage":"ca","potentialAction":[{"@type":"ReadAction","target":["https:\/\/dunedinkindergartens.org.nz\/what-we-offer\/"]}]},{"@type":"BreadcrumbList","@id":"https:\/\/dunedinkindergartens.org.nz\/what-we-offer\/#breadcrumb","itemListElement":[{"@type":"ListItem","position":1,"name":"Home","item":"https:\/\/dunedinkindergartens.org.nz\/"},{"@type":"ListItem","position":2,"name":"What We Offer"}]},{"@type":"WebSite","@id":"https:\/\/dunedinkindergartens.org.nz\/#website","url":"https:\/\/dunedinkindergartens.org.nz\/","name":"Escoles bressol de Dunedin","description":"Educaci\u00f3 infantil assequible i de primera qualitat per a nens de 2 a 5 anys.","potentialAction":[{"@type":"SearchAction","target":{"@type":"EntryPoint","urlTemplate":"https:\/\/dunedinkindergartens.org.nz\/?s={search_term_string}"},"query-input":{"@type":"PropertyValueSpecification","valueRequired":true,"valueName":"search_term_string"}}],"inLanguage":"ca"}]}},"_links":{"self":[{"href":"https:\/\/dunedinkindergartens.org.nz\/ca\/wp-json\/wp\/v2\/pages\/831","targetHints":{"allow":["GET"]}}],"collection":[{"href":"https:\/\/dunedinkindergartens.org.nz\/ca\/wp-json\/wp\/v2\/pages"}],"about":[{"href":"https:\/\/dunedinkindergartens.org.nz\/ca\/wp-json\/wp\/v2\/types\/page"}],"author":[{"embeddable":true,"href":"https:\/\/dunedinkindergartens.org.nz\/ca\/wp-json\/wp\/v2\/users\/1"}],"replies":[{"embeddable":true,"href":"https:\/\/dunedinkindergartens.org.nz\/ca\/wp-json\/wp\/v2\/comments?post=831"}],"version-history":[{"count":31,"href":"https:\/\/dunedinkindergartens.org.nz\/ca\/wp-json\/wp\/v2\/pages\/831\/revisions"}],"predecessor-version":[{"id":2789,"href":"https:\/\/dunedinkindergartens.org.nz\/ca\/wp-json\/wp\/v2\/pages\/831\/revisions\/2789"}],"wp:attachment":[{"href":"https:\/\/dunedinkindergartens.org.nz\/ca\/wp-json\/wp\/v2\/media?parent=831"}],"curies":[{"name":"wp","href":"https:\/\/api.w.org\/{rel}","templated":true}]}}