{"id":1681,"date":"2019-02-13T21:31:24","date_gmt":"2019-02-13T08:31:24","guid":{"rendered":"https:\/\/www.dunedinkindergartens.org.nz\/?page_id=1681"},"modified":"2025-02-14T09:54:55","modified_gmt":"2025-02-13T20:54:55","slug":"current_vacancies_ht","status":"publish","type":"page","link":"https:\/\/dunedinkindergartens.org.nz\/ca\/careers-2\/current_vacancies_ht\/","title":{"rendered":"Vacants actuals \u2013 Posicions de director\/a"},"content":{"rendered":"<p><div class=\"fusion-fullwidth fullwidth-box fusion-builder-row-1 has-pattern-background has-mask-background fusion-parallax-none nonhundred-percent-fullwidth non-hundred-percent-height-scrolling\" style=\"background-color: rgba(255,255,255,0);background-image: url(&quot;https:\/\/dunedinkindergartens.org.nz\/wp-content\/uploads\/2015\/03\/DK-ADMIN-1.jpg&quot;);background-position: left center;background-repeat: no-repeat;padding-top:100px;padding-right:0px;padding-bottom:500px;padding-left:0px;margin-bottom: 0px;margin-top: 0px;border-width: 0px 0px 0px 0px;border-color:#eae9e9;border-style:solid;-webkit-background-size:cover;-moz-background-size:cover;-o-background-size:cover;background-size:cover;\" ><div class=\"fusion-builder-row fusion-row\"><div class=\"fusion-layout-column fusion_builder_column fusion-builder-column-0 fusion_builder_column_1_1 1_1 fusion-one-full fusion-column-first fusion-column-last\" style=\"margin-top:0px;margin-bottom:0px;\"><div class=\"fusion-column-wrapper fusion-flex-column-wrapper-legacy\" style=\"background-position:left top;background-repeat:no-repeat;-webkit-background-size:cover;-moz-background-size:cover;-o-background-size:cover;background-size:cover;padding: 0px 20px 0px 20px;\"><div class=\"fusion-clearfix\"><\/div><\/div><\/div><\/div><\/div><div class=\"fusion-fullwidth fullwidth-box fusion-builder-row-2 nonhundred-percent-fullwidth non-hundred-percent-height-scrolling\" style=\"background-color: rgba(255,255,255,0);background-position: center center;background-repeat: no-repeat;padding-top:0px;padding-right:0px;padding-bottom:0px;padding-left:0px;margin-bottom: 0px;margin-top: 0px;border-width: 0px 0px 0px 0px;border-color:#eae9e9;border-style:solid;\" ><div class=\"fusion-builder-row fusion-row\"><div class=\"fusion-layout-column fusion_builder_column fusion-builder-column-1 fusion_builder_column_1_1 1_1 fusion-one-full fusion-column-first fusion-column-last\" style=\"margin-top:0px;margin-bottom:0px;\"><div class=\"fusion-column-wrapper fusion-flex-column-wrapper-legacy\" style=\"background-position:left top;background-repeat:no-repeat;-webkit-background-size:cover;-moz-background-size:cover;-o-background-size:cover;background-size:cover;padding: 0px 20px 0px 20px;\"><div class=\"fusion-text fusion-text-1\"><h1 style=\"text-align: center;\">TRES VACANTS DE DIRECTOR\/A<\/h1>\n<\/div><div class=\"fusion-clearfix\"><\/div><\/div><\/div><\/div><\/div><div class=\"fusion-fullwidth fullwidth-box fusion-builder-row-3 nonhundred-percent-fullwidth non-hundred-percent-height-scrolling\" style=\"background-color: #f4f4f7;background-position: center center;background-repeat: no-repeat;padding-top:0px;padding-right:0px;padding-bottom:0px;padding-left:0px;margin-bottom: 0px;margin-top: 0px;border-width: 0px 0px 0px 0px;border-color:#eae9e9;border-style:solid;\" ><div class=\"fusion-builder-row fusion-row\"><div class=\"fusion-layout-column fusion_builder_column fusion-builder-column-2 fusion_builder_column_1_1 1_1 fusion-one-full fusion-column-first fusion-column-last\" style=\"margin-top:0px;margin-bottom:0px;\"><div class=\"fusion-column-wrapper fusion-flex-column-wrapper-legacy\" style=\"background-position:left top;background-repeat:no-repeat;-webkit-background-size:cover;-moz-background-size:cover;-o-background-size:cover;background-size:cover;padding: 0px 0px 0px 0px;\"><div class=\"fusion-text fusion-text-2\"><h1 style=\"text-align: center;\">Llar d&#039;infants Kelsey Yaralla<\/h1>\n<h1 style=\"text-align: center;\">Llar d&#039;infants de Port Chalmers<\/h1>\n<h1 style=\"text-align: center;\">Llar d&#039;infants Rachel Reynolds<\/h1>\n<\/div><div class=\"fusion-clearfix\"><\/div><\/div><\/div><\/div><\/div><div class=\"fusion-fullwidth fullwidth-box fusion-builder-row-4 nonhundred-percent-fullwidth non-hundred-percent-height-scrolling\" style=\"background-color: #f4f4f7;background-position: center center;background-repeat: no-repeat;padding-top:0px;padding-right:0px;padding-bottom:0px;padding-left:0px;margin-bottom: 0px;margin-top: 0px;border-width: 0px 0px 0px 0px;border-color:#eae9e9;border-style:solid;\" ><div class=\"fusion-builder-row fusion-row\"><div class=\"fusion-layout-column fusion_builder_column fusion-builder-column-3 fusion_builder_column_1_1 1_1 fusion-one-full fusion-column-first fusion-column-last\" style=\"margin-top:0px;margin-bottom:0px;\"><div class=\"fusion-column-wrapper fusion-flex-column-wrapper-legacy\" style=\"background-position:left top;background-repeat:no-repeat;-webkit-background-size:cover;-moz-background-size:cover;-o-background-size:cover;background-size:cover;padding: 50px 50px 50px 50px;\"><div class=\"fusion-aligncenter\"><style>.fusion-body .fusion-button.button-1{border-radius:0px 0px 0px 0px;}<\/style><a class=\"fusion-button button-flat button-xlarge button-default button-1 fusion-button-default-span fusion-button-default-type\" target=\"_self\" href=\"https:\/\/dunedinkindergartens.org.nz\/ca\/full-application\/\"><span class=\"fusion-button-text\">Feu clic aqu\u00ed per a la sol\u00b7licitud completa<\/span><\/a><\/div><div class=\"fusion-clearfix\"><\/div><\/div><\/div><\/div><\/div><div class=\"fusion-fullwidth fullwidth-box fusion-builder-row-5 hundred-percent-fullwidth non-hundred-percent-height-scrolling fusion-equal-height-columns\" style=\"background-color: rgba(255,255,255,0);background-position: left top;background-repeat: no-repeat;padding-top:0px;padding-right:0px;padding-bottom:0px;padding-left:0px;margin-bottom: 0px;margin-top: 0px;border-width: 0px 0px 0px 0px;border-color:#eae9e9;border-style:solid;\" ><div class=\"fusion-builder-row fusion-row\"><div class=\"fusion-layout-column fusion_builder_column fusion-builder-column-4 fusion_builder_column_1_3 1_3 fusion-one-third fusion-column-first\" style=\"margin-top:0px;margin-bottom:0px;\"><div class=\"fusion-column-wrapper fusion-flex-column-wrapper-legacy fusion-empty-dims-bg-image\" style=\"background-image: url(&#039;https:\/\/www.dunedinkindergartens.org.nz\/wp-content\/uploads\/2015\/03\/DK-ADMIN-1-1024x768.jpg&#039;);background-position:left top;background-repeat:no-repeat;-webkit-background-size:cover;-moz-background-size:cover;-o-background-size:cover;background-size:cover;padding: 0px 0px 0px 0px;\" data-bg-url=\"https:\/\/www.dunedinkindergartens.org.nz\/wp-content\/uploads\/2015\/03\/DK-ADMIN-1-1024x768.jpg\"><div class=\"fusion-sep-clear\"><\/div><div class=\"fusion-separator fusion-full-width-sep\" style=\"margin-left: auto;margin-right: auto;margin-top:200px;width:100%;\"><\/div><div class=\"fusion-sep-clear\"><\/div><div class=\"fusion-clearfix\"><\/div><\/div><\/div><div class=\"fusion-layout-column fusion_builder_column fusion-builder-column-5 fusion_builder_column_2_3 2_3 fusion-two-third fusion-column-last\" style=\"margin-top:0px;margin-bottom:0px;\"><div class=\"fusion-column-wrapper fusion-flex-column-wrapper-legacy\" style=\"background-position:left top;background-repeat:no-repeat;-webkit-background-size:cover;-moz-background-size:cover;-o-background-size:cover;background-size:cover;background-color:rgba(255,255,255,0);padding: 100px 14% 100px 14%;\"><div class=\"fusion-builder-row fusion-builder-row-inner fusion-row\"><div class=\"fusion-layout-column fusion_builder_column_inner fusion-builder-nested-column-0 fusion_builder_column_inner_1_1 1_1 fusion-one-full fusion-column-first fusion-column-last\" style=\"margin-top:0px;margin-bottom:0px;\"><div class=\"fusion-column-wrapper fusion-flex-column-wrapper-legacy\" style=\"background-position:left top;background-repeat:no-repeat;-webkit-background-size:cover;-moz-background-size:cover;-o-background-size:cover;background-size:cover;padding: 0px 0px 0px 0px;\"><div class=\"fusion-text fusion-text-3\"><p><strong>Escoles bressol:<\/strong><\/p>\n<p><strong>Kelsey Yaralla<\/strong> (Operant amb una llista de 30 nens)<\/p>\n<p><strong>Port Chalmers<\/strong> (Operant amb una llista de 30 nens)<\/p>\n<p><strong>Raquel Reynolds<\/strong> (Operant amb una llista de 30 nens)<\/p>\n<p><strong>Posicions: <\/strong>Director\/a d&#039;escola 1a jornada completa \u2013 40 hores setmanals<\/p>\n<h4><strong>Equips docents actuals:\u00a0\u00a0\u00a0 <\/strong><\/h4>\n<table style=\"height: 235px;\" width=\"1067\">\n<tbody>\n<tr>\n<td width=\"209\">\n<h4><strong>Kelsey Yaralla<\/strong><\/h4>\n<\/td>\n<td width=\"209\">\n<h4><strong>Port Chalmers<\/strong><\/h4>\n<\/td>\n<td width=\"209\">\n<h4><strong>Raquel Reynolds<\/strong><\/h4>\n<\/td>\n<\/tr>\n<tr>\n<td width=\"209\">Director\/a 1er lloc de treball (vacant)<\/p>\n<p>Professor\/a 1 jornada completa x 2<\/p>\n<p>Professor 0,65 FTE<\/p>\n<p>ajudant de professor<\/td>\n<td width=\"209\">Director\/a 1er lloc de treball (vacant)<\/p>\n<p>Professor\/a 1 jornada completa x 2<\/p>\n<p>ajudant de professor<\/td>\n<td width=\"209\">Director\/a 1er lloc de treball (vacant)<\/p>\n<p>Professor\/a 1 jornada completa x 2<\/p>\n<p>ajudant de professor<\/td>\n<\/tr>\n<\/tbody>\n<\/table>\n<p><strong>Descripcions de la comunitat<\/strong><br \/>\n<strong>Llar d&#039;infants Kelsey Yaralla<\/strong> est\u00e0 situat al cor de la universitat, a la vora de l&#039;Owheo. El nostre espai\u00f3s entorn d&#039;aprenentatge \u00e9s din\u00e0mic i est\u00e0 ben dotat de recursos, i ajuda els nens a ser aprenents independents i segurs. El bonic espai exterior es presta al paisatge estacional i reflecteix veritablement un jard\u00ed infantil, que \u00e9s el que significa parvulari. Kelsey Yaralla Kindergarten \u00e9s un parvulari de jornada completa durant tot l&#039;any que ofereix un servei segur i acollidor perqu\u00e8 els nens aprenguin a trav\u00e9s del joc de 8.30 a 17.00.<\/p>\n<p><strong>Llar d&#039;infants de Port Chalmers<\/strong> es troba al barri portuari de Port Chalmers, a deu quil\u00f2metres de la ciutat de Dunedin. Al nostre servei assisteixen nens de les nombroses comunitats perif\u00e8riques. Estem situats a poca dist\u00e0ncia a peu de l&#039;escola prim\u00e0ria de Port Chalmers, amb qui tenim connexions regulars. La comunitat est\u00e0 \u00edntimament involucrada en el centre d&#039;aquesta llar d&#039;infants. Estem molt orgullosos de la nostra zona exterior, que reflecteix el context cultural local d&#039;una ciutat portu\u00e0ria, aix\u00ed com del ve\u00ed Santuari Ecol\u00f2g d&#039;Orokonui, amb qui tenim una relaci\u00f3 de treball per al nostre programa Eco Warriors. Abracem la diversitat. Valorem les pr\u00e0ctiques sostenibles i la cura del nostre preuat entorn. Els nens assisteixen a la llar d&#039;infants de 8.30 a 14.30 de dilluns a divendres i romanem oberts durant les vacances de trimestre.<\/p>\n<p><strong>Llar d&#039;infants Rachel Reynolds<\/strong> es troba al cor del sud de Dunedin i les nostres fam\u00edlies provenen de tot Dunedin. \u00c9s una comunitat culturalment diversa i treballem en col\u00b7laboraci\u00f3 amb altres ag\u00e8ncies i serveis per oferir un curr\u00edculum local inclusiu per a tots els alumnes. El parvulari Rachel Reynolds s&#039;enorgulleix del seu esperit comunitari. Els nens assisteixen al parvulari de 8.30 a 14.30 de dilluns a divendres i actualment el parvulari tanca per vacances de trimestre.<\/p>\n<p><strong>El nostre codi, els nostres est\u00e0ndards<\/strong><\/p>\n<p>El Codi estableix els alts est\u00e0ndards de comportament \u00e8tic que s&#039;esperen de tot professor; els Est\u00e0ndards descriuen les expectatives d&#039;una pr\u00e0ctica docent efica\u00e7. En ser nomenat\/da kaiako dins dels jardins d&#039;inf\u00e0ncia de Dunedin, s&#039;espera que sempre s&#039;adhereixi als valors del codi i que compleixi els Est\u00e0ndards per a la Professi\u00f3 Docent.<\/p>\n<p><strong>Requisits espec\u00edfics com a director\/a de professor\/a que:<\/strong><\/p>\n<ul>\n<li>\u00c9s un l\u00edder amb capacitat per relacionar-se amb la diversitat de fam\u00edlies a les quals serveix el parvulari<\/li>\n<\/ul>\n<ul>\n<li>Modela i espera la responsabilitat professional i col\u00b7lectiva pel benestar i l&#039;aprenentatge de tots els infants de l&#039;escola bressol; garantint que l&#039;alegria i l&#039;aprenentatge vagin de la m\u00e0.<\/li>\n<\/ul>\n<ul>\n<li>Com a l\u00edder, fomenta un ambient cooperatiu, fomenta la participaci\u00f3 del personal, celebra els punts forts dels altres i valora el treball en equip.<\/li>\n<li>Mant\u00e9 una perspectiva optimista, inspirant els altres a abra\u00e7ar el canvi i els reptes amb entusiasme.<\/li>\n<\/ul>\n<ul>\n<li>Demostra i lidera amb un comprom\u00eds amb Te Tiriti o Waitangi<\/li>\n<\/ul>\n<ul>\n<li>\u00c9s un l\u00edder pedag\u00f2gic efica\u00e7 per a l&#039;ensenyament, l&#039;aprenentatge i l&#039;avaluaci\u00f3 interna<\/li>\n<li>Implementa i avalua sistemes, processos i pr\u00e0ctiques que promouen la millora cont\u00ednua.<\/li>\n<li>Una voluntat de treballar de manera positiva i sensible en col\u00b7laboraci\u00f3 professional amb el comit\u00e8\/la comunitat m\u00e9s \u00e0mplia de les escoles bressol de Dunedin.<\/li>\n<\/ul>\n<ul>\n<li>Promou proactivament un perfil positiu de l&#039;escola bressol dins de la comunitat.<\/li>\n<\/ul>\n<\/div><div class=\"fusion-clearfix\"><\/div><\/div><\/div><\/div><div class=\"fusion-clearfix\"><\/div><\/div><\/div><div class=\"fusion-layout-column fusion_builder_column fusion-builder-column-6 fusion_builder_column_1_3 1_3 fusion-one-third fusion-column-first\" style=\"margin-top:0px;margin-bottom:0px;\"><div class=\"fusion-column-wrapper fusion-flex-column-wrapper-legacy\" style=\"background-position:left top;background-repeat:no-repeat;-webkit-background-size:cover;-moz-background-size:cover;-o-background-size:cover;background-size:cover;background-color:rgba(255,255,255,0);padding: 100px 14% 100px 14%;\"><div class=\"fusion-builder-row fusion-builder-row-inner fusion-row\"><div class=\"fusion-layout-column fusion_builder_column_inner fusion-builder-nested-column-1 fusion_builder_column_inner_1_1 1_1 fusion-one-full fusion-column-first fusion-column-last\" style=\"margin-top:0px;margin-bottom:0px;\"><div class=\"fusion-column-wrapper fusion-flex-column-wrapper-legacy\" style=\"background-position:left top;background-repeat:no-repeat;-webkit-background-size:cover;-moz-background-size:cover;-o-background-size:cover;background-size:cover;padding: 0px 0px 0px 0px;\"><div class=\"fusion-text fusion-text-4\"><h1>Descripci\u00f3 del lloc de treball<\/h1>\n<p>Per unir-te a nosaltres com a professor, troba tot el que necessites saber aqu\u00ed:<\/p>\n<p><strong><a href=\"https:\/\/dunedinkindergartens.org.nz\/wp-content\/uploads\/2024\/08\/Head-Teacher-POSITION-DESCRIPTION-Aug-2024.pdf\">Descripci\u00f3 del lloc de treball del director\/a<\/a><\/strong><\/p>\n<\/div><div class=\"fusion-clearfix\"><\/div><\/div><\/div><\/div><div class=\"fusion-clearfix\"><\/div><\/div><\/div><div class=\"fusion-layout-column fusion_builder_column fusion-builder-column-7 fusion_builder_column_2_3 2_3 fusion-two-third fusion-column-last\" style=\"margin-top:0px;margin-bottom:0px;\"><div class=\"fusion-column-wrapper fusion-flex-column-wrapper-legacy fusion-empty-dims-bg-image\" style=\"background-image: url(&#039;https:\/\/www.dunedinkindergartens.org.nz\/wp-content\/uploads\/2018\/09\/IMG_3806-Resize-e1537498656638.jpg&#039;);background-position:right center;background-repeat:no-repeat;-webkit-background-size:cover;-moz-background-size:cover;-o-background-size:cover;background-size:cover;padding: 0px 0px 0px 0px;\" data-bg-url=\"https:\/\/www.dunedinkindergartens.org.nz\/wp-content\/uploads\/2018\/09\/IMG_3806-Resize-e1537498656638.jpg\"><div class=\"fusion-sep-clear\"><\/div><div class=\"fusion-separator fusion-full-width-sep\" style=\"margin-left: auto;margin-right: auto;margin-top:200px;width:100%;\"><\/div><div class=\"fusion-sep-clear\"><\/div><div class=\"fusion-clearfix\"><\/div><\/div><\/div><\/div><\/div><\/p>","protected":false},"excerpt":{"rendered":"","protected":false},"author":6,"featured_media":0,"parent":742,"menu_order":0,"comment_status":"closed","ping_status":"closed","template":"100-width.php","meta":{"footnotes":""},"class_list":["post-1681","page","type-page","status-publish","hentry"],"yoast_head":"<!-- This site is optimized with the Yoast SEO plugin v27.2 - https:\/\/yoast.com\/product\/yoast-seo-wordpress\/ -->\n<title>Current Vacancies - Head Teacher Positions - Dunedin Kindergartens<\/title>\n<meta name=\"robots\" content=\"index, follow, max-snippet:-1, max-image-preview:large, max-video-preview:-1\" \/>\n<link rel=\"canonical\" href=\"https:\/\/dunedinkindergartens.org.nz\/ca\/careers-2\/current_vacancies_ht\/\" \/>\n<meta property=\"og:locale\" content=\"ca_ES\" \/>\n<meta property=\"og:type\" content=\"article\" \/>\n<meta property=\"og:title\" content=\"Current Vacancies - Head Teacher Positions - Dunedin Kindergartens\" \/>\n<meta property=\"og:url\" content=\"https:\/\/dunedinkindergartens.org.nz\/ca\/careers-2\/current_vacancies_ht\/\" \/>\n<meta property=\"og:site_name\" content=\"Dunedin Kindergartens\" \/>\n<meta property=\"article:modified_time\" content=\"2025-02-13T20:54:55+00:00\" \/>\n<meta name=\"twitter:card\" content=\"summary_large_image\" \/>\n<meta name=\"twitter:label1\" content=\"Temps estimat de lectura\" \/>\n\t<meta name=\"twitter:data1\" content=\"7 minuts\" \/>\n<script type=\"application\/ld+json\" class=\"yoast-schema-graph\">{\"@context\":\"https:\/\/schema.org\",\"@graph\":[{\"@type\":\"WebPage\",\"@id\":\"https:\/\/dunedinkindergartens.org.nz\/careers-2\/current_vacancies_ht\/\",\"url\":\"https:\/\/dunedinkindergartens.org.nz\/careers-2\/current_vacancies_ht\/\",\"name\":\"Current Vacancies - Head Teacher Positions - Dunedin Kindergartens\",\"isPartOf\":{\"@id\":\"https:\/\/dunedinkindergartens.org.nz\/#website\"},\"datePublished\":\"2019-02-13T08:31:24+00:00\",\"dateModified\":\"2025-02-13T20:54:55+00:00\",\"breadcrumb\":{\"@id\":\"https:\/\/dunedinkindergartens.org.nz\/careers-2\/current_vacancies_ht\/#breadcrumb\"},\"inLanguage\":\"ca\",\"potentialAction\":[{\"@type\":\"ReadAction\",\"target\":[\"https:\/\/dunedinkindergartens.org.nz\/careers-2\/current_vacancies_ht\/\"]}]},{\"@type\":\"BreadcrumbList\",\"@id\":\"https:\/\/dunedinkindergartens.org.nz\/careers-2\/current_vacancies_ht\/#breadcrumb\",\"itemListElement\":[{\"@type\":\"ListItem\",\"position\":1,\"name\":\"Home\",\"item\":\"https:\/\/dunedinkindergartens.org.nz\/\"},{\"@type\":\"ListItem\",\"position\":2,\"name\":\"Careers\",\"item\":\"https:\/\/dunedinkindergartens.org.nz\/careers-2\/\"},{\"@type\":\"ListItem\",\"position\":3,\"name\":\"Current Vacancies &#8211; Head Teacher Positions\"}]},{\"@type\":\"WebSite\",\"@id\":\"https:\/\/dunedinkindergartens.org.nz\/#website\",\"url\":\"https:\/\/dunedinkindergartens.org.nz\/\",\"name\":\"Dunedin Kindergartens\",\"description\":\"Top quality, affordable early childhood education for children 2 \u2013 5 years old.\",\"potentialAction\":[{\"@type\":\"SearchAction\",\"target\":{\"@type\":\"EntryPoint\",\"urlTemplate\":\"https:\/\/dunedinkindergartens.org.nz\/?s={search_term_string}\"},\"query-input\":{\"@type\":\"PropertyValueSpecification\",\"valueRequired\":true,\"valueName\":\"search_term_string\"}}],\"inLanguage\":\"ca\"}]}<\/script>\n<!-- \/ Yoast SEO plugin. -->","yoast_head_json":{"title":"Current Vacancies - Head Teacher Positions - Dunedin Kindergartens","robots":{"index":"index","follow":"follow","max-snippet":"max-snippet:-1","max-image-preview":"max-image-preview:large","max-video-preview":"max-video-preview:-1"},"canonical":"https:\/\/dunedinkindergartens.org.nz\/ca\/careers-2\/current_vacancies_ht\/","og_locale":"ca_ES","og_type":"article","og_title":"Current Vacancies - Head Teacher Positions - Dunedin Kindergartens","og_url":"https:\/\/dunedinkindergartens.org.nz\/ca\/careers-2\/current_vacancies_ht\/","og_site_name":"Dunedin Kindergartens","article_modified_time":"2025-02-13T20:54:55+00:00","twitter_card":"summary_large_image","twitter_misc":{"Temps estimat de lectura":"7 minuts"},"schema":{"@context":"https:\/\/schema.org","@graph":[{"@type":"WebPage","@id":"https:\/\/dunedinkindergartens.org.nz\/careers-2\/current_vacancies_ht\/","url":"https:\/\/dunedinkindergartens.org.nz\/careers-2\/current_vacancies_ht\/","name":"Current Vacancies - Head Teacher Positions - Dunedin Kindergartens","isPartOf":{"@id":"https:\/\/dunedinkindergartens.org.nz\/#website"},"datePublished":"2019-02-13T08:31:24+00:00","dateModified":"2025-02-13T20:54:55+00:00","breadcrumb":{"@id":"https:\/\/dunedinkindergartens.org.nz\/careers-2\/current_vacancies_ht\/#breadcrumb"},"inLanguage":"ca","potentialAction":[{"@type":"ReadAction","target":["https:\/\/dunedinkindergartens.org.nz\/careers-2\/current_vacancies_ht\/"]}]},{"@type":"BreadcrumbList","@id":"https:\/\/dunedinkindergartens.org.nz\/careers-2\/current_vacancies_ht\/#breadcrumb","itemListElement":[{"@type":"ListItem","position":1,"name":"Home","item":"https:\/\/dunedinkindergartens.org.nz\/"},{"@type":"ListItem","position":2,"name":"Careers","item":"https:\/\/dunedinkindergartens.org.nz\/careers-2\/"},{"@type":"ListItem","position":3,"name":"Current Vacancies &#8211; Head Teacher Positions"}]},{"@type":"WebSite","@id":"https:\/\/dunedinkindergartens.org.nz\/#website","url":"https:\/\/dunedinkindergartens.org.nz\/","name":"Escoles bressol de Dunedin","description":"Educaci\u00f3 infantil assequible i de primera qualitat per a nens de 2 a 5 anys.","potentialAction":[{"@type":"SearchAction","target":{"@type":"EntryPoint","urlTemplate":"https:\/\/dunedinkindergartens.org.nz\/?s={search_term_string}"},"query-input":{"@type":"PropertyValueSpecification","valueRequired":true,"valueName":"search_term_string"}}],"inLanguage":"ca"}]}},"_links":{"self":[{"href":"https:\/\/dunedinkindergartens.org.nz\/ca\/wp-json\/wp\/v2\/pages\/1681","targetHints":{"allow":["GET"]}}],"collection":[{"href":"https:\/\/dunedinkindergartens.org.nz\/ca\/wp-json\/wp\/v2\/pages"}],"about":[{"href":"https:\/\/dunedinkindergartens.org.nz\/ca\/wp-json\/wp\/v2\/types\/page"}],"author":[{"embeddable":true,"href":"https:\/\/dunedinkindergartens.org.nz\/ca\/wp-json\/wp\/v2\/users\/6"}],"replies":[{"embeddable":true,"href":"https:\/\/dunedinkindergartens.org.nz\/ca\/wp-json\/wp\/v2\/comments?post=1681"}],"version-history":[{"count":45,"href":"https:\/\/dunedinkindergartens.org.nz\/ca\/wp-json\/wp\/v2\/pages\/1681\/revisions"}],"predecessor-version":[{"id":2664,"href":"https:\/\/dunedinkindergartens.org.nz\/ca\/wp-json\/wp\/v2\/pages\/1681\/revisions\/2664"}],"up":[{"embeddable":true,"href":"https:\/\/dunedinkindergartens.org.nz\/ca\/wp-json\/wp\/v2\/pages\/742"}],"wp:attachment":[{"href":"https:\/\/dunedinkindergartens.org.nz\/ca\/wp-json\/wp\/v2\/media?parent=1681"}],"curies":[{"name":"wp","href":"https:\/\/api.w.org\/{rel}","templated":true}]}}